{"id":1091,"date":"2022-09-30T10:24:42","date_gmt":"2022-09-30T08:24:42","guid":{"rendered":"https:\/\/davolawoffices.com\/politica-de-confidentialitate\/"},"modified":"2024-08-14T12:42:29","modified_gmt":"2024-08-14T10:42:29","slug":"politica-de-confidentialitate","status":"publish","type":"page","link":"https:\/\/davolawoffices.com\/ro\/politica-de-confidentialitate\/","title":{"rendered":"Politica de confiden\u021bialitate"},"content":{"rendered":"<section class=\"l-section wpb_row height_medium\"><div class=\"l-section-h i-cf\"><div class=\"g-cols vc_row via_flex valign_top type_default stacking_default\"><div class=\"vc_col-sm-12 wpb_column vc_column_container\"><div class=\"vc_column-inner\"><div class=\"wpb_wrapper\">[vc_custom_heading text=&#8221;Politica de confiden\u021bialitate&#8221; font_container=&#8221;tag:h1|text_align:left&#8221; use_theme_fonts=&#8221;yes&#8221;]<div class=\"wpb_text_column\"><div class=\"wpb_wrapper\"><p>\u00cen conformitate cu reglement\u0103rile \u00een vigoare privind protec\u021bia datelor cu caracter personal, \u00een special Regulamentul (UE) 2016\/679 al Parlamentului European \u0219i al Consiliului din 27 aprilie 2016 privind protec\u021bia persoanelor fizice \u00een ceea ce prive\u0219te prelucrarea datelor cu caracter personal \u0219i privind libera circula\u021bie a acestor date (GDPR) \u0219i Legea organic\u0103 3\/2018, din 5 decembrie, privind protec\u021bia datelor cu caracter personal \u0219i garantarea drepturilor digitale (LOPD), Prestatorul informeaz\u0103 Utilizatorii c\u0103 datele cu caracter personal ob\u021binute prin intermediul Site-ului sunt prelucrate de DAVO &amp; ASOCIADOS ABOGADOS, S.L.P. \u00een calitate de Operator de date.<br \/>\nV\u0103 rug\u0103m s\u0103 citi\u021bi cu aten\u021bie ace\u0219ti termeni \u00eenainte de a accesa \u0219i utiliza Site-ul, precum \u0219i \u00eenainte de a furniza datele dumneavoastr\u0103 cu caracter personal prin intermediul site-ului.<br \/>\n1.- Cine este responsabil pentru prelucrarea datelor cu caracter personal?<br \/>\nEste entitatea care decide cu privire la scopul, con\u021binutul \u0219i utilizarea datelor: DAVO &amp; ASOCIADOS ABOGADOS, S.L.P., cu CIF B 93594810, cu sediul \u00een C\/ Pirandello n\u00ba 16, etajul 6, Biroul 1, CP 29010, Teatinos, M\u00e1laga, \u00eenregistrat\u0103 \u00een Registrul Comer\u021bului din M\u00e1laga la 22 februarie 2018, \u00een volumul 5704, folio 1, pagina MA-143830.<br \/>\nTelefon: (34) 952 064 781 Email: <a rel=\"noreferrer\">office@davolawoffices.com<\/a> 2.- Ce tip de date sunt prelucrate?      <\/p>\n<ul>\n<li>Informa\u021bii ob\u021binute automat.<\/li>\n<\/ul>\n<p>  Atunci c\u00e2nd utilizatorul acceseaz\u0103 site-ul web, operatorul ob\u021bine informa\u021bii despre adresa sa IP \u0219i alte date de navigare.<br \/>\n\u00cen plus, atunci c\u00e2nd utilizatorul utilizeaz\u0103 aplica\u021bia de chat, se ob\u021bin date tehnice despre dispozitivele, re\u021beaua \u0219i conexiunea la internet ale acestuia.   <\/p>\n<ul>\n<li>Informa\u021bii furnizate de utilizator.<\/li>\n<\/ul>\n<p>  Atunci c\u00e2nd utilizatorul completeaz\u0103 formularul de contact sau scrie prin chat pentru solicit\u0103ri, \u00eentreb\u0103ri sau cereri de informa\u021bii, sunt solicitate date de identificare (nume) \u0219i date de contact (e-mail \u0219i telefon).<br \/>\nDatele solicitate sunt necesare \u0219i minimul esen\u021bial pentru a r\u0103spunde solicit\u0103rii Utilizatorului.<br \/>\n\u00cen plus, \u00een astfel de cazuri, utilizatorul poate furniza alte date cu caracter personal incluse \u00een textul formularului, \u00een textul aplica\u021biei de chat sau \u00een timpul unei conferin\u021be sau videoconferin\u021be \u00een aplica\u021bia de chat.<br \/>\n\u00cen acest din urm\u0103 caz, utilizatorul este informat c\u0103 vocea sa \u0219i, dac\u0103 este cazul, imaginea sa vor fi prelucrate.<br \/>\nDatele de mai sus \u0219i orice alte date suplimentare pe care utilizatorul le furnizeaz\u0103 prin aceste mijloace au fost furnizate \u00een mod voluntar \u0219i vor fi prelucrate exclusiv \u00een scopul solicitat de utilizator.<br \/>\nUtilizatorul se angajeaz\u0103 s\u0103 furnizeze informa\u021bii veridice cu privire la datele solicitate prin intermediul site-ului web \u0219i s\u0103 le men\u021bin\u0103 actualizate \u00een orice moment.<br \/>\nUtilizatorul nu va furniza date cu caracter personal ale ter\u021bilor.<br \/>\n\u00cen cazul \u00een care Utilizatorul trebuie s\u0103 furnizeze date cu caracter personal ale ter\u021bilor, acesta garanteaz\u0103 c\u0103 este autorizat legal s\u0103 fac\u0103 acest lucru, a informat ter\u021bul cu privire la transferul de date \u0219i se angajeaz\u0103 s\u0103 \u00eei furnizeze prezenta Politic\u0103 de confiden\u021bialitate.<br \/>\n\u00cen acest caz, Utilizatorul va fi singurul responsabil pentru \u00eendeplinirea acestor obliga\u021bii.<br \/>\n3.- Care este scopul prelucr\u0103rii \u0219i temeiul legitim al acesteia?<br \/>\nPe baza interesului legitim al operatorului, vom utiliza datele pentru a<br \/>\n(i) s\u0103 r\u0103spundem solicit\u0103rilor, \u00eentreb\u0103rilor sau cererilor dumneavoastr\u0103 de informa\u021bii,<br \/>\n(ii) s\u0103 gestion\u0103m utilizarea \u0219i interac\u021biunea utilizatorului cu site-ul web \u0219i aplica\u021biile sale \u0219i<br \/>\n(iii) s\u0103 analiz\u0103m \u0219i s\u0103 \u00een\u021belegem utilizarea site-ului pentru a \u00eembun\u0103t\u0103\u021bi serviciul \u0219i a dezvolta noi produse, servicii \u0219i func\u021bionalit\u0103\u021bi pentru a satisface mai bine utilizatorul.<br \/>\nInteresul legitim al operatorului const\u0103 \u00een satisfacerea corespunz\u0103toare a nevoilor utilizatorului \u00een orice moment.<br \/>\n\u00cen plus, datele cu caracter personal furnizate de Utilizator pot fi prelucrate pe baza \u00eendeplinirii m\u0103surilor precontractuale \u0219i\/sau contractuale.<br \/>\nc) Numai cu acordul expres al Utilizatorului vor fi \u00eenregistrate conversa\u021biile de chat.<br \/>\n4.- Destinatarii datelor.<br \/>\nPrin furnizarea datelor sale, Utilizatorul autorizeaz\u0103 ca datele sale cu caracter personal s\u0103 fie prelucrate de c\u0103tre colaboratorii operatorului \u0219i de c\u0103tre ter\u021bii care presteaz\u0103 servicii \u00een calitate de operatori de date.<br \/>\n\u00cen special, datele Utilizatorului pot fi prelucrate de alte societ\u0103\u021bi din acela\u0219i grup, cum ar fi SCA Davo &amp; Asocia\u021bii, responsabil\u0103 pentru furnizarea serviciilor DAVO LAW OFFICES \u00een Rom\u00e2nia.<br \/>\n\u00cen mod similar, datele vor fi prelucrate de Consolto Sites Ltd, entitatea responsabil\u0103 pentru aplica\u021bia Chat instalat\u0103 pe Site, exclusiv \u00een scopul furniz\u0103rii serviciilor necesare pentru func\u021bionalitatea aplica\u021biei.<br \/>\nPentru mai multe informa\u021bii, pute\u021bi consulta politica lor de confiden\u021bialitate la urm\u0103torul link: <a href=\"https:\/\/www.consolto.com\/legal\/privacy\" target=\"_new\" rel=\"noreferrer noopener\">https:\/\/www.consolto.com\/legal\/privacy.<\/a><br \/>\nDe asemenea, lucr\u0103m cu al\u021bi colaboratori ter\u021bi, responsabili pentru furnizarea diferitelor servicii legate de Site (g\u0103zduire, dezvoltare \u0219i \u00eentre\u021binere web, analiz\u0103 web \u0219i altele), care, ca urmare a rela\u021biei contractuale cu operatorul, pot avea acces la datele cu caracter personal ale utilizatorului.<br \/>\n5.- Vor fi efectuate transferuri interna\u021bionale de date?                        Operatorul informeaz\u0103 c\u0103 nu inten\u021bioneaz\u0103 s\u0103 transfere datele cu caracter personal ale utilizatorului c\u0103tre p\u0103r\u021bi ter\u021be situate \u00een afara Uniunii Europene sau c\u0103tre vreo organiza\u021bie interna\u021bional\u0103.<br \/>\nCu toate acestea, acesta este informat c\u0103 furnizorul de servicii de chat, Consolto Sites Ltd, poate prelucra datele dumneavoastr\u0103 din \u021b\u0103ri din afara Uniunii Europene.<br \/>\nConsolto Sites Ltd garanteaz\u0103 respectarea m\u0103surilor stabilite de reglement\u0103rile Uniunii Europene pentru protec\u021bia adecvat\u0103 a datelor personale ale utilizatorilor europeni.<br \/>\nPentru mai multe informa\u021bii, pute\u021bi consulta politica lor de confiden\u021bialitate la urm\u0103torul link: <a href=\"https:\/\/www.consolto.com\/legal\/privacy\" target=\"_new\" rel=\"noreferrer noopener\">https:\/\/www.consolto.com\/legal\/privacy.<\/a><br \/>\n\u00cen plus, \u00een cazul interven\u021biei unor colaboratori ter\u021bi, independen\u021bi de operator, cum ar fi Google \u0219i Consolto Sites Ltd, v\u0103 inform\u0103m cu privire la posibilitatea ca ace\u0219tia s\u0103 efectueze transferuri interna\u021bionale de date.<br \/>\n6.- Vor fi luate decizii automatizate cu datele cu caracter personal furnizate?<br \/>\nOperatorul nu va lua decizii automatizate cu datele utilizatorului, inclusiv crearea de profiluri, care produc efecte juridice asupra utilizatorului sau care \u00eel afecteaz\u0103 \u00een mod semnificativ.<br \/>\n7.- C\u00e2t timp vor fi p\u0103strate datele cu caracter personal?<br \/>\nDatele vor fi p\u0103strate at\u00e2t timp c\u00e2t este necesar pentru diferitele scopuri men\u021bionate.<br \/>\nAceste date vor fi \u0219terse odat\u0103 ce nu mai sunt necesare, f\u0103r\u0103 a aduce atingere p\u0103str\u0103rii lor pentru perioada necesar\u0103 pentru a face fa\u021b\u0103 eventualelor r\u0103spunderi ale operatorului, fiind \u00eentre timp blocate \u00een mod corespunz\u0103tor.<br \/>\n8.- Ce drepturi are utilizatorul?<br \/>\nUtilizatorul are drepturi de acces, rectificare, \u0219tergere, limitare a prelucr\u0103rii, opozi\u021bie \u0219i portabilitate, ceea ce \u00eenseamn\u0103 c\u0103 poate solicita oric\u00e2nd operatorului urm\u0103toarele<br \/>\na) Pentru a avea acces la datele cu caracter personal prelucrate de operator, precum \u0219i la informa\u021biile referitoare la acestea (scopuri, categoria de date, destinatari, perioada de p\u0103strare etc.),<br \/>\nb) Pentru a rectifica orice date cu caracter personal inexacte sau incomplete,<br \/>\nc) De a \u0219terge datele cu caracter personal care \u00eei privesc, atunci c\u00e2nd sunt \u00eendeplinite anumite cauze, printre care: datele nu mai sunt necesare pentru scop, \u0219i-au retras consim\u021b\u0103m\u00e2ntul, s-au opus prelucr\u0103rii sau consider\u0103 c\u0103 operatorul le prelucreaz\u0103 datele \u00een mod ilegal,<br \/>\nd) S\u0103 limiteze permanent sau temporar prelucrarea datelor, \u00een anumite cazuri, inclusiv: deoarece consider\u0103 c\u0103 operatorul le prelucreaz\u0103 datele \u00een mod ilegal, \u00een cazurile de contestare a exactit\u0103\u021bii \u00een timp ce se verific\u0103 exactitatea, de opozi\u021bie la prelucrare \u00een timp ce se verific\u0103 motivele legitime ale operatorului, precum \u0219i \u00een cazurile \u00een care operatorul nu mai are nevoie s\u0103 prelucreze datele \u00een scopul prev\u0103zut, dar persoana vizat\u0103 are nevoie de acestea pentru formularea, exercitarea sau ap\u0103rarea unor preten\u021bii,<br \/>\ne) De a nu efectua activit\u0103\u021bi de prelucrare a datelor cu caracter personal, \u00een anumite cazuri, inclusiv: din motive legate de situa\u021bia particular\u0103 a persoanei vizate, \u00een cazurile \u00een care temeiul juridic al prelucr\u0103rii este interesul public sau satisfacerea intereselor operatorului sau ale ter\u021bilor, atunci c\u00e2nd scopul prelucr\u0103rii este marketingul direct, cercetarea \u0219tiin\u021bific\u0103 sau istoric\u0103 sau scopuri statistice,<br \/>\nf) \u00een cazurile \u00een care prelucrarea se bazeaz\u0103 pe consim\u021b\u0103m\u00e2nt sau pe un contract \u0219i este efectuat\u0103 prin mijloace automatizate, ace\u0219tia au dreptul de a ob\u021bine datele cu caracter personal care \u00eei privesc \u0219i care au fost furnizate de persoana vizat\u0103, \u00eentr-un format structurat, utilizat \u00een mod obi\u0219nuit, lizibil automat \u0219i interoperabil.                  De asemenea, v\u0103 inform\u0103m c\u0103 ave\u021bi dreptul de a v\u0103 retrage consim\u021b\u0103m\u00e2ntul cu privire la prelucrarea datelor cu caracter personal, f\u0103r\u0103 a afecta legalitatea prelucr\u0103rii bazate pe consim\u021b\u0103m\u00e2ntul anterior retragerii acestuia.<br \/>\n9.- Cum v\u0103 pute\u021bi exercita drepturile de mai sus?<br \/>\nTrimite\u021bi un e-mail sau o scrisoare operatorului la adresele men\u021bionate \u00een sec\u021biunea 1, indic\u00e2nd dreptul pe care dori\u021bi s\u0103 \u00eel exercita\u021bi \u0219i anex\u00e2nd o copie a documentului dumneavoastr\u0103 de identificare.<br \/>\nPute\u021bi solicita operatorului s\u0103 v\u0103 pun\u0103 la dispozi\u021bie un formular pentru completare.<br \/>\nToate acestea f\u0103r\u0103 a aduce atingere dreptului pe care \u00eel ave\u021bi de a depune o pl\u00e2ngere la Agen\u021bia spaniol\u0103 pentru protec\u021bia datelor, fie prin intermediul sediului s\u0103u electronic, fie la adresa acesteia, Calle Jorge Juan, 6, 28001, Madrid.<br \/>\nPute\u021bi ob\u021bine mai multe informa\u021bii despre drepturile dumneavoastr\u0103 la adresa <a href=\"http:\/\/www.aepd.es\" target=\"_new\" rel=\"noreferrer noopener\">www.aepd.es,<\/a> \u00een sec\u021biunea &#8222;Cunoa\u0219te\u021bi-v\u0103 drepturile&#8221;.<br \/>\n10.- Cookie-uri \u0219i tehnologii similare.<br \/>\nPentru colectarea automat\u0103 a datelor \u0219i, astfel, pentru a v\u0103 oferi o experien\u021b\u0103 \u0219i servicii mai bune \u00een func\u021bie de navigarea dumneavoastr\u0103, utiliz\u0103m diverse tehnici, cum ar fi cookie-urile, at\u00e2t proprii, c\u00e2t \u0219i ale ter\u021bilor.<br \/>\nDac\u0103 dori\u021bi informa\u021bii detaliate despre modul \u00een care folosim cookie-urile sau cum s\u0103 le dezactiva\u021bi, v\u0103 rug\u0103m s\u0103 consulta\u021bi Politica privind cookie-urile.<br \/>\n11.- Accesul la serviciile ter\u021bilor.<br \/>\nPrezenta politic\u0103 de confiden\u021bialitate nu se aplic\u0103 site-urilor, serviciilor sau aplica\u021biilor ter\u021bilor.<br \/>\nAccesul \u0219i utilizarea con\u021binutului \u0219i serviciilor furnizate de ter\u021bi care pot fi accesate prin intermediul acestui site web vor face obiectul politicilor de confiden\u021bialitate \u0219i cookie ale acestora, pe care trebuie s\u0103 le citi\u021bi \u0219i s\u0103 le accepta\u021bi, dup\u0103 caz.<br \/>\nPute\u021bi consulta politicile de confiden\u021bialitate ale ter\u021bilor aici: <a href=\"https:\/\/www.consolto.com\/privacy\" target=\"_new\" rel=\"noreferrer noopener\">https:\/\/www.consolto.com\/privacy<\/a> <a href=\"https:\/\/policies.google.com\/privacy?hl=es\" target=\"_new\" rel=\"noreferrer noopener\">https:\/\/policies.google.com\/privacy?hl=es<\/a> <a href=\"https:\/\/es-es.facebook.com\/privacy\/explanation\/\" target=\"_new\" rel=\"noreferrer noopener\">https:\/\/es-es.facebook.com\/privacy\/explanation\/<\/a> 12.- M\u0103suri tehnice \u0219i organizatorice.<br \/>\nV\u0103 inform\u0103m c\u0103 operatorul se angajeaz\u0103 s\u0103 adopte m\u0103surile tehnice \u0219i organizatorice adecvate care s\u0103 garanteze respectarea reglement\u0103rilor aplicabile, \u0219i astfel securitatea prelucr\u0103rii \u0219i aplicarea efectiv\u0103 a principiilor de protec\u021bie a datelor, asigur\u00e2nd drepturile \u0219i libert\u0103\u021bile Utilizatorului.<br \/>\n13.- Modific\u0103ri.<br \/>\nOperatorul \u00ee\u0219i rezerv\u0103 dreptul de a modifica prezenta Politic\u0103 de confiden\u021bialitate pentru a o adapta la evolu\u021biile legislative, jurispruden\u021biale \u0219i ale practicilor din industrie.               <\/p>\n<\/div><\/div><\/div><\/div><\/div><\/div><\/div><\/section>\n","protected":false},"excerpt":{"rendered":"[vc_custom_heading text=\"Politica de confiden\u021bialitate\" font_container=\"tag:h1|text_align:left\" use_theme_fonts=\"yes\"]\u00cen conformitate cu reglement\u0103rile \u00een vigoare privind protec\u021bia datelor cu caracter personal, \u00een special Regulamentul (UE) 2016\/679 al Parlamentului European \u0219i al Consiliului din 27 aprilie 2016 privind protec\u021bia persoanelor fizice \u00een ceea ce prive\u0219te prelucrarea datelor cu caracter personal \u0219i privind libera circula\u021bie a acestor date (GDPR) \u0219i Legea...","protected":false},"author":1,"featured_media":0,"parent":0,"menu_order":0,"comment_status":"closed","ping_status":"open","template":"","meta":{"_acf_changed":false,"inline_featured_image":false,"footnotes":""},"class_list":["post-1091","page","type-page","status-publish","hentry"],"acf":[],"yoast_head":"<!-- This site is optimized with the Yoast SEO plugin v25.6 - https:\/\/yoast.com\/wordpress\/plugins\/seo\/ -->\n<title>Politica de confiden\u021bialitate - Dav\u00f3 Law Offices<\/title>\n<meta name=\"robots\" content=\"noindex, follow\" \/>\n<meta property=\"og:locale\" content=\"ro_RO\" \/>\n<meta property=\"og:type\" content=\"article\" \/>\n<meta property=\"og:title\" content=\"Politica de confiden\u021bialitate - Dav\u00f3 Law Offices\" \/>\n<meta property=\"og:url\" content=\"https:\/\/davolawoffices.com\/ro\/politica-de-confidentialitate\/\" \/>\n<meta property=\"og:site_name\" content=\"Dav\u00f3 Law Offices\" \/>\n<meta property=\"article:modified_time\" content=\"2024-08-14T10:42:29+00:00\" \/>\n<meta name=\"twitter:card\" content=\"summary_large_image\" \/>\n<meta name=\"twitter:label1\" content=\"Timp estimat pentru citire\" \/>\n\t<meta name=\"twitter:data1\" content=\"9 minute\" \/>\n<script type=\"application\/ld+json\" class=\"yoast-schema-graph\">{\"@context\":\"https:\/\/schema.org\",\"@graph\":[{\"@type\":\"WebPage\",\"@id\":\"https:\/\/davolawoffices.com\/ro\/politica-de-confidentialitate\/\",\"url\":\"https:\/\/davolawoffices.com\/ro\/politica-de-confidentialitate\/\",\"name\":\"Politica de confiden\u021bialitate - Dav\u00f3 Law Offices\",\"isPartOf\":{\"@id\":\"https:\/\/davolawoffices.com\/ro\/#website\"},\"datePublished\":\"2022-09-30T08:24:42+00:00\",\"dateModified\":\"2024-08-14T10:42:29+00:00\",\"breadcrumb\":{\"@id\":\"https:\/\/davolawoffices.com\/ro\/politica-de-confidentialitate\/#breadcrumb\"},\"inLanguage\":\"ro-RO\",\"potentialAction\":[{\"@type\":\"ReadAction\",\"target\":[\"https:\/\/davolawoffices.com\/ro\/politica-de-confidentialitate\/\"]}]},{\"@type\":\"BreadcrumbList\",\"@id\":\"https:\/\/davolawoffices.com\/ro\/politica-de-confidentialitate\/#breadcrumb\",\"itemListElement\":[{\"@type\":\"ListItem\",\"position\":1,\"name\":\"Portada\",\"item\":\"https:\/\/davolawoffices.com\/ro\/\"},{\"@type\":\"ListItem\",\"position\":2,\"name\":\"Politica de confiden\u021bialitate\"}]},{\"@type\":\"WebSite\",\"@id\":\"https:\/\/davolawoffices.com\/ro\/#website\",\"url\":\"https:\/\/davolawoffices.com\/ro\/\",\"name\":\"Dav\u00f3 Law Offices\",\"description\":\"\",\"publisher\":{\"@id\":\"https:\/\/davolawoffices.com\/ro\/#organization\"},\"potentialAction\":[{\"@type\":\"SearchAction\",\"target\":{\"@type\":\"EntryPoint\",\"urlTemplate\":\"https:\/\/davolawoffices.com\/ro\/?s={search_term_string}\"},\"query-input\":{\"@type\":\"PropertyValueSpecification\",\"valueRequired\":true,\"valueName\":\"search_term_string\"}}],\"inLanguage\":\"ro-RO\"},{\"@type\":\"Organization\",\"@id\":\"https:\/\/davolawoffices.com\/ro\/#organization\",\"name\":\"Dav\u00f3 Law Offices\",\"url\":\"https:\/\/davolawoffices.com\/ro\/\",\"logo\":{\"@type\":\"ImageObject\",\"inLanguage\":\"ro-RO\",\"@id\":\"https:\/\/davolawoffices.com\/ro\/#\/schema\/logo\/image\/\",\"url\":\"https:\/\/davolawoffices.com\/wp-content\/uploads\/2026\/02\/Davo-Law-Office.webp\",\"contentUrl\":\"https:\/\/davolawoffices.com\/wp-content\/uploads\/2026\/02\/Davo-Law-Office.webp\",\"width\":238,\"height\":102,\"caption\":\"Dav\u00f3 Law Offices\"},\"image\":{\"@id\":\"https:\/\/davolawoffices.com\/ro\/#\/schema\/logo\/image\/\"}}]}<\/script>\n<!-- \/ Yoast SEO plugin. -->","yoast_head_json":{"title":"Politica de confiden\u021bialitate - Dav\u00f3 Law Offices","robots":{"index":"noindex","follow":"follow"},"og_locale":"ro_RO","og_type":"article","og_title":"Politica de confiden\u021bialitate - Dav\u00f3 Law Offices","og_url":"https:\/\/davolawoffices.com\/ro\/politica-de-confidentialitate\/","og_site_name":"Dav\u00f3 Law Offices","article_modified_time":"2024-08-14T10:42:29+00:00","twitter_card":"summary_large_image","twitter_misc":{"Timp estimat pentru citire":"9 minute"},"schema":{"@context":"https:\/\/schema.org","@graph":[{"@type":"WebPage","@id":"https:\/\/davolawoffices.com\/ro\/politica-de-confidentialitate\/","url":"https:\/\/davolawoffices.com\/ro\/politica-de-confidentialitate\/","name":"Politica de confiden\u021bialitate - Dav\u00f3 Law Offices","isPartOf":{"@id":"https:\/\/davolawoffices.com\/ro\/#website"},"datePublished":"2022-09-30T08:24:42+00:00","dateModified":"2024-08-14T10:42:29+00:00","breadcrumb":{"@id":"https:\/\/davolawoffices.com\/ro\/politica-de-confidentialitate\/#breadcrumb"},"inLanguage":"ro-RO","potentialAction":[{"@type":"ReadAction","target":["https:\/\/davolawoffices.com\/ro\/politica-de-confidentialitate\/"]}]},{"@type":"BreadcrumbList","@id":"https:\/\/davolawoffices.com\/ro\/politica-de-confidentialitate\/#breadcrumb","itemListElement":[{"@type":"ListItem","position":1,"name":"Portada","item":"https:\/\/davolawoffices.com\/ro\/"},{"@type":"ListItem","position":2,"name":"Politica de confiden\u021bialitate"}]},{"@type":"WebSite","@id":"https:\/\/davolawoffices.com\/ro\/#website","url":"https:\/\/davolawoffices.com\/ro\/","name":"Dav\u00f3 Law Offices","description":"","publisher":{"@id":"https:\/\/davolawoffices.com\/ro\/#organization"},"potentialAction":[{"@type":"SearchAction","target":{"@type":"EntryPoint","urlTemplate":"https:\/\/davolawoffices.com\/ro\/?s={search_term_string}"},"query-input":{"@type":"PropertyValueSpecification","valueRequired":true,"valueName":"search_term_string"}}],"inLanguage":"ro-RO"},{"@type":"Organization","@id":"https:\/\/davolawoffices.com\/ro\/#organization","name":"Dav\u00f3 Law Offices","url":"https:\/\/davolawoffices.com\/ro\/","logo":{"@type":"ImageObject","inLanguage":"ro-RO","@id":"https:\/\/davolawoffices.com\/ro\/#\/schema\/logo\/image\/","url":"https:\/\/davolawoffices.com\/wp-content\/uploads\/2026\/02\/Davo-Law-Office.webp","contentUrl":"https:\/\/davolawoffices.com\/wp-content\/uploads\/2026\/02\/Davo-Law-Office.webp","width":238,"height":102,"caption":"Dav\u00f3 Law Offices"},"image":{"@id":"https:\/\/davolawoffices.com\/ro\/#\/schema\/logo\/image\/"}}]}},"_links":{"self":[{"href":"https:\/\/davolawoffices.com\/ro\/wp-json\/wp\/v2\/pages\/1091","targetHints":{"allow":["GET"]}}],"collection":[{"href":"https:\/\/davolawoffices.com\/ro\/wp-json\/wp\/v2\/pages"}],"about":[{"href":"https:\/\/davolawoffices.com\/ro\/wp-json\/wp\/v2\/types\/page"}],"author":[{"embeddable":true,"href":"https:\/\/davolawoffices.com\/ro\/wp-json\/wp\/v2\/users\/1"}],"replies":[{"embeddable":true,"href":"https:\/\/davolawoffices.com\/ro\/wp-json\/wp\/v2\/comments?post=1091"}],"version-history":[{"count":5,"href":"https:\/\/davolawoffices.com\/ro\/wp-json\/wp\/v2\/pages\/1091\/revisions"}],"predecessor-version":[{"id":1458,"href":"https:\/\/davolawoffices.com\/ro\/wp-json\/wp\/v2\/pages\/1091\/revisions\/1458"}],"wp:attachment":[{"href":"https:\/\/davolawoffices.com\/ro\/wp-json\/wp\/v2\/media?parent=1091"}],"curies":[{"name":"wp","href":"https:\/\/api.w.org\/{rel}","templated":true}]}}