{"id":1081,"date":"2022-09-30T13:44:00","date_gmt":"2022-09-30T11:44:00","guid":{"rendered":"https:\/\/davolawoffices.com\/nota-juridica\/"},"modified":"2024-08-14T12:42:23","modified_gmt":"2024-08-14T10:42:23","slug":"nota-juridica","status":"publish","type":"page","link":"https:\/\/davolawoffices.com\/ro\/nota-juridica\/","title":{"rendered":"Not\u0103 juridic\u0103"},"content":{"rendered":"<section class=\"l-section wpb_row height_medium\"><div class=\"l-section-h i-cf\"><div class=\"g-cols vc_row via_flex valign_top type_default stacking_default\"><div class=\"vc_col-sm-12 wpb_column vc_column_container\"><div class=\"vc_column-inner\"><div class=\"wpb_wrapper\">[vc_custom_heading text=&#8221;Not\u0103 juridic\u0103&#8221; font_container=&#8221;tag:h1|text_align:left&#8221; use_theme_fonts=&#8221;yes&#8221;]<div class=\"wpb_text_column\"><div class=\"wpb_wrapper\"><p>Informa\u021bii generale \u00cen conformitate cu dispozi\u021biile Legii 34\/2002 privind serviciile societ\u0103\u021bii informa\u021bionale \u0219i comer\u021bul electronic din 11 iulie 2002 (denumit\u0103 \u00een continuare &#8222;LSSICE&#8221;), se declar\u0103 c\u0103 site-ul web identificat prin adresa www.davolawoffices.com (denumit \u00een continuare &#8222;site-ul web&#8221;), este gestionat de DAVO &amp; ASOCIADOS ABOGADOS, S.L.P., cu CIF B 93594810, cu sediul social \u00een C\/ Pirandello n\u00ba 16, etajul 6, Office 1, CP 29010, Teatinos, M\u00e1laga, \u00eenregistrat\u0103 \u00een Registrul Comer\u021bului din M\u00e1laga la data de 22 februarie 2018, \u00een volumul 5704, pagina 1, foaia MA-143830 (denumit\u0103 \u00een continuare &#8222;Prestatorul&#8221;).<br \/>\nDatele de contact ale prestatorului sunt urm\u0103toarele: Tel: (34) 952 064 781 Email: office@davolawoffices.com Utilizarea acestei publica\u021bii digitale \u0219i a con\u021binutului acesteia este supus\u0103 condi\u021biilor prezentei notific\u0103ri legale specificate mai jos.<br \/>\n1. SCOPUL \u0218I DOMENIUL DE APLICARE A TERMENILOR DE UTILIZARE A SITE-ULUI Acest site a fost conceput pentru a-i informa pe cei care navigheaz\u0103 pe site (denumi\u021bi \u00een continuare &#8222;utilizatori&#8221;) cu privire la serviciile oferite de DAV\u00d3 LAW OFFICES.<br \/>\n\u00cen plus, prin intermediul formularului de contact \u0219i al chat-ului, utilizatorul poate contacta Prestatorul pentru a solicita informa\u021bii suplimentare care nu sunt publicate pe Site, pentru a face solicit\u0103ri sau pentru a face orice alt\u0103 cerere.<br \/>\nAce\u0219ti Termeni au rolul de a reglementa accesul utilizatorului prin intermediul Site-ului la con\u021binutul de\u021binut de Prestator.<br \/>\n2. ACCEPTARE Utilizarea acestui site implic\u0103 acceptarea integral\u0103 a tuturor condi\u021biilor prev\u0103zute \u00een prezenta Not\u0103 legal\u0103, inclusiv a Termenilor de utilizare a site-ului.<br \/>\nPrin urmare, dumneavoastr\u0103, \u00een calitate de Utilizator, trebuie s\u0103 citi\u021bi \u0219i s\u0103 cunoa\u0219te\u021bi con\u021binutul prezentei Notific\u0103ri legale, \u00een versiunea publicat\u0103 de Prestator la momentul acces\u0103rii Site-ului.<br \/>\nUnele servicii ale acestui Site, datorit\u0103 caracteristicilor lor particulare, pot fi supuse condi\u021biilor lor specifice, care trebuie, de asemenea, acceptate.<br \/>\nPrestatorul poate modifica aceste condi\u021bii ori de c\u00e2te ori exist\u0103 o cauz\u0103 sau un motiv suficient, astfel \u00eenc\u00e2t acestea trebuie citite frecvent.<br \/>\n\u00cen caz contrar, v\u0103 rug\u0103m s\u0103 v\u0103 ab\u021bine\u021bi de la utilizarea Site-ului.<br \/>\n3. TERMENII DE UTILIZARE A SITE-ULUI Accesul \u0219i utilizarea Site-ului Prestatorului, precum \u0219i a elementelor con\u021binute \u00een acesta, sunt libere \u0219i gratuite.<br \/>\nToate informa\u021biile furnizate de c\u0103tre Utilizator prin intermediul site-ului sunt f\u0103cute \u00een temeiul deciziei lor libere.<br \/>\nSimplul acces la Site nu implic\u0103 stabilirea niciunui tip de rela\u021bie comercial\u0103 \u00eentre Prestator \u0219i Utilizator, cu excep\u021bia cazului \u00een care au fost stabilite mijloacele adecvate \u00een acest scop \u0219i Utilizatorul a \u00eendeplinit cerin\u021bele care pot fi stabilite.<br \/>\nUtilizatorul se oblig\u0103 s\u0103 utilizeze serviciile \u0219i con\u021binutul Site-ului \u00een mod corespunz\u0103tor \u0219i \u00een conformitate cu Legea \u0219i cu prezentele Condi\u021bii.<br \/>\nUtilizatorul va fi r\u0103spunz\u0103tor pentru orice daune care pot fi cauzate ca urmare a \u00eenc\u0103lc\u0103rii obliga\u021biilor sale.<br \/>\n\u00cen general \u0219i cu titlu de exemplu, utilizatorul se angajeaz\u0103 s\u0103: S\u0103 nu utilizeze serviciile \u0219i con\u021binutul furnizate de Prestator \u00een scopuri ilicite sau \u00een alte scopuri dec\u00e2t cele pentru care au fost furnizate.<br \/>\nS\u0103 se ab\u021bin\u0103 de la introducerea sau difuzarea de con\u021binut, sau de la efectuarea de acte, care sunt \u00eempotriva drepturilor omului, drepturilor fundamentale \u0219i libert\u0103\u021bilor publice recunoscute constitu\u021bional.<br \/>\nS\u0103 nu reproduce\u021bi, copia\u021bi, distribui\u021bi, pune\u021bi la dispozi\u021bie, comunica\u021bi public, transforma\u021bi sau modifica\u021bi Con\u021binutul Site-ului, cu excep\u021bia cazurilor autorizate de lege sau consim\u021bite \u00een mod expres de c\u0103tre Prestator.                  S\u0103 se ab\u021bin\u0103 de la difuzarea, transmiterea sau punerea la dispozi\u021bia ter\u021bilor a oric\u0103ror informa\u021bii sau con\u021binuturi care constituie o \u00eenc\u0103lcare a drepturilor de proprietate intelectual\u0103 \u0219i industrial\u0103 care apar\u021bin Prestatorului sau ter\u021bilor.<br \/>\nS\u0103 nu desf\u0103\u0219oare nicio activitate care ar putea deteriora, supra\u00eenc\u0103rca, deteriora sau \u00eempiedica func\u021bionarea normal\u0103 a site-ului.<br \/>\nS\u0103 se ab\u021bin\u0103 de la orice activitate care ar putea cauza daune Prestatorului sau ter\u021bilor.<br \/>\n\u00cen cazul \u00een care Utilizatorul cauzeaz\u0103 prejudicii unor ter\u021be p\u0103r\u021bi prin utilizarea Site-ului sau a oric\u0103rui con\u021binut furnizat prin intermediul acestuia, acesta exonereaz\u0103 \u00een mod expres Prestatorul de orice r\u0103spundere care ar putea fi atribuit\u0103.<br \/>\nUtilizatorul \u00ee\u0219i va asuma responsabilitatea exclusiv\u0103 care poate ap\u0103rea.<br \/>\nPentru a respecta efectiv prezentele Condi\u021bii, Prestatorul poate:<br \/>\na. Supravegheze Site-ul, respect\u00e2nd secretul comunica\u021biilor \u0219i via\u021ba privat\u0103 a Utilizatorului.<br \/>\nb. \u00centrerupe temporar serviciul f\u0103r\u0103 notificare prealabil\u0103 din motive tehnologice sau legale care vor fi justificate \u00een mod corespunz\u0103tor.<br \/>\nc. S\u0103 modifice Termenii de utilizare atunci c\u00e2nd exist\u0103 o cauz\u0103 sau un motiv suficient, iar motivele tehnologice sau juridice recomand\u0103 acest lucru.<br \/>\nd. S\u0103 modifice informa\u021biile \u0219i con\u021binutul site-ului f\u0103r\u0103 notificare prealabil\u0103, atunci c\u00e2nd se consider\u0103 oportun din motive de afaceri.<br \/>\ne. Interzice accesul la con\u021binut \u0219i\/sau la Site, f\u0103r\u0103 notificare prealabil\u0103, la propria instan\u021b\u0103 sau la cea a unui ter\u021b, oric\u0103rui Utilizator care \u00eencalc\u0103 prevederile prezentelor Condi\u021bii de utilizare \u0219i\/sau condi\u021biile specifice care se pot aplica.<br \/>\n4. DREPTURI DE PROPRIETATE INTELECTUAL\u0102 \u0218I INDUSTRIAL\u0102 Prestatorul este titularul sau de\u021bine licen\u021bele corespunz\u0103toare pentru drepturile de proprietate intelectual\u0103 \u0219i industrial\u0103 ale acestui site \u0219i ale tuturor elementelor care \u00eel compun: design, pagini, ecrane, informa\u021bii \u0219i grafic\u0103, marc\u0103, nume comercial, semne distinctive, logo-uri, combina\u021bii de culori, selec\u021bie \u0219i form\u0103 de prezentare, cod surs\u0103, meniuri, butoane de navigare, cod HTML, texte, imagini, etc.<br \/>\nFurnizorul nu acord\u0103 nicio licen\u021b\u0103 \u0219i nu face nicio cesiune a drepturilor sale de proprietate intelectual\u0103 \u0219i industrial\u0103, sau a oric\u0103ror alte drepturi legate de Site.<br \/>\nOrice act de exploatare, distribu\u021bie, reproducere, transformare, adaptare, traducere, cesiune, modificare, comunicare public\u0103 sau orice alt\u0103 form\u0103 de exploatare sau diseminare, a \u00eentregului sau a unei p\u0103r\u021bi din con\u021binutul Site-ului, prin orice mijloace sau \u00een orice mod, este interzis \u00een mod expres f\u0103r\u0103 autorizarea prealabil\u0103 scris\u0103 a Prestatorului, iar orice \u00eenc\u0103lcare a acestor drepturi poate duce la procedurile extrajudiciare sau judiciare corespunz\u0103toare.<br \/>\n\u00cen cazul \u00een care un Utilizator sau un ter\u021b consider\u0103 c\u0103 orice con\u021binut de pe Site le \u00eencalc\u0103 drepturile de proprietate intelectual\u0103 sau industrial\u0103, acesta trebuie s\u0103 trimit\u0103 o comunicare la office@davolawoffices.com.<br \/>\n5. EXCLUDEREA RESPONSABILIT\u0102\u021aII Prestatorul nu garanteaz\u0103 \u0219i nici nu este responsabil, \u00een niciun caz sau circumstan\u021b\u0103, pentru urm\u0103toarele fapte, nici pentru daunele care pot rezulta din acestea: 1.- Prestatorul nu va fi responsabil pentru daunele pe care Utilizatorii sau ter\u021bii le-ar putea suferi ca urmare a utiliz\u0103rii necorespunz\u0103toare, ilegale, ilegitime, ilicite, neglijente, frauduloase, a uzurp\u0103rii identit\u0103\u021bii unui ter\u021b sau contrar\u0103 con\u021binutului prezentei Notific\u0103ri legale, bunei-credin\u021be, practicilor general acceptate sau ordinii publice, a acestui Site, a informa\u021biilor \u0219i\/sau con\u021binutului oferit \u00een cadrul acestuia.<br \/>\n2.- Prestatorul nu poate garanta fiabilitatea, utilitatea, veridicitatea, exactitatea, adecvarea, exhaustivitatea, relevan\u021ba \u0219i actualitatea con\u021binutului s\u0103u \u0219i a informa\u021biilor publicate pe Site.                 3.- Prestatorul nu este responsabil pentru deciziile luate pe baza informa\u021biilor furnizate pe Site sau pentru daunele cauzate utilizatorului sau ter\u021bilor ca urmare a ac\u021biunilor bazate exclusiv pe informa\u021biile ob\u021binute de pe Site.<br \/>\n4.- \u00cen niciun caz Prestatorul nu va fi responsabil pentru pierderile, daunele sau prejudiciile de orice fel rezultate din accesarea \u0219i utilizarea Site-ului, inclusiv, dar f\u0103r\u0103 a se limita la cele cauzate sistemelor informatice sau documentelor.<br \/>\n5.- Prestatorul nu este obligat s\u0103 efectueze o analiz\u0103 pentru a se asigura de absen\u021ba viru\u0219ilor de pe Site \u0219i nu este responsabil pentru posibila transmitere \u0219i\/sau existen\u021b\u0103 a viru\u0219ilor sau a altor elemente sau programe care pot cauza daune echipamentelor, documentelor electronice sau fi\u0219ierelor Utilizatorilor sau ter\u021bilor.<br \/>\n6.- Prestatorul nu garanteaz\u0103 disponibilitatea \u0219i continuitatea func\u021bion\u0103rii Site-ului \u0219i nu este responsabil pentru c\u0103deri, \u00eentreruperi, absen\u021be sau defecte \u00een telecomunica\u021bii.<br \/>\n7.- Prestatorul este exonerat de orice r\u0103spundere pentru \u00eenc\u0103lc\u0103ri sau \u00eenc\u0103lc\u0103ri de c\u0103tre Utilizatori ale legilor, practicilor sau obiceiurilor \u00een orice materie, inclusiv proprietatea intelectual\u0103, proprietatea industrial\u0103, secretele comerciale, drepturile la via\u021b\u0103 privat\u0103, onoare, imagine, proprietate, publicitate sau concuren\u021b\u0103, printre altele, ale ter\u021bilor.<br \/>\n8.- Prestatorul este exonerat de r\u0103spundere pentru prejudiciile care pot fi cauzate ca urmare a utiliz\u0103rii informa\u021biilor, con\u021binutului sau serviciilor ter\u021bilor accesate prin intermediul Site-ului.<br \/>\n9.- Prestatorul nu garanteaz\u0103 un r\u0103spuns imediat la \u00eentreb\u0103rile \u0219i solicit\u0103rile f\u0103cute de Utilizator prin intermediul formularului de contact sau chat.<br \/>\nAcestea vor fi gestionate \u00een timpul programului de lucru, \u00eentre orele 9:00 \u0219i 18:30, \u0219i \u00een func\u021bie de disponibilitatea echipei Prestatorului.<br \/>\nOrice \u00eent\u00e2rziere \u00een r\u0103spuns sau indisponibilitate a Echipei la un moment dat nu va genera nicio r\u0103spundere pentru Prestator.<br \/>\n10.- Prestatorul nu este responsabil pentru acurate\u021bea informa\u021biilor furnizate de Echip\u0103 \u00een urma unei solicit\u0103ri de informa\u021bii prin formularul de contact sau chat.<br \/>\nAceste informa\u021bii sunt preliminare, influen\u021bate de informa\u021biile anterioare furnizate de c\u0103tre Utilizator \u0219i pot fi modificate dup\u0103 ce toate documentele \u0219i informa\u021biile cazului specific au fost analizate \u00een detaliu.<br \/>\n11.- Prestatorul nu este responsabil pentru leg\u0103turile pe care ter\u021be p\u0103r\u021bi le-au stabilit c\u0103tre Site f\u0103r\u0103 acordul prealabil al Prestatorului.<br \/>\n12.- Enumerarea de mai sus este pur orientativ\u0103 \u0219i nu este exclusiv\u0103 sau excluz\u0103toare \u00een niciunul dintre punctele sale.<br \/>\n6. PROTEC\u021aIA DATELOR Prestatorul dore\u0219te s\u0103 v\u0103 garanteze confiden\u021bialitatea atunci c\u00e2nd utiliza\u021bi serviciile noastre.<br \/>\nPute\u021bi g\u0103si toate informa\u021biile despre modul \u00een care prelucr\u0103m datele Utilizatorului acces\u00e2nd Politica noastr\u0103 de confiden\u021bialitate.<br \/>\n7. UTILIZAREA COOKIES \u00cen anumite ocazii, Site-ul poate utiliza fi\u0219iere de date cunoscute sub numele de &#8222;Cookies&#8221; care sunt generate pe dispozitivul Utilizatorului \u0219i permit \u00eenregistrarea anumitor informa\u021bii despre activitatea Utilizatorului \u00een timpul navig\u0103rii pe site.<br \/>\nFace\u021bi clic pe urm\u0103torul link pentru a consulta Politica privind Cookie-urile \u0219i modul de dezactivare a acestora.<br \/>\n8. LEGEA APLICABIL\u0102 \u0218I JURISDIC\u021aIA Prezentele condi\u021bii sunt guvernate de reglement\u0103rile spaniole aplicabile.<br \/>\nPentru solu\u021bionarea litigiilor care pot ap\u0103rea ca urmare a prevederilor prezentelor condi\u021bii \u0219i cu renun\u021barea expres\u0103 la orice alt\u0103 jurisdic\u021bie care ar putea fi aplicabil\u0103, Utilizatorul este de acord s\u0103 se supun\u0103 Jurisdic\u021biei Cur\u021bilor \u0219i Tribunalelor din M\u00e1laga.                   9. NULITATEA \u0218I INEFICACIUNEA CLAUZEI \u00cen cazul \u00een care orice clauz\u0103 inclus\u0103 \u00een prezentele condi\u021bii este declarat\u0103 total sau par\u021bial nul\u0103 sau ineficient\u0103, aceast\u0103 nulitate va afecta numai dispozi\u021bia respectiv\u0103 sau partea din aceasta care este nul\u0103 sau ineficient\u0103, condi\u021biile r\u0103m\u00e2n\u00e2nd valabile \u00een toate celelalte privin\u021be.<br \/>\n10. CONTACT Pentru orice sugestie sau \u00eentrebare cu privire la prezenta not\u0103 juridic\u0103, contacta\u021bi DAVO LAW OFFICES prin trimiterea unui e-mail la urm\u0103toarea adres\u0103: office@davolawoffices.com. <\/p>\n<\/div><\/div><\/div><\/div><\/div><\/div><\/div><\/section>\n","protected":false},"excerpt":{"rendered":"[vc_custom_heading text=\"Not\u0103 juridic\u0103\" font_container=\"tag:h1|text_align:left\" use_theme_fonts=\"yes\"]Informa\u021bii generale \u00cen conformitate cu dispozi\u021biile Legii 34\/2002 privind serviciile societ\u0103\u021bii informa\u021bionale \u0219i comer\u021bul electronic din 11 iulie 2002 (denumit\u0103 \u00een continuare &#8222;LSSICE&#8221;), se declar\u0103 c\u0103 site-ul web identificat prin adresa www.davolawoffices.com (denumit \u00een continuare &#8222;site-ul web&#8221;), este gestionat de DAVO &amp; ASOCIADOS ABOGADOS, S.L.P., cu CIF B 93594810, cu sediul...","protected":false},"author":1,"featured_media":0,"parent":0,"menu_order":0,"comment_status":"closed","ping_status":"open","template":"","meta":{"_acf_changed":false,"inline_featured_image":false,"footnotes":""},"class_list":["post-1081","page","type-page","status-publish","hentry"],"acf":[],"yoast_head":"<!-- This site is optimized with the Yoast SEO plugin v25.6 - https:\/\/yoast.com\/wordpress\/plugins\/seo\/ -->\n<title>Not\u0103 juridic\u0103 - Dav\u00f3 Law Offices<\/title>\n<meta name=\"robots\" content=\"noindex, follow\" \/>\n<meta property=\"og:locale\" content=\"ro_RO\" \/>\n<meta property=\"og:type\" content=\"article\" \/>\n<meta property=\"og:title\" content=\"Not\u0103 juridic\u0103 - Dav\u00f3 Law Offices\" \/>\n<meta property=\"og:url\" content=\"https:\/\/davolawoffices.com\/ro\/nota-juridica\/\" \/>\n<meta property=\"og:site_name\" content=\"Dav\u00f3 Law Offices\" \/>\n<meta property=\"article:modified_time\" content=\"2024-08-14T10:42:23+00:00\" \/>\n<meta name=\"twitter:card\" content=\"summary_large_image\" \/>\n<meta name=\"twitter:label1\" content=\"Timp estimat pentru citire\" \/>\n\t<meta name=\"twitter:data1\" content=\"9 minute\" \/>\n<script type=\"application\/ld+json\" class=\"yoast-schema-graph\">{\"@context\":\"https:\/\/schema.org\",\"@graph\":[{\"@type\":\"WebPage\",\"@id\":\"https:\/\/davolawoffices.com\/ro\/nota-juridica\/\",\"url\":\"https:\/\/davolawoffices.com\/ro\/nota-juridica\/\",\"name\":\"Not\u0103 juridic\u0103 - Dav\u00f3 Law Offices\",\"isPartOf\":{\"@id\":\"https:\/\/davolawoffices.com\/ro\/#website\"},\"datePublished\":\"2022-09-30T11:44:00+00:00\",\"dateModified\":\"2024-08-14T10:42:23+00:00\",\"breadcrumb\":{\"@id\":\"https:\/\/davolawoffices.com\/ro\/nota-juridica\/#breadcrumb\"},\"inLanguage\":\"ro-RO\",\"potentialAction\":[{\"@type\":\"ReadAction\",\"target\":[\"https:\/\/davolawoffices.com\/ro\/nota-juridica\/\"]}]},{\"@type\":\"BreadcrumbList\",\"@id\":\"https:\/\/davolawoffices.com\/ro\/nota-juridica\/#breadcrumb\",\"itemListElement\":[{\"@type\":\"ListItem\",\"position\":1,\"name\":\"Portada\",\"item\":\"https:\/\/davolawoffices.com\/ro\/\"},{\"@type\":\"ListItem\",\"position\":2,\"name\":\"Not\u0103 juridic\u0103\"}]},{\"@type\":\"WebSite\",\"@id\":\"https:\/\/davolawoffices.com\/ro\/#website\",\"url\":\"https:\/\/davolawoffices.com\/ro\/\",\"name\":\"Dav\u00f3 Law Offices\",\"description\":\"\",\"publisher\":{\"@id\":\"https:\/\/davolawoffices.com\/ro\/#organization\"},\"potentialAction\":[{\"@type\":\"SearchAction\",\"target\":{\"@type\":\"EntryPoint\",\"urlTemplate\":\"https:\/\/davolawoffices.com\/ro\/?s={search_term_string}\"},\"query-input\":{\"@type\":\"PropertyValueSpecification\",\"valueRequired\":true,\"valueName\":\"search_term_string\"}}],\"inLanguage\":\"ro-RO\"},{\"@type\":\"Organization\",\"@id\":\"https:\/\/davolawoffices.com\/ro\/#organization\",\"name\":\"Dav\u00f3 Law Offices\",\"url\":\"https:\/\/davolawoffices.com\/ro\/\",\"logo\":{\"@type\":\"ImageObject\",\"inLanguage\":\"ro-RO\",\"@id\":\"https:\/\/davolawoffices.com\/ro\/#\/schema\/logo\/image\/\",\"url\":\"https:\/\/davolawoffices.com\/wp-content\/uploads\/2026\/02\/Davo-Law-Office.webp\",\"contentUrl\":\"https:\/\/davolawoffices.com\/wp-content\/uploads\/2026\/02\/Davo-Law-Office.webp\",\"width\":238,\"height\":102,\"caption\":\"Dav\u00f3 Law Offices\"},\"image\":{\"@id\":\"https:\/\/davolawoffices.com\/ro\/#\/schema\/logo\/image\/\"}}]}<\/script>\n<!-- \/ Yoast SEO plugin. -->","yoast_head_json":{"title":"Not\u0103 juridic\u0103 - Dav\u00f3 Law Offices","robots":{"index":"noindex","follow":"follow"},"og_locale":"ro_RO","og_type":"article","og_title":"Not\u0103 juridic\u0103 - Dav\u00f3 Law Offices","og_url":"https:\/\/davolawoffices.com\/ro\/nota-juridica\/","og_site_name":"Dav\u00f3 Law Offices","article_modified_time":"2024-08-14T10:42:23+00:00","twitter_card":"summary_large_image","twitter_misc":{"Timp estimat pentru citire":"9 minute"},"schema":{"@context":"https:\/\/schema.org","@graph":[{"@type":"WebPage","@id":"https:\/\/davolawoffices.com\/ro\/nota-juridica\/","url":"https:\/\/davolawoffices.com\/ro\/nota-juridica\/","name":"Not\u0103 juridic\u0103 - Dav\u00f3 Law Offices","isPartOf":{"@id":"https:\/\/davolawoffices.com\/ro\/#website"},"datePublished":"2022-09-30T11:44:00+00:00","dateModified":"2024-08-14T10:42:23+00:00","breadcrumb":{"@id":"https:\/\/davolawoffices.com\/ro\/nota-juridica\/#breadcrumb"},"inLanguage":"ro-RO","potentialAction":[{"@type":"ReadAction","target":["https:\/\/davolawoffices.com\/ro\/nota-juridica\/"]}]},{"@type":"BreadcrumbList","@id":"https:\/\/davolawoffices.com\/ro\/nota-juridica\/#breadcrumb","itemListElement":[{"@type":"ListItem","position":1,"name":"Portada","item":"https:\/\/davolawoffices.com\/ro\/"},{"@type":"ListItem","position":2,"name":"Not\u0103 juridic\u0103"}]},{"@type":"WebSite","@id":"https:\/\/davolawoffices.com\/ro\/#website","url":"https:\/\/davolawoffices.com\/ro\/","name":"Dav\u00f3 Law Offices","description":"","publisher":{"@id":"https:\/\/davolawoffices.com\/ro\/#organization"},"potentialAction":[{"@type":"SearchAction","target":{"@type":"EntryPoint","urlTemplate":"https:\/\/davolawoffices.com\/ro\/?s={search_term_string}"},"query-input":{"@type":"PropertyValueSpecification","valueRequired":true,"valueName":"search_term_string"}}],"inLanguage":"ro-RO"},{"@type":"Organization","@id":"https:\/\/davolawoffices.com\/ro\/#organization","name":"Dav\u00f3 Law Offices","url":"https:\/\/davolawoffices.com\/ro\/","logo":{"@type":"ImageObject","inLanguage":"ro-RO","@id":"https:\/\/davolawoffices.com\/ro\/#\/schema\/logo\/image\/","url":"https:\/\/davolawoffices.com\/wp-content\/uploads\/2026\/02\/Davo-Law-Office.webp","contentUrl":"https:\/\/davolawoffices.com\/wp-content\/uploads\/2026\/02\/Davo-Law-Office.webp","width":238,"height":102,"caption":"Dav\u00f3 Law Offices"},"image":{"@id":"https:\/\/davolawoffices.com\/ro\/#\/schema\/logo\/image\/"}}]}},"_links":{"self":[{"href":"https:\/\/davolawoffices.com\/ro\/wp-json\/wp\/v2\/pages\/1081","targetHints":{"allow":["GET"]}}],"collection":[{"href":"https:\/\/davolawoffices.com\/ro\/wp-json\/wp\/v2\/pages"}],"about":[{"href":"https:\/\/davolawoffices.com\/ro\/wp-json\/wp\/v2\/types\/page"}],"author":[{"embeddable":true,"href":"https:\/\/davolawoffices.com\/ro\/wp-json\/wp\/v2\/users\/1"}],"replies":[{"embeddable":true,"href":"https:\/\/davolawoffices.com\/ro\/wp-json\/wp\/v2\/comments?post=1081"}],"version-history":[{"count":5,"href":"https:\/\/davolawoffices.com\/ro\/wp-json\/wp\/v2\/pages\/1081\/revisions"}],"predecessor-version":[{"id":1454,"href":"https:\/\/davolawoffices.com\/ro\/wp-json\/wp\/v2\/pages\/1081\/revisions\/1454"}],"wp:attachment":[{"href":"https:\/\/davolawoffices.com\/ro\/wp-json\/wp\/v2\/media?parent=1081"}],"curies":[{"name":"wp","href":"https:\/\/api.w.org\/{rel}","templated":true}]}}