{"id":1070,"date":"2022-09-30T13:48:17","date_gmt":"2022-09-30T11:48:17","guid":{"rendered":"https:\/\/davolawoffices.com\/politica-privind-cookie-urile\/"},"modified":"2024-08-14T12:42:14","modified_gmt":"2024-08-14T10:42:14","slug":"politica-privind-cookie-urile","status":"publish","type":"page","link":"https:\/\/davolawoffices.com\/ro\/politica-privind-cookie-urile\/","title":{"rendered":"Politica privind cookie-urile"},"content":{"rendered":"<section class=\"l-section wpb_row height_medium\"><div class=\"l-section-h i-cf\"><div class=\"g-cols vc_row via_flex valign_top type_default stacking_default\"><div class=\"vc_col-sm-12 wpb_column vc_column_container\"><div class=\"vc_column-inner\"><div class=\"wpb_wrapper\">[vc_custom_heading text=&#8221;Politica privind cookie-urile&#8221; font_container=&#8221;tag:h1|text_align:left&#8221; use_theme_fonts=&#8221;yes&#8221;]<div class=\"wpb_text_column\"><div class=\"wpb_wrapper\"><p>En cumplimiento con lo establecido con la Ley de Servicios de la informaci\u00f3n y del Comercio Electr\u00f3nico, y en adecuaci\u00f3n con la Directiva Europea 2009\/136\/CE, y las revisiones del Comit\u00e9 Europeo en las Directrices 05\/2020 sobre consentement URL_SITIO procede a informerle del uso de cookies, as\u00ed como de que usted presta el consentement a la continuaci\u00f3n de ese uso por el mero hecho de seguir navegando en este portal web.<br \/>\nCookies son peque\u00f1os ficheros que se descargan y almacenan en el equipo de un usuario al acceder a determinadas webs, con el fin de almacenar la informaci\u00f3n de la navegaci\u00f3n para facilitarla, recognendo el equipo, el navegador&#8230; O recopilando datos con fines estad\u00edsticos.<br \/>\n\u00cen niciun caz nu este vorba de virusuri sau sisteme d\u0103un\u0103toare pentru utilizator.<br \/>\nMediante la aceptaci\u00f3n del anuncio de cookies que apare al comienzo de la navegaci\u00f3n en el sitio web o mediante la configuraci\u00f3n de las cookies de este sitio, acceptas de manera expresa la utilizaci\u00f3n de dichas Cookies en tus dispositivos.<br \/>\nSi desactivas las Cookies, puede que su navegaci\u00f3n por el Sitio Web no sea \u00f3ptima y algunas de las utilidades de que dispune el Sitio Web no funcionen correctamente.      <\/p>\n<h2>Tipuri de cookie-uri (sursa Agencia Espa\u00f1ola de Protecci\u00f3n de Datos)<\/h2>\n<h3>1. Tipos de cookies seg\u00fan la entidad que las gestione.<\/h3>\n<p>  Seg\u00fan quien sea la entidad que gestioneza el equipo o dominio desde donde se env\u00edan las cookies y trate los datos que se obtengan, podemos distinguir: <u>&#8211; Cookie-uri proprii:<\/u><br \/>\n Son aqu\u00e9llas que se env\u00edan al equipo terminal del usuario desde un equipo o dominio gestionado por el propio editor y desde el que se presta el servicio solicitado por el usuario.   <u>&#8211; Cookies de tercero:<\/u>  Son aqu\u00e9llas que se env\u00edan al equipo terminal del usuario desde un equipo o dominio que no es gestionado por el editor, sino por otra entidad que trata los datos obtenidos trav\u00e9s de las cookies.<br \/>\nEn el caso de que las cookies sean instaladas desde un equipo o dominio gestionado por el propio editor pero la informaci\u00f3n que se recoja mediante \u00e9stas sea gestionada por un tercero, no pueden ser consideradas como cookies propias.   <\/p>\n<h3>2. Tipos de cookies seg\u00fan el plazo de tiempo que permanecen activadas<\/h3>\n<p>  Seg\u00fan el plazo de tiempo que permanecen activadas en el equipo terminal podemos <u>distinguir:<\/u><\/p>\n<p><u>&#8211; Cookie-uri de sesiune:<\/u>  Son un tipo de cookies designed para recabar y almacenar datos mientras el usuario accede a una pagina web.<br \/>\nSe suelen emplear para almacenar informaci\u00f3n que solo interesa conservar para la prestaci\u00f3n del servicio solicitado por el usuario en una sola ocasi\u00f3n (p.e. una lista de productos adquiridos).   <u>&#8211; Cookie-uri persistente<\/u>: Son un tipo de cookies en el que los datos siguen almacenados en el terminal y pueden ser accedidos y tratados durante un periodo definido por el responsabile de la cookie, y que puede ir de unos minutos a varios a\u00f1os.  <\/p>\n<h3>3. Tipuri de module cookie \u00een func\u021bie de scop<\/h3>\n<p>  Seg\u00fan la finalidad para la que se traten los datos obtenidos a trav\u00e9s de las cookies, podemos distinguir entre: &#8211; <u>Cookies t\u00e9cnicas:<\/u><br \/>\n Son aqu\u00e9llas que permiten al usuario la navegaci\u00f3n a trav\u00e9s de una p\u00e1gina web, plataforma o aplicaci\u00f3n y la utilizaci\u00f3n de las diferentes opciones o servicios que en ella existan como, por ejemplo, controlar el tr\u00e1fico y la comunicaci\u00f3n de datos, identificar la sesi\u00f3n, acceder a partes de acceso restringido, recordar los elementos que integran un pedido, realizar el proceso de compra de un pedido, realizar la solicitud de inscripci\u00f3n o participaci\u00f3n en un evento, utilizar elementos de seguridad durante la navegaci\u00f3n, almacenar contenidos para la difusi\u00f3n de videos o sonido o compartir contenus a trav\u00e9s de redes sociales.   <u>&#8211; Cookie-uri de personalizare:<\/u>  Son aqu\u00e9llas que permiten al usuario acceder al servicio con algunas characteristics de car\u00e1cter general predefinidas en funci\u00f3n de una serie de criterios en el terminal del usuario como por ejemplo serian el idioma, el tipo de navegador a trav\u00e9s del cual accede al servicio, la configuraci\u00f3n regional desde donde accede al servicio, etc.  <u>&#8211; Cookie-uri de analiz\u0103:<\/u>  Son aqu\u00e9llas que permiten al responsabile de las mismas, el seguimiento y an\u00e1lisis del comportamiento de los usuarios de los sitios web a los que est\u00e1n vinculadas.<br \/>\nLa informaci\u00f3n recogida mediante este tipo de cookies se utiliza en la medici\u00f3n de la actividad de los sitios web, aplicaci\u00f3n o plataforma y para la elaboraci\u00f3n de perfiles de navegaci\u00f3n de los usuarios de los dichos sitios, aplicaciones y platforms, con el fin de introducir mejoras en funci\u00f3n del an\u00e1lisis de los datos de uso que hacen los usuarios del servicio.<br \/>\nConcretamente, NOMBRE_SOCIEDAD_S.L.<br \/>\nest\u00e1 utilizando las Cookies para las finalidades que a continuaci\u00f3n se exponen.<br \/>\nSi en un futuro se utilizasen otras tecnolog\u00edas con el prop\u00f3sito de otorgar m\u00e1s y mejores servicios, se informar\u00e1 al usuario de ello.      <\/p>\n<h3>4. Cookie-uri Tehnici<\/h3>\n<p>  Las cookies t\u00e9cnicas son esenciales para que te puedas mover por una pagina web y utilizar sus funciones.<br \/>\nDe maniera general, estas cookies habilitan las diferentes funciones de la pagina web, hacen que tu navegaci\u00f3n sea m\u00e1s segura o aportan fonctionnalit\u00e9s que son previamente solicdas por el usuario.<br \/>\nAl ser necesarias para el funcionamiento del sitio, estas cookies por defecto estar\u00e1n activadas y no podr\u00e1n denegarse.<br \/>\nAcest site utilizeaz\u0103 cookie-uri tehnice necesare pentru:     <\/p>\n<ul>\n<li>garanta\u021bi o navigare sigur\u0103 \u0219i f\u0103r\u0103 \u00eentreruperi pe site-ul nostru web;<\/li>\n<li>p\u0103strarea preferin\u021belor utilizatorului cu privire la configurarea, acceptarea sau respingerea cookie-urilor site-ului.<\/li>\n<li>Partajarea con\u021binutului (precum articole \u0219i intr\u0103ri pe blog) \u00een diferitele re\u021bele sociale (precum Twitter sau Facebook).<\/li>\n<\/ul>\n<h3>5. Cookie-uri analitice<\/h3>\n<p>  Aceste module cookie permit realizarea unei monitoriz\u0103ri \u0219i analize a comportamentului utilizatorilor care navigheaz\u0103 pe site-ul web.<br \/>\nInforma\u021biile colectate prin intermediul acestui tip de module cookie se utilizeaz\u0103 pentru m\u0103surarea activit\u0103\u021bii site-urilor web, aplica\u021biilor sau platformelor, cu scopul de a introduce \u00eembun\u0103t\u0103\u021biri \u00een func\u021bie de analiza datelor de utilizare pe care le fac utilizatorii serviciului.   <\/p>\n<h2>Cookies que utiliza NOMBRE_SOCIEDAD_S.L.<\/h2>\n<table class=\"table\">\n<thead>\n<tr>\n<th>COOKIE<\/th>\n<th>FINALIDAD<\/th>\n<th>PROPIETARIO<\/th>\n<\/tr>\n<\/thead>\n<tbody>\n<tr>\n<td>NID<\/td>\n<td>Recunoa\u0219te\u021bi informa\u021bii pentru c\u0103ut\u0103torul Google inclus \u00een site (Google CSE).<br \/>\nInclusiv utilizarea Google Maps.<br \/>\nCookie-uri persistente.  <\/td>\n<td>Cookie de Google.<br \/>\n+info: http:\/\/www.google.es\/intl\/es\/policies\/technologies\/types\/ <\/td>\n<\/tr>\n<tr>\n<td>_ga, _gat, _gid, _secure_3PAPSID, _secure_3PSID<\/td>\n<td>Cookies utilizada por Google Analytics que contiene un identificador an\u00f3nimo usato para distinguir usuarios.<br \/>\nSon de car\u00e1cter anal\u00edtico y estad\u00edsitico.<br \/>\nDurata: _ga: 2 a\u00f1os\/ _gat:10 minutos\/ _gid:24 h\/ __SEGURE 3PAPSID 18 meses\/ __SECURE 3PISID 1 a\u00f1o;  <\/td>\n<td rowspan=\"2\">GOOGLE ANALYTICS: instrument care ajut\u0103 proprietarii de site-uri web s\u0103 m\u0103soare modul \u00een care utilizatorii interac\u021bioneaz\u0103 cu con\u021binutul site-ului.<br \/>\nGoogle Analytics, un serviciu analitic de web furnizat de Google, Inc. cu domiciliul \u00een Statele Unite \u0219i sediul central \u00een 1600 Amphitheatre Parkway, Mountain View, California 94043.<br \/>\nPara la prestaci\u00f3n de estos servicios, estos utilizan cookies que recopilan la informaci\u00f3n, incluida la direcci\u00f3n IP del usuario, que sera transmitida, tratata y almacenada por Google en los t\u00e9rminos fijados en la Web Google.com.<br \/>\nInclusyendo la posible transmisi\u00f3n de dicha informaci\u00f3n a terceros por razones de Gat_gtag_UA Include informaci\u00f3n de la campa\u00f1a relativa al usuario.<br \/>\nSi has vinculado tus cuentas de Google Analytics y AdWords, las etiquetas de conversi\u00f3n de sitios web leer\u00e1n esta cookie, a menos que la inhabilites.<br \/>\nDuraci\u00f3n de 90 d\u00edas exigencia legal o cuando dichos terceros procesen la informaci\u00f3n por cuenta de Google     <\/td>\n<\/tr>\n<tr>\n<td>Gat_gtag_UA<\/td>\n<td>Include informaci\u00f3n de la campa\u00f1a relativa al usuario.<br \/>\nSi has vinculado tus cuentas de Google Analytics y AdWords, las etiquetas de conversi\u00f3n de sitios web leer\u00e1n esta cookie, a menos que la inhabilites.<br \/>\nDurata de 90 de zile  <\/td>\n<td><\/td>\n<\/tr>\n<tr>\n<td>Optanonalertboxclosed, optanonconsent, SBvirtudtelf, Eupubsonsent<\/td>\n<td>Cookies instaladas por el m\u00f3dulo de gesti\u00f3n de cookies, que se utilizan para almacenar y determinar las selecciones del usuario.<br \/>\nDurata un an <\/td>\n<td>ONE TURST: https:\/\/www.onetrust.com\/privacy\/<\/td>\n<\/tr>\n<\/tbody>\n<\/table>\n<h2>Controlul \u0219tergerii cookie-urilor<\/h2>\n<p>  Con el m\u00f3dulo de configuraci\u00f3n de cookies, tienes la posibilidad de rechazar o aceptar cookies que requieran de tu consentement.<br \/>\nTambi\u00e9n puedes bloquear y eliminar cookies cambiando la configuraci\u00f3n de tu navegador.<br \/>\nPentru a administra modulele cookie, majoritatea navigatorilor permit respingerea sau acceptarea tuturor modulelor cookie sau doar acceptarea anumitor tipuri de module cookie.<br \/>\nEl proceso para la gesti\u00f3n y eliminaci\u00f3n de cookies se puede encontrar en la funci\u00f3n de ayuda integrata en el navegador.<br \/>\nDac\u0103 dori\u021bi s\u0103 limita\u021bi utilizarea cookie-urilor, nu ve\u021bi putea utiliza toate func\u021biile interactive ale site-ului nostru web.<br \/>\nDe igual manera, puedes permitir, bloquear o eliminar las cookies instaladas en tu equipo mediante la configuraci\u00f3n de las opciones del navegador instalado en tu ordenador: Firefox: https:\/\/support.mozilla.org\/es\/kb\/habilitar-y-deshabilitar-cookies-sitios-web&#8230; Chrome: https:\/\/support.google.com\/accounts\/answer\/61416?hl=es Explorer: https:\/\/support.microsoft.com\/es-es\/help\/17442\/windows-internet-explorer-dele Safari: https:\/\/support.apple.com\/es-es\/guide\/safari\/sfri11471\/mac Opera: https:\/\/help.opera.com\/Windows\/11.50\/es-ES\/cookies.html     <\/p>\n<\/div><\/div><\/div><\/div><\/div><\/div><\/div><\/section>\n","protected":false},"excerpt":{"rendered":"[vc_custom_heading text=\"Politica privind cookie-urile\" font_container=\"tag:h1|text_align:left\" use_theme_fonts=\"yes\"]En cumplimiento con lo establecido con la Ley de Servicios de la informaci\u00f3n y del Comercio Electr\u00f3nico, y en adecuaci\u00f3n con la Directiva Europea 2009\/136\/CE, y las revisiones del Comit\u00e9 Europeo en las Directrices 05\/2020 sobre consentement URL_SITIO procede a informerle del uso de cookies, as\u00ed como de que usted...","protected":false},"author":1,"featured_media":0,"parent":0,"menu_order":0,"comment_status":"closed","ping_status":"open","template":"","meta":{"_acf_changed":false,"inline_featured_image":false,"footnotes":""},"class_list":["post-1070","page","type-page","status-publish","hentry"],"acf":[],"yoast_head":"<!-- This site is optimized with the Yoast SEO plugin v25.6 - https:\/\/yoast.com\/wordpress\/plugins\/seo\/ -->\n<title>Politica privind cookie-urile - Dav\u00f3 Law Offices<\/title>\n<meta name=\"robots\" content=\"noindex, follow\" \/>\n<meta property=\"og:locale\" content=\"ro_RO\" \/>\n<meta property=\"og:type\" content=\"article\" \/>\n<meta property=\"og:title\" content=\"Politica privind cookie-urile - Dav\u00f3 Law Offices\" \/>\n<meta property=\"og:url\" content=\"https:\/\/davolawoffices.com\/ro\/politica-privind-cookie-urile\/\" \/>\n<meta property=\"og:site_name\" content=\"Dav\u00f3 Law Offices\" \/>\n<meta property=\"article:modified_time\" content=\"2024-08-14T10:42:14+00:00\" \/>\n<meta name=\"twitter:card\" content=\"summary_large_image\" \/>\n<meta name=\"twitter:label1\" content=\"Timp estimat pentru citire\" \/>\n\t<meta name=\"twitter:data1\" content=\"8 minute\" \/>\n<script type=\"application\/ld+json\" class=\"yoast-schema-graph\">{\"@context\":\"https:\/\/schema.org\",\"@graph\":[{\"@type\":\"WebPage\",\"@id\":\"https:\/\/davolawoffices.com\/ro\/politica-privind-cookie-urile\/\",\"url\":\"https:\/\/davolawoffices.com\/ro\/politica-privind-cookie-urile\/\",\"name\":\"Politica privind cookie-urile - Dav\u00f3 Law Offices\",\"isPartOf\":{\"@id\":\"https:\/\/davolawoffices.com\/ro\/#website\"},\"datePublished\":\"2022-09-30T11:48:17+00:00\",\"dateModified\":\"2024-08-14T10:42:14+00:00\",\"breadcrumb\":{\"@id\":\"https:\/\/davolawoffices.com\/ro\/politica-privind-cookie-urile\/#breadcrumb\"},\"inLanguage\":\"ro-RO\",\"potentialAction\":[{\"@type\":\"ReadAction\",\"target\":[\"https:\/\/davolawoffices.com\/ro\/politica-privind-cookie-urile\/\"]}]},{\"@type\":\"BreadcrumbList\",\"@id\":\"https:\/\/davolawoffices.com\/ro\/politica-privind-cookie-urile\/#breadcrumb\",\"itemListElement\":[{\"@type\":\"ListItem\",\"position\":1,\"name\":\"Portada\",\"item\":\"https:\/\/davolawoffices.com\/ro\/\"},{\"@type\":\"ListItem\",\"position\":2,\"name\":\"Politica privind cookie-urile\"}]},{\"@type\":\"WebSite\",\"@id\":\"https:\/\/davolawoffices.com\/ro\/#website\",\"url\":\"https:\/\/davolawoffices.com\/ro\/\",\"name\":\"Dav\u00f3 Law Offices\",\"description\":\"\",\"publisher\":{\"@id\":\"https:\/\/davolawoffices.com\/ro\/#organization\"},\"potentialAction\":[{\"@type\":\"SearchAction\",\"target\":{\"@type\":\"EntryPoint\",\"urlTemplate\":\"https:\/\/davolawoffices.com\/ro\/?s={search_term_string}\"},\"query-input\":{\"@type\":\"PropertyValueSpecification\",\"valueRequired\":true,\"valueName\":\"search_term_string\"}}],\"inLanguage\":\"ro-RO\"},{\"@type\":\"Organization\",\"@id\":\"https:\/\/davolawoffices.com\/ro\/#organization\",\"name\":\"Dav\u00f3 Law Offices\",\"url\":\"https:\/\/davolawoffices.com\/ro\/\",\"logo\":{\"@type\":\"ImageObject\",\"inLanguage\":\"ro-RO\",\"@id\":\"https:\/\/davolawoffices.com\/ro\/#\/schema\/logo\/image\/\",\"url\":\"https:\/\/davolawoffices.com\/wp-content\/uploads\/2026\/02\/Davo-Law-Office.webp\",\"contentUrl\":\"https:\/\/davolawoffices.com\/wp-content\/uploads\/2026\/02\/Davo-Law-Office.webp\",\"width\":238,\"height\":102,\"caption\":\"Dav\u00f3 Law Offices\"},\"image\":{\"@id\":\"https:\/\/davolawoffices.com\/ro\/#\/schema\/logo\/image\/\"}}]}<\/script>\n<!-- \/ Yoast SEO plugin. -->","yoast_head_json":{"title":"Politica privind cookie-urile - Dav\u00f3 Law Offices","robots":{"index":"noindex","follow":"follow"},"og_locale":"ro_RO","og_type":"article","og_title":"Politica privind cookie-urile - Dav\u00f3 Law Offices","og_url":"https:\/\/davolawoffices.com\/ro\/politica-privind-cookie-urile\/","og_site_name":"Dav\u00f3 Law Offices","article_modified_time":"2024-08-14T10:42:14+00:00","twitter_card":"summary_large_image","twitter_misc":{"Timp estimat pentru citire":"8 minute"},"schema":{"@context":"https:\/\/schema.org","@graph":[{"@type":"WebPage","@id":"https:\/\/davolawoffices.com\/ro\/politica-privind-cookie-urile\/","url":"https:\/\/davolawoffices.com\/ro\/politica-privind-cookie-urile\/","name":"Politica privind cookie-urile - Dav\u00f3 Law Offices","isPartOf":{"@id":"https:\/\/davolawoffices.com\/ro\/#website"},"datePublished":"2022-09-30T11:48:17+00:00","dateModified":"2024-08-14T10:42:14+00:00","breadcrumb":{"@id":"https:\/\/davolawoffices.com\/ro\/politica-privind-cookie-urile\/#breadcrumb"},"inLanguage":"ro-RO","potentialAction":[{"@type":"ReadAction","target":["https:\/\/davolawoffices.com\/ro\/politica-privind-cookie-urile\/"]}]},{"@type":"BreadcrumbList","@id":"https:\/\/davolawoffices.com\/ro\/politica-privind-cookie-urile\/#breadcrumb","itemListElement":[{"@type":"ListItem","position":1,"name":"Portada","item":"https:\/\/davolawoffices.com\/ro\/"},{"@type":"ListItem","position":2,"name":"Politica privind cookie-urile"}]},{"@type":"WebSite","@id":"https:\/\/davolawoffices.com\/ro\/#website","url":"https:\/\/davolawoffices.com\/ro\/","name":"Dav\u00f3 Law Offices","description":"","publisher":{"@id":"https:\/\/davolawoffices.com\/ro\/#organization"},"potentialAction":[{"@type":"SearchAction","target":{"@type":"EntryPoint","urlTemplate":"https:\/\/davolawoffices.com\/ro\/?s={search_term_string}"},"query-input":{"@type":"PropertyValueSpecification","valueRequired":true,"valueName":"search_term_string"}}],"inLanguage":"ro-RO"},{"@type":"Organization","@id":"https:\/\/davolawoffices.com\/ro\/#organization","name":"Dav\u00f3 Law Offices","url":"https:\/\/davolawoffices.com\/ro\/","logo":{"@type":"ImageObject","inLanguage":"ro-RO","@id":"https:\/\/davolawoffices.com\/ro\/#\/schema\/logo\/image\/","url":"https:\/\/davolawoffices.com\/wp-content\/uploads\/2026\/02\/Davo-Law-Office.webp","contentUrl":"https:\/\/davolawoffices.com\/wp-content\/uploads\/2026\/02\/Davo-Law-Office.webp","width":238,"height":102,"caption":"Dav\u00f3 Law Offices"},"image":{"@id":"https:\/\/davolawoffices.com\/ro\/#\/schema\/logo\/image\/"}}]}},"_links":{"self":[{"href":"https:\/\/davolawoffices.com\/ro\/wp-json\/wp\/v2\/pages\/1070","targetHints":{"allow":["GET"]}}],"collection":[{"href":"https:\/\/davolawoffices.com\/ro\/wp-json\/wp\/v2\/pages"}],"about":[{"href":"https:\/\/davolawoffices.com\/ro\/wp-json\/wp\/v2\/types\/page"}],"author":[{"embeddable":true,"href":"https:\/\/davolawoffices.com\/ro\/wp-json\/wp\/v2\/users\/1"}],"replies":[{"embeddable":true,"href":"https:\/\/davolawoffices.com\/ro\/wp-json\/wp\/v2\/comments?post=1070"}],"version-history":[{"count":14,"href":"https:\/\/davolawoffices.com\/ro\/wp-json\/wp\/v2\/pages\/1070\/revisions"}],"predecessor-version":[{"id":1450,"href":"https:\/\/davolawoffices.com\/ro\/wp-json\/wp\/v2\/pages\/1070\/revisions\/1450"}],"wp:attachment":[{"href":"https:\/\/davolawoffices.com\/ro\/wp-json\/wp\/v2\/media?parent=1070"}],"curies":[{"name":"wp","href":"https:\/\/api.w.org\/{rel}","templated":true}]}}