{"id":1035,"date":"2024-07-05T10:11:26","date_gmt":"2024-07-05T08:11:26","guid":{"rendered":"https:\/\/davolawoffices.com\/blog\/"},"modified":"2024-08-14T11:39:18","modified_gmt":"2024-08-14T09:39:18","slug":"blog","status":"publish","type":"page","link":"https:\/\/davolawoffices.com\/ro\/blog\/","title":{"rendered":"Blog"},"content":{"rendered":"<section class=\"l-section wpb_row us_custom_edb423b1 section-home height_huge with_img\"><div class=\"l-section-img\" role=\"img\" data-img-width=\"1920\" data-img-height=\"843\" style=\"background-image: url(https:\/\/davolawoffices.com\/wp-content\/uploads\/2024\/05\/fondo-2.jpg);\"><\/div><div class=\"l-section-h i-cf\"><div class=\"g-cols vc_row via_flex valign_middle type_default stacking_default\"><div class=\"vc_col-sm-12 wpb_column vc_column_container\"><div class=\"vc_column-inner\"><div class=\"wpb_wrapper\"><div class=\"w-vwrapper us_custom_e4822ab4 align_none valign_justify\">[vc_custom_heading text=&#8221;Ultimele \u0219tiri&#8221; font_container=&#8221;tag:h1|text_align:left|color:%23ffffff&#8221; use_theme_fonts=&#8221;yes&#8221; css=&#8221;%7B%22default%22%3A%7B%22margin-left%22%3A%221.2rem%22%2C%22margin-top%22%3A%22-10px%22%7D%7D&#8221;]<div class=\"wpb_text_column us_custom_88e7834e has_text_color\"><div class=\"wpb_wrapper\"><p>Fi\u021bi aten\u021bi la ultimele noastre \u0219tiri.<\/p>\n<\/div><\/div><\/div><\/div><\/div><\/div><\/div><\/div><\/section><section class=\"l-section wpb_row height_medium\"><div class=\"l-section-h i-cf\"><div class=\"g-cols vc_row via_flex valign_top type_default stacking_default\"><div class=\"vc_col-sm-12 wpb_column vc_column_container\"><div class=\"vc_column-inner\"><div class=\"wpb_wrapper\"><div class=\"w-grid type_grid layout_740 cols_4 overflow_hidden with_filters\" id=\"us_grid_1\" style=\"--columns:4;--gap:1.5rem;\"><style>@media (max-width:1280px){#us_grid_1{--columns:3!important}}@media (max-width:992px){#us_grid_1{--columns:2!important}}@media (max-width:600px){#us_grid_1{--columns:1!important}}.layout_740 .w-grid-item-h{background:var(--color-content-bg);color:var(--color-content-text)}.layout_740 .usg_post_image_1{margin-bottom:-2rem!important}.layout_740 .usg_post_title_1{font-size:1.4rem!important;font-weight:700!important}.layout_740 .usg_vwrapper_1{margin-top:2rem!important;padding:9% 5% 11% 5%!important}.layout_740 .usg_post_taxonomy_1{font-weight:700!important;text-transform:uppercase!important;font-size:10px!important;position:absolute!important;z-index:2!important;top:1.2rem!important;right:1.2rem!important;left:1.2rem!important}@media (max-width:600px){.layout_740 .usg_post_title_1{font-size:1.2rem!important}}<\/style><div class=\"g-filters style_1 align_center\"><button class=\"g-filters-item active\" data-taxonomy=\"*\"><span>All<\/span><\/button><button class=\"g-filters-item\" data-taxonomy=\"uncategorized-ro\" data-amount=\"4\"><span>Uncategorized @ro<\/span><span class=\"g-filters-item-amount\">4<\/span><\/button><\/div><div class=\"w-grid-list\" data-filter_taxonomy_name=\"category\">\t<article class=\"w-grid-item size_1x1 post-12669 post type-post status-publish format-standard has-post-thumbnail hentry category-uncategorized-ro\" data-id=\"12669\">\r\n\t\t<div class=\"w-grid-item-h\">\r\n\t\t\t\t\t\t<div class=\"w-post-elm post_image usg_post_image_1 stretched\"><a href=\"https:\/\/davolawoffices.com\/ro\/blog\/licente-turistice-in-2025\/\" aria-label=\"Licen\u021be turistice \u00een 2025: noile cerin\u021be legale pe care ar trebui s\u0103 le cunoa\u0219te\u021bi\"><img loading=\"lazy\" decoding=\"async\" width=\"1024\" height=\"683\" src=\"https:\/\/davolawoffices.com\/wp-content\/uploads\/2025\/11\/casa-de-juguete-detras-de-lupa-2.jpg\" class=\"attachment-large size-large wp-post-image\" alt=\"ley de vivienda 2025\" \/><\/a><\/div><div class=\"w-post-elm post_taxonomy usg_post_taxonomy_1 style_badge color_link_inherit\"><a class=\"w-btn us-btn-style_badge term-5 term-uncategorized-ro\" href=\"https:\/\/davolawoffices.com\/ro\/category\/uncategorized-ro\/\"><span class=\"w-btn-label\">Uncategorized @ro<\/span><\/a><\/div><div class=\"w-vwrapper usg_vwrapper_1\"><h2 class=\"w-post-elm post_title usg_post_title_1 entry-title color_link_inherit\"><a href=\"https:\/\/davolawoffices.com\/ro\/blog\/licente-turistice-in-2025\/\">Licen\u021be turistice \u00een 2025: noile cerin\u021be legale pe care ar trebui s\u0103 le cunoa\u0219te\u021bi<\/a><\/h2><div class=\"w-post-elm post_content usg_post_content_1\">Cadrul juridic al locuin\u021belor cu destina\u021bie turistic\u0103 s-a schimbat semnificativ \u00een 2025. P\u00e2n\u0103 acum, cei care doreau s\u0103 \u00eenchirieze o&hellip;<\/div><\/div>\t\t<\/div>\r\n\t\t\t<\/article>\r\n\t<article class=\"w-grid-item size_1x1 post-1059 post type-post status-publish format-standard has-post-thumbnail hentry category-uncategorized-ro\" data-id=\"1059\">\r\n\t\t<div class=\"w-grid-item-h\">\r\n\t\t\t\t\t\t<div class=\"w-post-elm post_image usg_post_image_1 stretched\"><a href=\"https:\/\/davolawoffices.com\/ro\/blog\/cazuri-si-precedente-povesti-adevarate-din-lumea-juridica-3\/\" aria-label=\"Cazuri \u0219i precedente: Pove\u0219ti adev\u0103rate din lumea juridic\u0103\"><img loading=\"lazy\" decoding=\"async\" width=\"1024\" height=\"644\" src=\"https:\/\/davolawoffices.com\/wp-content\/uploads\/2024\/05\/img-entrada3-1024x644.jpg\" class=\"attachment-large size-large wp-post-image\" alt=\"img entrada3\" \/><\/a><\/div><div class=\"w-post-elm post_taxonomy usg_post_taxonomy_1 style_badge color_link_inherit\"><a class=\"w-btn us-btn-style_badge term-5 term-uncategorized-ro\" href=\"https:\/\/davolawoffices.com\/ro\/category\/uncategorized-ro\/\"><span class=\"w-btn-label\">Uncategorized @ro<\/span><\/a><\/div><div class=\"w-vwrapper usg_vwrapper_1\"><h2 class=\"w-post-elm post_title usg_post_title_1 entry-title color_link_inherit\"><a href=\"https:\/\/davolawoffices.com\/ro\/blog\/cazuri-si-precedente-povesti-adevarate-din-lumea-juridica-3\/\">Cazuri \u0219i precedente: Pove\u0219ti adev\u0103rate din lumea juridic\u0103<\/a><\/h2><div class=\"w-post-elm post_content usg_post_content_1\"><p>Analiza detaliat\u0103 a cauzelor judiciare care au modelat practica juridic\u0103 contemporan\u0103<\/p>\n<\/div><\/div>\t\t<\/div>\r\n\t\t\t<\/article>\r\n\t<article class=\"w-grid-item size_1x1 post-1058 post type-post status-publish format-standard has-post-thumbnail hentry category-uncategorized-ro\" data-id=\"1058\">\r\n\t\t<div class=\"w-grid-item-h\">\r\n\t\t\t\t\t\t<div class=\"w-post-elm post_image usg_post_image_1 stretched\"><a href=\"https:\/\/davolawoffices.com\/ro\/blog\/cazuri-si-precedente-povesti-adevarate-din-lumea-juridica-2\/\" aria-label=\"Cazuri \u0219i precedente: Pove\u0219ti adev\u0103rate din lumea juridic\u0103\"><img loading=\"lazy\" decoding=\"async\" width=\"1024\" height=\"644\" src=\"https:\/\/davolawoffices.com\/wp-content\/uploads\/2024\/05\/img-entrada2-1024x644.jpg\" class=\"attachment-large size-large wp-post-image\" alt=\"img entrada2\" \/><\/a><\/div><div class=\"w-post-elm post_taxonomy usg_post_taxonomy_1 style_badge color_link_inherit\"><a class=\"w-btn us-btn-style_badge term-5 term-uncategorized-ro\" href=\"https:\/\/davolawoffices.com\/ro\/category\/uncategorized-ro\/\"><span class=\"w-btn-label\">Uncategorized @ro<\/span><\/a><\/div><div class=\"w-vwrapper usg_vwrapper_1\"><h2 class=\"w-post-elm post_title usg_post_title_1 entry-title color_link_inherit\"><a href=\"https:\/\/davolawoffices.com\/ro\/blog\/cazuri-si-precedente-povesti-adevarate-din-lumea-juridica-2\/\">Cazuri \u0219i precedente: Pove\u0219ti adev\u0103rate din lumea juridic\u0103<\/a><\/h2><div class=\"w-post-elm post_content usg_post_content_1\"><p>Analiza detaliat\u0103 a cauzelor judiciare care au modelat practica juridic\u0103 contemporan\u0103<\/p>\n<\/div><\/div>\t\t<\/div>\r\n\t\t\t<\/article>\r\n\t<article class=\"w-grid-item size_1x1 post-1057 post type-post status-publish format-standard has-post-thumbnail hentry category-uncategorized-ro\" data-id=\"1057\">\r\n\t\t<div class=\"w-grid-item-h\">\r\n\t\t\t\t\t\t<div class=\"w-post-elm post_image usg_post_image_1 stretched\"><a href=\"https:\/\/davolawoffices.com\/ro\/blog\/cazuri-si-precedente-povesti-adevarate-din-lumea-juridica\/\" aria-label=\"Cazuri \u0219i precedente: Pove\u0219ti adev\u0103rate din lumea juridic\u0103\"><img loading=\"lazy\" decoding=\"async\" width=\"1024\" height=\"644\" src=\"https:\/\/davolawoffices.com\/wp-content\/uploads\/2024\/05\/img-entrada-1024x644.jpg\" class=\"attachment-large size-large wp-post-image\" alt=\"img entrada\" \/><\/a><\/div><div class=\"w-post-elm post_taxonomy usg_post_taxonomy_1 style_badge color_link_inherit\"><a class=\"w-btn us-btn-style_badge term-5 term-uncategorized-ro\" href=\"https:\/\/davolawoffices.com\/ro\/category\/uncategorized-ro\/\"><span class=\"w-btn-label\">Uncategorized @ro<\/span><\/a><\/div><div class=\"w-vwrapper usg_vwrapper_1\"><h2 class=\"w-post-elm post_title usg_post_title_1 entry-title color_link_inherit\"><a href=\"https:\/\/davolawoffices.com\/ro\/blog\/cazuri-si-precedente-povesti-adevarate-din-lumea-juridica\/\">Cazuri \u0219i precedente: Pove\u0219ti adev\u0103rate din lumea juridic\u0103<\/a><\/h2><div class=\"w-post-elm post_content usg_post_content_1\"><p>Analiza detaliat\u0103 a cauzelor judiciare care au modelat practica juridic\u0103 contemporan\u0103<\/p>\n<\/div><\/div>\t\t<\/div>\r\n\t\t\t<\/article>\r\n<\/div><div class=\"w-grid-preloader\">\t<div class=\"g-preloader type_1\">\r\n\t\t<div><\/div>\r\n\t<\/div>\r\n\t<\/div>\t<div class=\"w-grid-json hidden\" onclick='return {&quot;action&quot;:&quot;us_ajax_grid&quot;,&quot;infinite_scroll&quot;:0,&quot;max_num_pages&quot;:1,&quot;pagination&quot;:&quot;none&quot;,&quot;template_vars&quot;:{&quot;columns&quot;:&quot;4&quot;,&quot;exclude_items&quot;:&quot;none&quot;,&quot;img_size&quot;:&quot;default&quot;,&quot;ignore_items_size&quot;:0,&quot;items_layout&quot;:&quot;740&quot;,&quot;items_offset&quot;:&quot;1&quot;,&quot;load_animation&quot;:&quot;none&quot;,&quot;overriding_link&quot;:&quot;%7B%22url%22%3A%22%22%7D&quot;,&quot;post_id&quot;:0,&quot;query_args&quot;:{&quot;post_type&quot;:[&quot;post&quot;],&quot;post_status&quot;:[&quot;publish&quot;,&quot;acf-disabled&quot;],&quot;posts_per_page&quot;:&quot;8&quot;},&quot;orderby_query_args&quot;:{&quot;orderby&quot;:{&quot;date&quot;:&quot;DESC&quot;}},&quot;type&quot;:&quot;grid&quot;,&quot;us_grid_post_type&quot;:&quot;post&quot;,&quot;us_grid_ajax_index&quot;:1,&quot;us_grid_filter_query_string&quot;:null,&quot;us_grid_index&quot;:1,&quot;page_args&quot;:[],&quot;lang&quot;:&quot;ro&quot;}}'><\/div>\r\n\t<\/div><\/div><\/div><\/div><\/div><\/div><\/section><section class=\"l-section wpb_row height_medium with_img parallax_fixed\"><div class=\"l-section-img\" role=\"img\" data-img-width=\"1920\" data-img-height=\"1280\" style=\"background-image: url(https:\/\/davolawoffices.com\/wp-content\/uploads\/2024\/08\/davo-2-scaled.jpg);background-position: top center;\"><\/div><div class=\"l-section-overlay\" style=\"background:rgba(0,34,130,0.50)\"><\/div><div class=\"l-section-h i-cf\"><div class=\"g-cols vc_row via_flex valign_bottom type_default stacking_default\"><div class=\"vc_col-sm-12 wpb_column vc_column_container\"><div class=\"vc_column-inner\"><div class=\"wpb_wrapper\"><div class=\"w-vwrapper us_custom_6890aaff align_none valign_top\" style=\"--vwrapper-gap:0rem\"><div class=\"wpb_text_column us_custom_dc38c19e has_text_color\"><div class=\"wpb_wrapper\"><p>ANGAJA\u021aI S\u0102 <strong>NE<\/strong> AJUT\u0102M <strong>CLIEN\u021aII<\/strong><\/p>\n<\/div><\/div><\/div><div class=\"wpb_text_column us_custom_23cb117d has_text_color\"><div class=\"wpb_wrapper\"><p>La DAVO LAW OFFICES avem echipe \u00een Spania \u0219i Rom\u00e2nia care \u00eemp\u0103rt\u0103\u0219esc o viziune unic\u0103: s\u0103 \u00eenso\u021beasc\u0103 clientul \u00een luarea deciziilor importante prin \u00eemp\u0103rt\u0103\u0219irea obiectivelor \u0219i provoc\u0103rilor acestuia.<\/p>\n<\/div><\/div><div class=\"w-separator size_small\"><\/div><div class=\"w-btn-wrapper align_none\"><a class=\"w-btn us-btn-style_1\" href=\"https:\/\/davolawoffices.com\/ro\/persoana-de-contact\/\"><span class=\"w-btn-label\">Persoan\u0103 de contact<\/span><\/a><\/div><\/div><\/div><\/div><\/div><\/div><\/section>\n","protected":false},"excerpt":{"rendered":"","protected":false},"author":1,"featured_media":0,"parent":0,"menu_order":0,"comment_status":"closed","ping_status":"closed","template":"","meta":{"_acf_changed":false,"inline_featured_image":false,"footnotes":""},"class_list":["post-1035","page","type-page","status-publish","hentry"],"acf":[],"yoast_head":"<!-- This site is optimized with the Yoast SEO plugin v25.6 - https:\/\/yoast.com\/wordpress\/plugins\/seo\/ -->\n<title>Blog - Dav\u00f3 Law Offices<\/title>\n<meta name=\"robots\" content=\"index, follow, max-snippet:-1, max-image-preview:large, max-video-preview:-1\" \/>\n<link rel=\"canonical\" href=\"https:\/\/davolawoffices.com\/ro\/blog\/\" \/>\n<meta property=\"og:locale\" content=\"ro_RO\" \/>\n<meta property=\"og:type\" content=\"article\" \/>\n<meta property=\"og:title\" content=\"Blog - Dav\u00f3 Law Offices\" \/>\n<meta property=\"og:url\" content=\"https:\/\/davolawoffices.com\/ro\/blog\/\" \/>\n<meta property=\"og:site_name\" content=\"Dav\u00f3 Law Offices\" \/>\n<meta property=\"article:modified_time\" content=\"2024-08-14T09:39:18+00:00\" \/>\n<meta name=\"twitter:card\" content=\"summary_large_image\" \/>\n<meta name=\"twitter:label1\" content=\"Timp estimat pentru citire\" \/>\n\t<meta name=\"twitter:data1\" content=\"2 minute\" \/>\n<script type=\"application\/ld+json\" class=\"yoast-schema-graph\">{\"@context\":\"https:\/\/schema.org\",\"@graph\":[{\"@type\":\"WebPage\",\"@id\":\"https:\/\/davolawoffices.com\/ro\/blog\/\",\"url\":\"https:\/\/davolawoffices.com\/ro\/blog\/\",\"name\":\"Blog - Dav\u00f3 Law Offices\",\"isPartOf\":{\"@id\":\"https:\/\/davolawoffices.com\/ro\/#website\"},\"datePublished\":\"2024-07-05T08:11:26+00:00\",\"dateModified\":\"2024-08-14T09:39:18+00:00\",\"breadcrumb\":{\"@id\":\"https:\/\/davolawoffices.com\/ro\/blog\/#breadcrumb\"},\"inLanguage\":\"ro-RO\",\"potentialAction\":[{\"@type\":\"ReadAction\",\"target\":[\"https:\/\/davolawoffices.com\/ro\/blog\/\"]}]},{\"@type\":\"BreadcrumbList\",\"@id\":\"https:\/\/davolawoffices.com\/ro\/blog\/#breadcrumb\",\"itemListElement\":[{\"@type\":\"ListItem\",\"position\":1,\"name\":\"Portada\",\"item\":\"https:\/\/davolawoffices.com\/ro\/\"},{\"@type\":\"ListItem\",\"position\":2,\"name\":\"Blog\"}]},{\"@type\":\"WebSite\",\"@id\":\"https:\/\/davolawoffices.com\/ro\/#website\",\"url\":\"https:\/\/davolawoffices.com\/ro\/\",\"name\":\"Dav\u00f3 Law Offices\",\"description\":\"\",\"publisher\":{\"@id\":\"https:\/\/davolawoffices.com\/ro\/#organization\"},\"potentialAction\":[{\"@type\":\"SearchAction\",\"target\":{\"@type\":\"EntryPoint\",\"urlTemplate\":\"https:\/\/davolawoffices.com\/ro\/?s={search_term_string}\"},\"query-input\":{\"@type\":\"PropertyValueSpecification\",\"valueRequired\":true,\"valueName\":\"search_term_string\"}}],\"inLanguage\":\"ro-RO\"},{\"@type\":\"Organization\",\"@id\":\"https:\/\/davolawoffices.com\/ro\/#organization\",\"name\":\"Dav\u00f3 Law Offices\",\"url\":\"https:\/\/davolawoffices.com\/ro\/\",\"logo\":{\"@type\":\"ImageObject\",\"inLanguage\":\"ro-RO\",\"@id\":\"https:\/\/davolawoffices.com\/ro\/#\/schema\/logo\/image\/\",\"url\":\"https:\/\/davolawoffices.com\/wp-content\/uploads\/2026\/02\/Davo-Law-Office.webp\",\"contentUrl\":\"https:\/\/davolawoffices.com\/wp-content\/uploads\/2026\/02\/Davo-Law-Office.webp\",\"width\":238,\"height\":102,\"caption\":\"Dav\u00f3 Law Offices\"},\"image\":{\"@id\":\"https:\/\/davolawoffices.com\/ro\/#\/schema\/logo\/image\/\"}}]}<\/script>\n<!-- \/ Yoast SEO plugin. -->","yoast_head_json":{"title":"Blog - Dav\u00f3 Law Offices","robots":{"index":"index","follow":"follow","max-snippet":"max-snippet:-1","max-image-preview":"max-image-preview:large","max-video-preview":"max-video-preview:-1"},"canonical":"https:\/\/davolawoffices.com\/ro\/blog\/","og_locale":"ro_RO","og_type":"article","og_title":"Blog - Dav\u00f3 Law Offices","og_url":"https:\/\/davolawoffices.com\/ro\/blog\/","og_site_name":"Dav\u00f3 Law Offices","article_modified_time":"2024-08-14T09:39:18+00:00","twitter_card":"summary_large_image","twitter_misc":{"Timp estimat pentru citire":"2 minute"},"schema":{"@context":"https:\/\/schema.org","@graph":[{"@type":"WebPage","@id":"https:\/\/davolawoffices.com\/ro\/blog\/","url":"https:\/\/davolawoffices.com\/ro\/blog\/","name":"Blog - Dav\u00f3 Law Offices","isPartOf":{"@id":"https:\/\/davolawoffices.com\/ro\/#website"},"datePublished":"2024-07-05T08:11:26+00:00","dateModified":"2024-08-14T09:39:18+00:00","breadcrumb":{"@id":"https:\/\/davolawoffices.com\/ro\/blog\/#breadcrumb"},"inLanguage":"ro-RO","potentialAction":[{"@type":"ReadAction","target":["https:\/\/davolawoffices.com\/ro\/blog\/"]}]},{"@type":"BreadcrumbList","@id":"https:\/\/davolawoffices.com\/ro\/blog\/#breadcrumb","itemListElement":[{"@type":"ListItem","position":1,"name":"Portada","item":"https:\/\/davolawoffices.com\/ro\/"},{"@type":"ListItem","position":2,"name":"Blog"}]},{"@type":"WebSite","@id":"https:\/\/davolawoffices.com\/ro\/#website","url":"https:\/\/davolawoffices.com\/ro\/","name":"Dav\u00f3 Law Offices","description":"","publisher":{"@id":"https:\/\/davolawoffices.com\/ro\/#organization"},"potentialAction":[{"@type":"SearchAction","target":{"@type":"EntryPoint","urlTemplate":"https:\/\/davolawoffices.com\/ro\/?s={search_term_string}"},"query-input":{"@type":"PropertyValueSpecification","valueRequired":true,"valueName":"search_term_string"}}],"inLanguage":"ro-RO"},{"@type":"Organization","@id":"https:\/\/davolawoffices.com\/ro\/#organization","name":"Dav\u00f3 Law Offices","url":"https:\/\/davolawoffices.com\/ro\/","logo":{"@type":"ImageObject","inLanguage":"ro-RO","@id":"https:\/\/davolawoffices.com\/ro\/#\/schema\/logo\/image\/","url":"https:\/\/davolawoffices.com\/wp-content\/uploads\/2026\/02\/Davo-Law-Office.webp","contentUrl":"https:\/\/davolawoffices.com\/wp-content\/uploads\/2026\/02\/Davo-Law-Office.webp","width":238,"height":102,"caption":"Dav\u00f3 Law Offices"},"image":{"@id":"https:\/\/davolawoffices.com\/ro\/#\/schema\/logo\/image\/"}}]}},"_links":{"self":[{"href":"https:\/\/davolawoffices.com\/ro\/wp-json\/wp\/v2\/pages\/1035","targetHints":{"allow":["GET"]}}],"collection":[{"href":"https:\/\/davolawoffices.com\/ro\/wp-json\/wp\/v2\/pages"}],"about":[{"href":"https:\/\/davolawoffices.com\/ro\/wp-json\/wp\/v2\/types\/page"}],"author":[{"embeddable":true,"href":"https:\/\/davolawoffices.com\/ro\/wp-json\/wp\/v2\/users\/1"}],"replies":[{"embeddable":true,"href":"https:\/\/davolawoffices.com\/ro\/wp-json\/wp\/v2\/comments?post=1035"}],"version-history":[{"count":3,"href":"https:\/\/davolawoffices.com\/ro\/wp-json\/wp\/v2\/pages\/1035\/revisions"}],"predecessor-version":[{"id":1408,"href":"https:\/\/davolawoffices.com\/ro\/wp-json\/wp\/v2\/pages\/1035\/revisions\/1408"}],"wp:attachment":[{"href":"https:\/\/davolawoffices.com\/ro\/wp-json\/wp\/v2\/media?parent=1035"}],"curies":[{"name":"wp","href":"https:\/\/api.w.org\/{rel}","templated":true}]}}