{"id":1024,"date":"2024-07-03T13:00:34","date_gmt":"2024-07-03T11:00:34","guid":{"rendered":"https:\/\/davolawoffices.com\/costa-del-sol\/"},"modified":"2025-04-10T12:18:18","modified_gmt":"2025-04-10T10:18:18","slug":"costa-del-sol","status":"publish","type":"page","link":"https:\/\/davolawoffices.com\/ro\/costa-del-sol\/","title":{"rendered":"Costa del sol"},"content":{"rendered":"<section class=\"l-section wpb_row us_custom_edb423b1 section-home height_huge with_video\"><div id=\"us_bg_video_t2ae\" class=\"l-section-video\"><script id=\"us_bg_video_t2ae-script\">!function(w){var node = document.getElementById( 'us_bg_video_t2ae' );if ( w.innerWidth <= 1 ) { node.remove() }}(window);<\/script><style>@media(max-width:1px){#us_bg_video_t2ae{display:none!important}}<\/style><video  autoplay loop muted playsinline preload=\"auto\"><source type=\"video\/webm\" src=\"https:\/\/davolawoffices.com\/wp-content\/uploads\/2024\/07\/34445071-hd-Banda-ancha-baja.webm\" \/><\/video><\/div><div class=\"l-section-overlay\" style=\"background:rgba(0,34,130,0.45)\"><\/div><div class=\"l-section-h i-cf\"><div class=\"g-cols vc_row via_flex valign_middle type_default stacking_default\"><div class=\"vc_col-sm-12 wpb_column vc_column_container\"><div class=\"vc_column-inner\"><div class=\"wpb_wrapper\"><div class=\"w-vwrapper us_custom_e4822ab4 align_none valign_justify\">[vc_custom_heading text=&#8221;AVOCA\u021aI PE COSTA DEL SOL&#8221; font_container=&#8221;tag:h1|text_align:left|color:%23ffffff&#8221; use_theme_fonts=&#8221;yes&#8221; css=&#8221;%7B%22default%22%3A%7B%22margin-left%22%3A%221.2rem%22%2C%22margin-top%22%3A%22-10px%22%7D%7D&#8221;]<div class=\"wpb_text_column us_custom_a3a26f89 has_text_color\"><div class=\"wpb_wrapper\"><p>La DAV\u00d3 LAW OFFICES avem o echip\u0103 specializat\u0103 \u00een dreptul imobiliar. Oferim consultan\u021b\u0103 juridic\u0103 at\u00e2t \u00een tranzac\u021biile de cump\u0103rare \u0219i \u00eenchiriere de bunuri imobiliare, c\u00e2t \u0219i \u00een \u00eenchirierea de bunuri imobiliare. Printre altele, oferim urm\u0103toarele servicii:<\/p>\n<\/div><\/div><\/div><div class=\"w-separator size_medium\"><\/div><div class=\"w-btn-wrapper align_none\"><a class=\"w-btn us-btn-style_3\" href=\"https:\/\/davolawoffices.com\/ro\/persoana-de-contact\/\"><span class=\"w-btn-label\">Vrei s\u0103 vorbim ast\u0103zi?<\/span><\/a><\/div><\/div><\/div><\/div><\/div><\/div><\/section><section class=\"l-section wpb_row height_medium\"><div class=\"l-section-h i-cf\"><div class=\"g-cols vc_row via_flex valign_top type_default stacking_default\"><div class=\"vc_col-sm-6 wpb_column vc_column_container\"><div class=\"vc_column-inner\"><div class=\"wpb_wrapper\"><div class=\"wpb_text_column\"><div class=\"wpb_wrapper\"><h2>Achizi\u021bii de propriet\u0103\u021bi<\/h2>\n<p>Efectu\u0103m toate<br \/>\n<b>consult\u0103ri legate de proprietate<\/b>, inform\u00e2nd cump\u0103r\u0103torul cu privire la situa\u021bia juridic\u0103 a propriet\u0103\u021bii \u0219i asist\u00e2ndu-l \u00een toate fazele <b>tranzac\u021bie<\/b>, de la <b>prima negociere p\u00e2n\u0103 la achizi\u021bionarea \u0219i \u00eenregistrarea propriet\u0103\u021bii \u00een registrul funciar.<\/b><\/p>\n<h2>V\u00e2nz\u0103ri de propriet\u0103\u021bi<\/h2>\n<p>Ne consiliem clien\u021bii pe parcursul \u00eentregului proces de <b>v\u00e2nzare a propriet\u0103\u021bii<\/b>, inclusiv preg\u0103tirea tuturor documentelor necesare pentru<b> v\u00e2nzarea casei sau a terenului lor<\/b>. De asemenea, corect\u0103m eventualele defecte de form\u0103 \u0219i de fond prin intermediul<b> procedurilor administrative \u0219i de \u00eenregistrare<\/b> corespunz\u0103toare \u00eenainte de tranzac\u021bia de v\u00e2nzare.<\/p>\n<h2>Configurarea garan\u021biilor imobiliare<\/h2>\n<p>Oferim asisten\u021b\u0103 clien\u021bilor no\u0219tri \u00een preg\u0103tirea documentelor necesare <b>documenta\u021bie pentru a ob\u021bine finan\u021bare de la b\u0103nci \u00een procesul de achizi\u021bionare a propriet\u0103\u021bilor.<\/b><\/p>\n<h2>Leasing imobiliar<\/h2>\n<p>Oferim sprijin \u00een gestionarea \u0219i redactarea tuturor contractelor necesare pentru <b>\u00eenchirierea de propriet\u0103\u021bi<\/b>, \u00een conformitate cu obliga\u021biile legale \u00een vigoare, at\u00e2t pentru proprietar, c\u00e2t \u0219i pentru chiria\u0219.<\/p>\n<h2>Consultan\u021b\u0103 \u00een materie de planificare urban\u0103<\/h2>\n<p>Exper\u021bii no\u0219tri \u00een drept urbanistic analizeaz\u0103 cu aten\u021bie conformitatea propriet\u0103\u021bii care urmeaz\u0103 s\u0103 fie achizi\u021bionat\u0103 cu<b> legile urbanistice<\/b>. De asemenea, ne ajut\u0103m clien\u021bii \u00een rezolvarea <b>incidentelor urbanistice<\/b> care pot ap\u0103rea, optimiz\u00e2nd timpii, c\u0103ut\u00e2nd \u00eentotdeauna cea mai bun\u0103 ap\u0103rare a intereselor lor, pentru bunul sf\u00e2r\u0219it al <b>opera\u021biunilor imobiliare.<\/b><\/p>\n<\/div><\/div><\/div><\/div><\/div><div class=\"vc_col-sm-6 wpb_column vc_column_container\"><div class=\"vc_column-inner\"><div class=\"wpb_wrapper\"><div class=\"w-image align_none\"><div class=\"w-image-h\"><img decoding=\"async\" width=\"1024\" height=\"768\" src=\"https:\/\/davolawoffices.com\/wp-content\/uploads\/2025\/04\/Malaga-Davo-Law-Offices-1.jpg\" class=\"attachment-large size-large\" alt=\"\" loading=\"lazy\" \/><\/div><\/div><\/div><\/div><\/div><\/div><\/div><\/section><section class=\"l-section wpb_row height_medium with_img parallax_fixed\"><div class=\"l-section-img\" role=\"img\" data-img-width=\"1920\" data-img-height=\"1280\" style=\"background-image: url(https:\/\/davolawoffices.com\/wp-content\/uploads\/2024\/08\/davo-2-scaled.jpg);background-position: top center;\"><\/div><div class=\"l-section-overlay\" style=\"background:rgba(0,34,130,0.50)\"><\/div><div class=\"l-section-h i-cf\"><div class=\"g-cols vc_row via_flex valign_bottom type_default stacking_default\"><div class=\"vc_col-sm-12 wpb_column vc_column_container\"><div class=\"vc_column-inner\"><div class=\"wpb_wrapper\"><div class=\"w-vwrapper us_custom_6890aaff align_none valign_top\" style=\"--vwrapper-gap:0rem\"><div class=\"wpb_text_column us_custom_dc38c19e has_text_color\"><div class=\"wpb_wrapper\"><p>ANGAJA\u021aI S\u0102 <strong>NE<\/strong> AJUT\u0102M <strong>CLIEN\u021aII<\/strong><\/p>\n<\/div><\/div><\/div><div class=\"wpb_text_column us_custom_23cb117d has_text_color\"><div class=\"wpb_wrapper\"><p>La DAVO LAW OFFICES avem echipe \u00een Spania \u0219i Rom\u00e2nia care \u00eemp\u0103rt\u0103\u0219esc o viziune unic\u0103: s\u0103 \u00eenso\u021beasc\u0103 clientul \u00een luarea deciziilor importante prin \u00eemp\u0103rt\u0103\u0219irea obiectivelor \u0219i provoc\u0103rilor acestuia.<\/p>\n<\/div><\/div><div class=\"w-separator size_small\"><\/div><div class=\"w-btn-wrapper align_none\"><a class=\"w-btn us-btn-style_1\" href=\"https:\/\/davolawoffices.com\/ro\/persoana-de-contact\/\"><span class=\"w-btn-label\">Persoan\u0103 de contact<\/span><\/a><\/div><\/div><\/div><\/div><\/div><\/div><\/section>\n","protected":false},"excerpt":{"rendered":"[vc_custom_heading text=\"AVOCA\u021aI PE COSTA DEL SOL\" font_container=\"tag:h1|text_align:left|color:%23ffffff\" use_theme_fonts=\"yes\" css=\"%7B%22default%22%3A%7B%22margin-left%22%3A%221.2rem%22%2C%22margin-top%22%3A%22-10px%22%7D%7D\"]La DAV\u00d3 LAW OFFICES avem o echip\u0103 specializat\u0103 \u00een dreptul imobiliar. Oferim consultan\u021b\u0103 juridic\u0103 at\u00e2t \u00een tranzac\u021biile de cump\u0103rare \u0219i \u00eenchiriere de bunuri imobiliare, c\u00e2t \u0219i \u00een \u00eenchirierea de bunuri imobiliare. Printre altele, oferim urm\u0103toarele servicii: Vrei s\u0103 vorbim ast\u0103zi?Achizi\u021bii de propriet\u0103\u021bi Efectu\u0103m toate consult\u0103ri legate de...","protected":false},"author":1,"featured_media":0,"parent":0,"menu_order":0,"comment_status":"closed","ping_status":"closed","template":"","meta":{"_acf_changed":false,"inline_featured_image":false,"footnotes":""},"class_list":["post-1024","page","type-page","status-publish","hentry"],"acf":[],"yoast_head":"<!-- This site is optimized with the Yoast SEO plugin v25.6 - https:\/\/yoast.com\/wordpress\/plugins\/seo\/ -->\n<title>Costa del sol - Dav\u00f3 Law Offices<\/title>\n<meta name=\"robots\" content=\"index, follow, max-snippet:-1, max-image-preview:large, max-video-preview:-1\" \/>\n<link rel=\"canonical\" href=\"https:\/\/davolawoffices.com\/ro\/costa-del-sol\/\" \/>\n<meta property=\"og:locale\" content=\"ro_RO\" \/>\n<meta property=\"og:type\" content=\"article\" \/>\n<meta property=\"og:title\" content=\"Costa del sol - Dav\u00f3 Law Offices\" \/>\n<meta property=\"og:url\" content=\"https:\/\/davolawoffices.com\/ro\/costa-del-sol\/\" \/>\n<meta property=\"og:site_name\" content=\"Dav\u00f3 Law Offices\" \/>\n<meta property=\"article:modified_time\" content=\"2025-04-10T10:18:18+00:00\" \/>\n<meta name=\"twitter:card\" content=\"summary_large_image\" \/>\n<meta name=\"twitter:label1\" content=\"Timp estimat pentru citire\" \/>\n\t<meta name=\"twitter:data1\" content=\"2 minute\" \/>\n<script type=\"application\/ld+json\" class=\"yoast-schema-graph\">{\"@context\":\"https:\/\/schema.org\",\"@graph\":[{\"@type\":\"WebPage\",\"@id\":\"https:\/\/davolawoffices.com\/ro\/costa-del-sol\/\",\"url\":\"https:\/\/davolawoffices.com\/ro\/costa-del-sol\/\",\"name\":\"Costa del sol - Dav\u00f3 Law Offices\",\"isPartOf\":{\"@id\":\"https:\/\/davolawoffices.com\/ro\/#website\"},\"datePublished\":\"2024-07-03T11:00:34+00:00\",\"dateModified\":\"2025-04-10T10:18:18+00:00\",\"breadcrumb\":{\"@id\":\"https:\/\/davolawoffices.com\/ro\/costa-del-sol\/#breadcrumb\"},\"inLanguage\":\"ro-RO\",\"potentialAction\":[{\"@type\":\"ReadAction\",\"target\":[\"https:\/\/davolawoffices.com\/ro\/costa-del-sol\/\"]}]},{\"@type\":\"BreadcrumbList\",\"@id\":\"https:\/\/davolawoffices.com\/ro\/costa-del-sol\/#breadcrumb\",\"itemListElement\":[{\"@type\":\"ListItem\",\"position\":1,\"name\":\"Portada\",\"item\":\"https:\/\/davolawoffices.com\/ro\/\"},{\"@type\":\"ListItem\",\"position\":2,\"name\":\"Costa del sol\"}]},{\"@type\":\"WebSite\",\"@id\":\"https:\/\/davolawoffices.com\/ro\/#website\",\"url\":\"https:\/\/davolawoffices.com\/ro\/\",\"name\":\"Dav\u00f3 Law Offices\",\"description\":\"\",\"publisher\":{\"@id\":\"https:\/\/davolawoffices.com\/ro\/#organization\"},\"potentialAction\":[{\"@type\":\"SearchAction\",\"target\":{\"@type\":\"EntryPoint\",\"urlTemplate\":\"https:\/\/davolawoffices.com\/ro\/?s={search_term_string}\"},\"query-input\":{\"@type\":\"PropertyValueSpecification\",\"valueRequired\":true,\"valueName\":\"search_term_string\"}}],\"inLanguage\":\"ro-RO\"},{\"@type\":\"Organization\",\"@id\":\"https:\/\/davolawoffices.com\/ro\/#organization\",\"name\":\"Dav\u00f3 Law Offices\",\"url\":\"https:\/\/davolawoffices.com\/ro\/\",\"logo\":{\"@type\":\"ImageObject\",\"inLanguage\":\"ro-RO\",\"@id\":\"https:\/\/davolawoffices.com\/ro\/#\/schema\/logo\/image\/\",\"url\":\"https:\/\/davolawoffices.com\/wp-content\/uploads\/2026\/02\/Davo-Law-Office.webp\",\"contentUrl\":\"https:\/\/davolawoffices.com\/wp-content\/uploads\/2026\/02\/Davo-Law-Office.webp\",\"width\":238,\"height\":102,\"caption\":\"Dav\u00f3 Law Offices\"},\"image\":{\"@id\":\"https:\/\/davolawoffices.com\/ro\/#\/schema\/logo\/image\/\"}}]}<\/script>\n<!-- \/ Yoast SEO plugin. -->","yoast_head_json":{"title":"Costa del sol - Dav\u00f3 Law Offices","robots":{"index":"index","follow":"follow","max-snippet":"max-snippet:-1","max-image-preview":"max-image-preview:large","max-video-preview":"max-video-preview:-1"},"canonical":"https:\/\/davolawoffices.com\/ro\/costa-del-sol\/","og_locale":"ro_RO","og_type":"article","og_title":"Costa del sol - Dav\u00f3 Law Offices","og_url":"https:\/\/davolawoffices.com\/ro\/costa-del-sol\/","og_site_name":"Dav\u00f3 Law Offices","article_modified_time":"2025-04-10T10:18:18+00:00","twitter_card":"summary_large_image","twitter_misc":{"Timp estimat pentru citire":"2 minute"},"schema":{"@context":"https:\/\/schema.org","@graph":[{"@type":"WebPage","@id":"https:\/\/davolawoffices.com\/ro\/costa-del-sol\/","url":"https:\/\/davolawoffices.com\/ro\/costa-del-sol\/","name":"Costa del sol - Dav\u00f3 Law Offices","isPartOf":{"@id":"https:\/\/davolawoffices.com\/ro\/#website"},"datePublished":"2024-07-03T11:00:34+00:00","dateModified":"2025-04-10T10:18:18+00:00","breadcrumb":{"@id":"https:\/\/davolawoffices.com\/ro\/costa-del-sol\/#breadcrumb"},"inLanguage":"ro-RO","potentialAction":[{"@type":"ReadAction","target":["https:\/\/davolawoffices.com\/ro\/costa-del-sol\/"]}]},{"@type":"BreadcrumbList","@id":"https:\/\/davolawoffices.com\/ro\/costa-del-sol\/#breadcrumb","itemListElement":[{"@type":"ListItem","position":1,"name":"Portada","item":"https:\/\/davolawoffices.com\/ro\/"},{"@type":"ListItem","position":2,"name":"Costa del sol"}]},{"@type":"WebSite","@id":"https:\/\/davolawoffices.com\/ro\/#website","url":"https:\/\/davolawoffices.com\/ro\/","name":"Dav\u00f3 Law Offices","description":"","publisher":{"@id":"https:\/\/davolawoffices.com\/ro\/#organization"},"potentialAction":[{"@type":"SearchAction","target":{"@type":"EntryPoint","urlTemplate":"https:\/\/davolawoffices.com\/ro\/?s={search_term_string}"},"query-input":{"@type":"PropertyValueSpecification","valueRequired":true,"valueName":"search_term_string"}}],"inLanguage":"ro-RO"},{"@type":"Organization","@id":"https:\/\/davolawoffices.com\/ro\/#organization","name":"Dav\u00f3 Law Offices","url":"https:\/\/davolawoffices.com\/ro\/","logo":{"@type":"ImageObject","inLanguage":"ro-RO","@id":"https:\/\/davolawoffices.com\/ro\/#\/schema\/logo\/image\/","url":"https:\/\/davolawoffices.com\/wp-content\/uploads\/2026\/02\/Davo-Law-Office.webp","contentUrl":"https:\/\/davolawoffices.com\/wp-content\/uploads\/2026\/02\/Davo-Law-Office.webp","width":238,"height":102,"caption":"Dav\u00f3 Law Offices"},"image":{"@id":"https:\/\/davolawoffices.com\/ro\/#\/schema\/logo\/image\/"}}]}},"_links":{"self":[{"href":"https:\/\/davolawoffices.com\/ro\/wp-json\/wp\/v2\/pages\/1024","targetHints":{"allow":["GET"]}}],"collection":[{"href":"https:\/\/davolawoffices.com\/ro\/wp-json\/wp\/v2\/pages"}],"about":[{"href":"https:\/\/davolawoffices.com\/ro\/wp-json\/wp\/v2\/types\/page"}],"author":[{"embeddable":true,"href":"https:\/\/davolawoffices.com\/ro\/wp-json\/wp\/v2\/users\/1"}],"replies":[{"embeddable":true,"href":"https:\/\/davolawoffices.com\/ro\/wp-json\/wp\/v2\/comments?post=1024"}],"version-history":[{"count":26,"href":"https:\/\/davolawoffices.com\/ro\/wp-json\/wp\/v2\/pages\/1024\/revisions"}],"predecessor-version":[{"id":6024,"href":"https:\/\/davolawoffices.com\/ro\/wp-json\/wp\/v2\/pages\/1024\/revisions\/6024"}],"wp:attachment":[{"href":"https:\/\/davolawoffices.com\/ro\/wp-json\/wp\/v2\/media?parent=1024"}],"curies":[{"name":"wp","href":"https:\/\/api.w.org\/{rel}","templated":true}]}}