{"id":751,"date":"2024-07-05T10:11:26","date_gmt":"2024-07-05T08:11:26","guid":{"rendered":"https:\/\/davolawoffices.com\/blog\/"},"modified":"2024-08-14T14:49:04","modified_gmt":"2024-08-14T12:49:04","slug":"blog","status":"publish","type":"page","link":"https:\/\/davolawoffices.com\/es\/blog\/","title":{"rendered":"Blog"},"content":{"rendered":"<section class=\"l-section wpb_row us_custom_edb423b1 section-home height_huge with_img\"><div class=\"l-section-img\" role=\"img\" data-img-width=\"1920\" data-img-height=\"843\" style=\"background-image: url(https:\/\/davolawoffices.com\/wp-content\/uploads\/2024\/05\/fondo-2.jpg);\"><\/div><div class=\"l-section-h i-cf\"><div class=\"g-cols vc_row via_flex valign_middle type_default stacking_default\"><div class=\"vc_col-sm-12 wpb_column vc_column_container\"><div class=\"vc_column-inner\"><div class=\"wpb_wrapper\"><div class=\"w-vwrapper us_custom_e4822ab4 align_none valign_justify\">[vc_custom_heading text=\u00bb\u00daltimas noticias\u00bb font_container=\u00bbtag:h1|text_align:left|color:%23ffffff\u00bb use_theme_fonts=\u00bbyes\u00bb css=\u00bb%7B%22default%22%3A%7B%22margin-left%22%3A%221.2rem%22%2C%22margin-top%22%3A%22-10px%22%7D%7D\u00bb]<div class=\"wpb_text_column us_custom_88e7834e has_text_color\"><div class=\"wpb_wrapper\"><p>Presta atenci\u00f3n a nuestras \u00faltimas noticias.<\/p>\n<\/div><\/div><\/div><\/div><\/div><\/div><\/div><\/div><\/section><section class=\"l-section wpb_row height_medium\"><div class=\"l-section-h i-cf\"><div class=\"g-cols vc_row via_flex valign_top type_default stacking_default\"><div class=\"vc_col-sm-12 wpb_column vc_column_container\"><div class=\"vc_column-inner\"><div class=\"wpb_wrapper\"><div class=\"w-grid type_grid layout_740 cols_4 overflow_hidden with_filters\" id=\"us_grid_1\" style=\"--columns:4;--gap:1.5rem;\"><style>@media (max-width:1280px){#us_grid_1{--columns:3!important}}@media (max-width:992px){#us_grid_1{--columns:2!important}}@media (max-width:600px){#us_grid_1{--columns:1!important}}.layout_740 .w-grid-item-h{background:var(--color-content-bg);color:var(--color-content-text)}.layout_740 .usg_post_image_1{margin-bottom:-2rem!important}.layout_740 .usg_post_title_1{font-size:1.4rem!important;font-weight:700!important}.layout_740 .usg_vwrapper_1{margin-top:2rem!important;padding:9% 5% 11% 5%!important}.layout_740 .usg_post_taxonomy_1{font-weight:700!important;text-transform:uppercase!important;font-size:10px!important;position:absolute!important;z-index:2!important;top:1.2rem!important;right:1.2rem!important;left:1.2rem!important}@media (max-width:600px){.layout_740 .usg_post_title_1{font-size:1.2rem!important}}<\/style><div class=\"g-filters style_1 align_center\"><button class=\"g-filters-item active\" data-taxonomy=\"*\"><span>Todo<\/span><\/button><button class=\"g-filters-item\" data-taxonomy=\"noticias\" data-amount=\"2\"><span>noticias<\/span><span class=\"g-filters-item-amount\">2<\/span><\/button><button class=\"g-filters-item\" data-taxonomy=\"sin-categorizar\" data-amount=\"3\"><span>Sin categorizar<\/span><span class=\"g-filters-item-amount\">3<\/span><\/button><\/div><div class=\"w-grid-list\" data-filter_taxonomy_name=\"category\">\t<article class=\"w-grid-item size_1x1 post-12805 post type-post status-publish format-standard has-post-thumbnail hentry category-sin-categorizar\" data-id=\"12805\">\r\n\t\t<div class=\"w-grid-item-h\">\r\n\t\t\t\t\t\t<div class=\"w-post-elm post_image usg_post_image_1 stretched\"><a href=\"https:\/\/davolawoffices.com\/es\/blog\/exequatur-chile\/\" aria-label=\"Exequatur Chile: Regulaci\u00f3n, Requisitos y Reconocimiento de Sentencias\"><img loading=\"lazy\" decoding=\"async\" width=\"1024\" height=\"798\" src=\"https:\/\/davolawoffices.com\/wp-content\/uploads\/2025\/12\/low-angle-view-statue-building-against-clear-sky-1-1-1024x798.jpg\" class=\"attachment-large size-large wp-post-image\" alt=\"\" \/><\/a><\/div><div class=\"w-post-elm post_taxonomy usg_post_taxonomy_1 style_badge color_link_inherit\"><a class=\"w-btn us-btn-style_badge term-4 term-sin-categorizar\" href=\"https:\/\/davolawoffices.com\/es\/category\/sin-categorizar\/\"><span class=\"w-btn-label\">Sin categorizar<\/span><\/a><\/div><div class=\"w-vwrapper usg_vwrapper_1\"><h2 class=\"w-post-elm post_title usg_post_title_1 entry-title color_link_inherit\"><a href=\"https:\/\/davolawoffices.com\/es\/blog\/exequatur-chile\/\">Exequatur Chile: Regulaci\u00f3n, Requisitos y Reconocimiento de Sentencias<\/a><\/h2><div class=\"w-post-elm post_content usg_post_content_1\">El Exequatur Chile es un proceso legal clave para el reconocimiento de sentencias extranjeras en el pa\u00eds. Este mecanismo se&hellip;<\/div><\/div>\t\t<\/div>\r\n\t\t\t<\/article>\r\n\t<article class=\"w-grid-item size_1x1 post-12783 post type-post status-publish format-standard has-post-thumbnail hentry category-noticias category-sin-categorizar\" data-id=\"12783\">\r\n\t\t<div class=\"w-grid-item-h\">\r\n\t\t\t\t\t\t<div class=\"w-post-elm post_image usg_post_image_1 stretched\"><a href=\"https:\/\/davolawoffices.com\/es\/blog\/reconocimiento-y-ejecucion-de-sentencias-y-laudos-arbitrales-extranjeros-en-espana\/\" aria-label=\"Pasos y claves para el reconocimiento y ejecuci\u00f3n de sentencias y laudos arbitrales extranjeros en Espa\u00f1a\"><img loading=\"lazy\" decoding=\"async\" width=\"1024\" height=\"683\" src=\"https:\/\/davolawoffices.com\/wp-content\/uploads\/2025\/12\/meeting-with-legal-expert-international-trade-generative-ai-1-1-1024x683.jpg\" class=\"attachment-large size-large wp-post-image\" alt=\"\" \/><\/a><\/div><div class=\"w-post-elm post_taxonomy usg_post_taxonomy_1 style_badge color_link_inherit\"><div class=\"w-post-elm-list\"><a class=\"w-btn us-btn-style_badge term-33 term-noticias\" href=\"https:\/\/davolawoffices.com\/es\/category\/noticias\/\"><span class=\"w-btn-label\">noticias<\/span><\/a><a class=\"w-btn us-btn-style_badge term-4 term-sin-categorizar\" href=\"https:\/\/davolawoffices.com\/es\/category\/sin-categorizar\/\"><span class=\"w-btn-label\">Sin categorizar<\/span><\/a><\/div><\/div><div class=\"w-vwrapper usg_vwrapper_1\"><h2 class=\"w-post-elm post_title usg_post_title_1 entry-title color_link_inherit\"><a href=\"https:\/\/davolawoffices.com\/es\/blog\/reconocimiento-y-ejecucion-de-sentencias-y-laudos-arbitrales-extranjeros-en-espana\/\">Pasos y claves para el reconocimiento y ejecuci\u00f3n de sentencias y laudos arbitrales extranjeros en Espa\u00f1a<\/a><\/h2><div class=\"w-post-elm post_content usg_post_content_1\">En un mundo globalizado, no es raro que empresas y particulares enfrenten litigios en distintos pa\u00edses. Cuando una sentencia o&hellip;<\/div><\/div>\t\t<\/div>\r\n\t\t\t<\/article>\r\n\t<article class=\"w-grid-item size_1x1 post-12662 post type-post status-publish format-standard has-post-thumbnail hentry category-sin-categorizar\" data-id=\"12662\">\r\n\t\t<div class=\"w-grid-item-h\">\r\n\t\t\t\t\t\t<div class=\"w-post-elm post_image usg_post_image_1 stretched\"><a href=\"https:\/\/davolawoffices.com\/es\/blog\/licencias-turisticas-2025\/\" aria-label=\"Licencias tur\u00edsticas en 2025: los nuevos requisitos legales que debes conocer\"><img loading=\"lazy\" decoding=\"async\" width=\"1024\" height=\"683\" src=\"https:\/\/davolawoffices.com\/wp-content\/uploads\/2025\/11\/casa-de-juguete-detras-de-lupa-2.jpg\" class=\"attachment-large size-large wp-post-image\" alt=\"ley de vivienda 2025\" \/><\/a><\/div><div class=\"w-post-elm post_taxonomy usg_post_taxonomy_1 style_badge color_link_inherit\"><a class=\"w-btn us-btn-style_badge term-4 term-sin-categorizar\" href=\"https:\/\/davolawoffices.com\/es\/category\/sin-categorizar\/\"><span class=\"w-btn-label\">Sin categorizar<\/span><\/a><\/div><div class=\"w-vwrapper usg_vwrapper_1\"><h2 class=\"w-post-elm post_title usg_post_title_1 entry-title color_link_inherit\"><a href=\"https:\/\/davolawoffices.com\/es\/blog\/licencias-turisticas-2025\/\">Licencias tur\u00edsticas en 2025: los nuevos requisitos legales que debes conocer<\/a><\/h2><div class=\"w-post-elm post_content usg_post_content_1\">&nbsp; El marco jur\u00eddico de las viviendas de uso tur\u00edstico ha cambiado de forma significativa en 2025. Hasta ahora, quienes&hellip;<\/div><\/div>\t\t<\/div>\r\n\t\t\t<\/article>\r\n\t<article class=\"w-grid-item size_1x1 post-2974 post type-post status-publish format-standard has-post-thumbnail hentry category-noticias\" data-id=\"2974\">\r\n\t\t<div class=\"w-grid-item-h\">\r\n\t\t\t\t\t\t<div class=\"w-post-elm post_image usg_post_image_1 stretched\"><a href=\"https:\/\/davolawoffices.com\/es\/blog\/vicios-ocultos-en-la-vivienda\/\" aria-label=\"El comprador ante los vicios ocultos en la vivienda\"><img loading=\"lazy\" decoding=\"async\" width=\"1000\" height=\"667\" src=\"https:\/\/davolawoffices.com\/wp-content\/uploads\/2024\/11\/vicios-ocultos.jpg\" class=\"attachment-large size-large wp-post-image\" alt=\"vicios ocultos\" \/><\/a><\/div><div class=\"w-post-elm post_taxonomy usg_post_taxonomy_1 style_badge color_link_inherit\"><a class=\"w-btn us-btn-style_badge term-33 term-noticias\" href=\"https:\/\/davolawoffices.com\/es\/category\/noticias\/\"><span class=\"w-btn-label\">noticias<\/span><\/a><\/div><div class=\"w-vwrapper usg_vwrapper_1\"><h2 class=\"w-post-elm post_title usg_post_title_1 entry-title color_link_inherit\"><a href=\"https:\/\/davolawoffices.com\/es\/blog\/vicios-ocultos-en-la-vivienda\/\">El comprador ante los vicios ocultos en la vivienda<\/a><\/h2><div class=\"w-post-elm post_content usg_post_content_1\">Es habitual el temor del comprador que adquiere una vivienda sobre plano o de obra nueva de comprobar que lo&hellip;<\/div><\/div>\t\t<\/div>\r\n\t\t\t<\/article>\r\n<\/div><div class=\"w-grid-preloader\">\t<div class=\"g-preloader type_1\">\r\n\t\t<div><\/div>\r\n\t<\/div>\r\n\t<\/div>\t<div class=\"w-grid-json hidden\" onclick='return {&quot;action&quot;:&quot;us_ajax_grid&quot;,&quot;infinite_scroll&quot;:0,&quot;max_num_pages&quot;:1,&quot;pagination&quot;:&quot;none&quot;,&quot;template_vars&quot;:{&quot;columns&quot;:&quot;4&quot;,&quot;exclude_items&quot;:&quot;none&quot;,&quot;img_size&quot;:&quot;default&quot;,&quot;ignore_items_size&quot;:0,&quot;items_layout&quot;:&quot;740&quot;,&quot;items_offset&quot;:&quot;1&quot;,&quot;load_animation&quot;:&quot;none&quot;,&quot;overriding_link&quot;:&quot;%7B%22url%22%3A%22%22%7D&quot;,&quot;post_id&quot;:0,&quot;query_args&quot;:{&quot;post_type&quot;:[&quot;post&quot;],&quot;post_status&quot;:[&quot;publish&quot;,&quot;acf-disabled&quot;],&quot;posts_per_page&quot;:&quot;8&quot;},&quot;orderby_query_args&quot;:{&quot;orderby&quot;:{&quot;date&quot;:&quot;DESC&quot;}},&quot;type&quot;:&quot;grid&quot;,&quot;us_grid_post_type&quot;:&quot;post&quot;,&quot;us_grid_ajax_index&quot;:1,&quot;us_grid_filter_query_string&quot;:null,&quot;us_grid_index&quot;:1,&quot;page_args&quot;:[],&quot;lang&quot;:&quot;es&quot;}}'><\/div>\r\n\t<\/div><\/div><\/div><\/div><\/div><\/div><\/section><section class=\"l-section wpb_row height_medium with_img parallax_fixed\"><div class=\"l-section-img\" role=\"img\" data-img-width=\"1920\" data-img-height=\"1280\" style=\"background-image: url(https:\/\/davolawoffices.com\/wp-content\/uploads\/2024\/08\/davo-2-scaled.jpg);background-position: top center;\"><\/div><div class=\"l-section-overlay\" style=\"background:rgba(0,34,130,0.50)\"><\/div><div class=\"l-section-h i-cf\"><div class=\"g-cols vc_row via_flex valign_bottom type_default stacking_default\"><div class=\"vc_col-sm-12 wpb_column vc_column_container\"><div class=\"vc_column-inner\"><div class=\"wpb_wrapper\"><div class=\"w-vwrapper us_custom_6890aaff align_none valign_top\" style=\"--vwrapper-gap:0rem\"><div class=\"wpb_text_column us_custom_dc38c19e has_text_color\"><div class=\"wpb_wrapper\"><p>COMMITTED TO HELPING <strong>OUR CLIENTS<\/strong><\/p>\n<\/div><\/div><\/div><div class=\"wpb_text_column us_custom_23cb117d has_text_color\"><div class=\"wpb_wrapper\"><p>En DAVO ABOGADOS contamos con equipos en Espa\u00f1a y Ruman\u00eda que comparten una visi\u00f3n \u00fanica: acompa\u00f1ar al cliente en la toma de decisiones importantes compartiendo sus objetivos y retos.<\/p>\n<\/div><\/div><div class=\"w-separator size_small\"><\/div><div class=\"w-btn-wrapper align_none\"><a class=\"w-btn us-btn-style_1\" href=\"https:\/\/davolawoffices.com\/es\/contacto\/\"><span class=\"w-btn-label\">Contacto<\/span><\/a><\/div><\/div><\/div><\/div><\/div><\/div><\/section>\n","protected":false},"excerpt":{"rendered":"Es habitual el temor del comprador que adquiere una vivienda sobre plano o de obra nueva de comprobar que lo adquirido no se corresponde con lo contratado y prometido: diferencias de superficie, calidades inferiores a las previstas, defectos en la construcci\u00f3n que se van revelando a medida que se hace uso del inmueble, etc. Ya...","protected":false},"author":1,"featured_media":0,"parent":0,"menu_order":0,"comment_status":"closed","ping_status":"closed","template":"","meta":{"_acf_changed":false,"inline_featured_image":false,"footnotes":""},"class_list":["post-751","page","type-page","status-publish","hentry"],"acf":[],"yoast_head":"<!-- This site is optimized with the Yoast SEO plugin v25.6 - https:\/\/yoast.com\/wordpress\/plugins\/seo\/ -->\n<title>Blog - Dav\u00f3 Law Offices<\/title>\n<meta name=\"robots\" content=\"index, follow, max-snippet:-1, max-image-preview:large, max-video-preview:-1\" \/>\n<link rel=\"canonical\" href=\"https:\/\/davolawoffices.com\/es\/blog\/\" \/>\n<meta property=\"og:locale\" content=\"es_ES\" \/>\n<meta property=\"og:type\" content=\"article\" \/>\n<meta property=\"og:title\" content=\"Blog - Dav\u00f3 Law Offices\" \/>\n<meta property=\"og:url\" content=\"https:\/\/davolawoffices.com\/es\/blog\/\" \/>\n<meta property=\"og:site_name\" content=\"Dav\u00f3 Law Offices\" \/>\n<meta property=\"article:modified_time\" content=\"2024-08-14T12:49:04+00:00\" \/>\n<meta name=\"twitter:card\" content=\"summary_large_image\" \/>\n<meta name=\"twitter:label1\" content=\"Tiempo de lectura\" \/>\n\t<meta name=\"twitter:data1\" content=\"1 minuto\" \/>\n<script type=\"application\/ld+json\" class=\"yoast-schema-graph\">{\"@context\":\"https:\/\/schema.org\",\"@graph\":[{\"@type\":\"WebPage\",\"@id\":\"https:\/\/davolawoffices.com\/es\/blog\/\",\"url\":\"https:\/\/davolawoffices.com\/es\/blog\/\",\"name\":\"Blog - Dav\u00f3 Law Offices\",\"isPartOf\":{\"@id\":\"https:\/\/davolawoffices.com\/es\/#website\"},\"datePublished\":\"2024-07-05T08:11:26+00:00\",\"dateModified\":\"2024-08-14T12:49:04+00:00\",\"breadcrumb\":{\"@id\":\"https:\/\/davolawoffices.com\/es\/blog\/#breadcrumb\"},\"inLanguage\":\"es\",\"potentialAction\":[{\"@type\":\"ReadAction\",\"target\":[\"https:\/\/davolawoffices.com\/es\/blog\/\"]}]},{\"@type\":\"BreadcrumbList\",\"@id\":\"https:\/\/davolawoffices.com\/es\/blog\/#breadcrumb\",\"itemListElement\":[{\"@type\":\"ListItem\",\"position\":1,\"name\":\"Portada\",\"item\":\"https:\/\/davolawoffices.com\/es\/\"},{\"@type\":\"ListItem\",\"position\":2,\"name\":\"Blog\"}]},{\"@type\":\"WebSite\",\"@id\":\"https:\/\/davolawoffices.com\/es\/#website\",\"url\":\"https:\/\/davolawoffices.com\/es\/\",\"name\":\"Dav\u00f3 Law Offices\",\"description\":\"\",\"publisher\":{\"@id\":\"https:\/\/davolawoffices.com\/es\/#organization\"},\"potentialAction\":[{\"@type\":\"SearchAction\",\"target\":{\"@type\":\"EntryPoint\",\"urlTemplate\":\"https:\/\/davolawoffices.com\/es\/?s={search_term_string}\"},\"query-input\":{\"@type\":\"PropertyValueSpecification\",\"valueRequired\":true,\"valueName\":\"search_term_string\"}}],\"inLanguage\":\"es\"},{\"@type\":\"Organization\",\"@id\":\"https:\/\/davolawoffices.com\/es\/#organization\",\"name\":\"Dav\u00f3 Law Offices\",\"url\":\"https:\/\/davolawoffices.com\/es\/\",\"logo\":{\"@type\":\"ImageObject\",\"inLanguage\":\"es\",\"@id\":\"https:\/\/davolawoffices.com\/es\/#\/schema\/logo\/image\/\",\"url\":\"https:\/\/davolawoffices.com\/wp-content\/uploads\/2026\/02\/Davo-Law-Office.webp\",\"contentUrl\":\"https:\/\/davolawoffices.com\/wp-content\/uploads\/2026\/02\/Davo-Law-Office.webp\",\"width\":238,\"height\":102,\"caption\":\"Dav\u00f3 Law Offices\"},\"image\":{\"@id\":\"https:\/\/davolawoffices.com\/es\/#\/schema\/logo\/image\/\"}}]}<\/script>\n<!-- \/ Yoast SEO plugin. -->","yoast_head_json":{"title":"Blog - Dav\u00f3 Law Offices","robots":{"index":"index","follow":"follow","max-snippet":"max-snippet:-1","max-image-preview":"max-image-preview:large","max-video-preview":"max-video-preview:-1"},"canonical":"https:\/\/davolawoffices.com\/es\/blog\/","og_locale":"es_ES","og_type":"article","og_title":"Blog - Dav\u00f3 Law Offices","og_url":"https:\/\/davolawoffices.com\/es\/blog\/","og_site_name":"Dav\u00f3 Law Offices","article_modified_time":"2024-08-14T12:49:04+00:00","twitter_card":"summary_large_image","twitter_misc":{"Tiempo de lectura":"1 minuto"},"schema":{"@context":"https:\/\/schema.org","@graph":[{"@type":"WebPage","@id":"https:\/\/davolawoffices.com\/es\/blog\/","url":"https:\/\/davolawoffices.com\/es\/blog\/","name":"Blog - Dav\u00f3 Law Offices","isPartOf":{"@id":"https:\/\/davolawoffices.com\/es\/#website"},"datePublished":"2024-07-05T08:11:26+00:00","dateModified":"2024-08-14T12:49:04+00:00","breadcrumb":{"@id":"https:\/\/davolawoffices.com\/es\/blog\/#breadcrumb"},"inLanguage":"es","potentialAction":[{"@type":"ReadAction","target":["https:\/\/davolawoffices.com\/es\/blog\/"]}]},{"@type":"BreadcrumbList","@id":"https:\/\/davolawoffices.com\/es\/blog\/#breadcrumb","itemListElement":[{"@type":"ListItem","position":1,"name":"Portada","item":"https:\/\/davolawoffices.com\/es\/"},{"@type":"ListItem","position":2,"name":"Blog"}]},{"@type":"WebSite","@id":"https:\/\/davolawoffices.com\/es\/#website","url":"https:\/\/davolawoffices.com\/es\/","name":"Dav\u00f3 Law Offices","description":"","publisher":{"@id":"https:\/\/davolawoffices.com\/es\/#organization"},"potentialAction":[{"@type":"SearchAction","target":{"@type":"EntryPoint","urlTemplate":"https:\/\/davolawoffices.com\/es\/?s={search_term_string}"},"query-input":{"@type":"PropertyValueSpecification","valueRequired":true,"valueName":"search_term_string"}}],"inLanguage":"es"},{"@type":"Organization","@id":"https:\/\/davolawoffices.com\/es\/#organization","name":"Dav\u00f3 Law Offices","url":"https:\/\/davolawoffices.com\/es\/","logo":{"@type":"ImageObject","inLanguage":"es","@id":"https:\/\/davolawoffices.com\/es\/#\/schema\/logo\/image\/","url":"https:\/\/davolawoffices.com\/wp-content\/uploads\/2026\/02\/Davo-Law-Office.webp","contentUrl":"https:\/\/davolawoffices.com\/wp-content\/uploads\/2026\/02\/Davo-Law-Office.webp","width":238,"height":102,"caption":"Dav\u00f3 Law Offices"},"image":{"@id":"https:\/\/davolawoffices.com\/es\/#\/schema\/logo\/image\/"}}]}},"_links":{"self":[{"href":"https:\/\/davolawoffices.com\/es\/wp-json\/wp\/v2\/pages\/751","targetHints":{"allow":["GET"]}}],"collection":[{"href":"https:\/\/davolawoffices.com\/es\/wp-json\/wp\/v2\/pages"}],"about":[{"href":"https:\/\/davolawoffices.com\/es\/wp-json\/wp\/v2\/types\/page"}],"author":[{"embeddable":true,"href":"https:\/\/davolawoffices.com\/es\/wp-json\/wp\/v2\/users\/1"}],"replies":[{"embeddable":true,"href":"https:\/\/davolawoffices.com\/es\/wp-json\/wp\/v2\/comments?post=751"}],"version-history":[{"count":10,"href":"https:\/\/davolawoffices.com\/es\/wp-json\/wp\/v2\/pages\/751\/revisions"}],"predecessor-version":[{"id":1529,"href":"https:\/\/davolawoffices.com\/es\/wp-json\/wp\/v2\/pages\/751\/revisions\/1529"}],"wp:attachment":[{"href":"https:\/\/davolawoffices.com\/es\/wp-json\/wp\/v2\/media?parent=751"}],"curies":[{"name":"wp","href":"https:\/\/api.w.org\/{rel}","templated":true}]}}