{"id":555,"date":"2022-09-30T13:26:09","date_gmt":"2022-09-30T11:26:09","guid":{"rendered":"https:\/\/davolawoffices.com\/contacto\/"},"modified":"2025-04-24T09:29:25","modified_gmt":"2025-04-24T07:29:25","slug":"contacto","status":"publish","type":"page","link":"https:\/\/davolawoffices.com\/es\/contacto\/","title":{"rendered":"Contacto"},"content":{"rendered":"<section class=\"l-section wpb_row us_custom_edb423b1 section-home height_huge with_img\"><div class=\"l-section-img\" role=\"img\" data-img-width=\"1500\" data-img-height=\"1000\" style=\"background-image: url(https:\/\/davolawoffices.com\/wp-content\/uploads\/2024\/07\/526.jpg);\"><\/div><div class=\"l-section-overlay\" style=\"background:rgba(0,34,130,0.50)\"><\/div><div class=\"l-section-h i-cf\"><div class=\"g-cols vc_row via_flex valign_middle type_default stacking_default\"><div class=\"vc_col-sm-12 wpb_column vc_column_container\"><div class=\"vc_column-inner\"><div class=\"wpb_wrapper\"><div class=\"w-vwrapper us_custom_e4822ab4 align_none valign_justify\">[vc_custom_heading text=\u00bbContacta con nosotros\u00bb font_container=\u00bbtag:h1|text_align:left|color:%23ffffff\u00bb use_theme_fonts=\u00bbyes\u00bb css=\u00bb%7B%22default%22%3A%7B%22margin-left%22%3A%221.2rem%22%2C%22margin-top%22%3A%22-10px%22%7D%7D\u00bb]<div class=\"wpb_text_column us_custom_88e7834e has_text_color\"><div class=\"wpb_wrapper\"><p>\u00bfNecesita ayuda con su caso? Contacte con nosotros, le ayudaremos a solucionarlo.<\/p>\n<\/div><\/div><\/div><\/div><\/div><\/div><\/div><\/div><\/section><section class=\"l-section wpb_row height_medium\"><div class=\"l-section-h i-cf\"><div class=\"g-cols vc_row via_flex valign_middle type_default stacking_default\"><div class=\"vc_col-sm-6 wpb_column vc_column_container\"><div class=\"vc_column-inner\"><div class=\"wpb_wrapper\"><div class=\"w-hwrapper valign_middle align_center\"><div class=\"w-vwrapper us_custom_7720853b align_left valign_middle\" style=\"--vwrapper-gap:1.5rem\"><div class=\"wpb_text_column us_custom_a0babb7b\"><div class=\"wpb_wrapper\"><p class=\"text-deco-white\">CONTACTO<\/p>\n<\/div><\/div>\n<div class=\"wpcf7 no-js\" id=\"wpcf7-f603-o1\" lang=\"es-ES\" dir=\"ltr\" data-wpcf7-id=\"603\">\n<div class=\"screen-reader-response\"><p role=\"status\" aria-live=\"polite\" aria-atomic=\"true\"><\/p> <ul><\/ul><\/div>\n<form action=\"\/es\/wp-json\/wp\/v2\/pages\/555#wpcf7-f603-o1\" method=\"post\" class=\"wpcf7-form init wpcf7-acceptance-as-validation\" aria-label=\"Formulario de contacto\" novalidate=\"novalidate\" data-status=\"init\">\n<fieldset class=\"hidden-fields-container\"><input type=\"hidden\" name=\"_wpcf7\" value=\"603\" \/><input type=\"hidden\" name=\"_wpcf7_version\" value=\"6.1.1\" \/><input type=\"hidden\" name=\"_wpcf7_locale\" value=\"es_ES\" \/><input type=\"hidden\" name=\"_wpcf7_unit_tag\" value=\"wpcf7-f603-o1\" \/><input type=\"hidden\" name=\"_wpcf7_container_post\" value=\"0\" \/><input type=\"hidden\" name=\"_wpcf7_posted_data_hash\" value=\"\" \/><input type=\"hidden\" name=\"_wpcf7_recaptcha_response\" value=\"\" \/>\n<\/fieldset>\n<div class=\"cf-container\">\n    <div class=\"cf-col-12\">\n        <label for=\"nombre-servicios\">\n            <span class=\"label\">Nombre*<\/span><span class=\"wpcf7-form-control-wrap\" data-name=\"nombre\"><input size=\"40\" maxlength=\"400\" class=\"wpcf7-form-control wpcf7-text wpcf7-validates-as-required\" id=\"nombre-servicios\" autocomplete=\"name\" aria-required=\"true\" aria-invalid=\"false\" placeholder=\"Nombre*\" value=\"\" type=\"text\" name=\"nombre\" \/><\/span>\n        <\/label>\n    <\/div>\n    <div class=\"cf-col-12\">\n        <label for=\"telefono-servicios\">\n            <span class=\"label\">Tel\u00e9fono*<\/span><span class=\"wpcf7-form-control-wrap\" data-name=\"telefono\"><input size=\"40\" maxlength=\"400\" class=\"wpcf7-form-control wpcf7-tel wpcf7-validates-as-required wpcf7-text wpcf7-validates-as-tel\" id=\"telefono-servicios\" autocomplete=\"tel\" aria-required=\"true\" aria-invalid=\"false\" placeholder=\"Tel\u00e9fono*\" value=\"\" type=\"tel\" name=\"telefono\" \/><\/span>\n        <\/label>\n    <\/div>\n    <div class=\"cf-col-12\">\n        <label for=\"email-servicios\">\n            <span class=\"label\">Correo electr\u00f3nico*<\/span><span class=\"wpcf7-form-control-wrap\" data-name=\"email\"><input size=\"40\" maxlength=\"400\" class=\"wpcf7-form-control wpcf7-email wpcf7-validates-as-required wpcf7-text wpcf7-validates-as-email\" id=\"email-servicios\" autocomplete=\"email-servicios\" aria-required=\"true\" aria-invalid=\"false\" placeholder=\"Correo electr\u00f3nico*\" value=\"\" type=\"email\" name=\"email\" \/><\/span>\n        <\/label>\n    <\/div>\n    <div class=\"cf-col-12\">\n        <label for=\"caso-servicios\">\n            <span class=\"label\">Tu caso*<\/span><span class=\"wpcf7-form-control-wrap\" data-name=\"caso\"><textarea cols=\"40\" rows=\"10\" maxlength=\"2000\" class=\"wpcf7-form-control wpcf7-textarea wpcf7-validates-as-required\" id=\"caso-servicios\" aria-required=\"true\" aria-invalid=\"false\" placeholder=\"Cu\u00e9ntanos tu caso*\" name=\"caso\"><\/textarea><\/span>\n        <\/label>\n    <\/div>\n    <div class=\"cf-col-12\">\n        <label for=\"politica-privacidad-servicios\">\n            <span class=\"wpcf7-form-control-wrap\" data-name=\"politica-privacidad-servicios\"><span class=\"wpcf7-form-control wpcf7-acceptance\"><span class=\"wpcf7-list-item\"><label><input type=\"checkbox\" name=\"politica-privacidad-servicios\" value=\"1\" id=\"politica-privacidad-servicios\" aria-invalid=\"false\" \/><span class=\"wpcf7-list-item-label\">He le\u00eddo y acepto la <a rel=\"nofollow\" target=\"_blank\" href=\"\/privacy-policy\/\"><span style=\"color: #fff !important;\">pol\u00edtica de privacidad<\/span><\/a>.<\/span><\/label><\/span><\/span><\/span>\n        <\/label>\n    <\/div>\n    <div class=\"cf-col-12\">\n        <input class=\"wpcf7-form-control wpcf7-submit has-spinner\" id=\"form-contact-servicios\" type=\"submit\" value=\"Env\u00eda\" \/>\n    <\/div>\n<\/div><div class=\"wpcf7-response-output\" aria-hidden=\"true\"><\/div>\n<\/form>\n<\/div>\n<\/div><\/div><\/div><\/div><\/div><div class=\"vc_col-sm-6 wpb_column vc_column_container\"><div class=\"vc_column-inner\"><div class=\"wpb_wrapper\">[vc_custom_heading text=\u00bb\u00bfNecesita ayuda?\u00bb use_theme_fonts=\u00bbyes\u00bb]<div class=\"wpb_text_column\"><div class=\"wpb_wrapper\"><p>Puede ponerse en contacto con nosotros por tel\u00e9fono o envi\u00e1ndonos un correo electr\u00f3nico inform\u00e1ndonos de su caso.<\/p>\n<\/div><\/div><div class=\"w-separator size_medium\"><\/div><div class=\"w-hwrapper valign_top stack_on_mobiles align_justify\"><div class=\"w-vwrapper align_none valign_top\">[vc_custom_heading text=\u00bbBucarest\u00bb font_container=\u00bbtag:h3|text_align:left\u00bb use_theme_fonts=\u00bbyes\u00bb]<div class=\"wpb_text_column\"><div class=\"wpb_wrapper\"><p>Polonia Business Center, Polonia 68-72<br \/>\nRecepci\u00f3n 1, 4\u00ba piso, Distrito 1<br \/>\nBucarest.\u00a0Ruman\u00eda<br \/>\nTel:\u00a0<a href=\"tel:+40371029839\" target=\"_blank\" rel=\"noopener\">(+40) 371 029 839<\/a><\/p>\n<\/div><\/div><div class=\"w-html\"><iframe src=\"https:\/\/www.google.com\/maps\/embed?pb=!1m14!1m8!1m3!1d11392.636154714628!2d26.102345!3d44.45041!3m2!1i1024!2i768!4f13.1!3m3!1m2!1s0x40b1f8b29f42fafd:0xa4ec26eaddbede56!2sLawyer in Romania | Setting up companies in Romania | Specialists in real estate law!5e0!3m2!1ses!2scl!4v1719994470208!5m2!1ses!2scl\" width=\"100%\" height=\"250\" style=\"border:0;\" allowfullscreen=\"\" loading=\"lazy\" referrerpolicy=\"no-referrer-when-downgrade\"><\/iframe><\/div><\/div><div class=\"w-vwrapper align_none valign_top\">[vc_custom_heading text=\u00bbM\u00e1laga\u00bb font_container=\u00bbtag:h3|text_align:left\u00bb use_theme_fonts=\u00bbyes\u00bb]<div class=\"wpb_text_column\"><div class=\"wpb_wrapper\"><p>C\/Pirandello 16, 6\u00ba planta,<br \/>\nOficina 1, Edificio Teatinos Plaza, 29010,<br \/>\nM\u00e1laga Espa\u00f1a<br \/>\nTel: \u00a0<a href=\"tel:+34952064781\">(+34) 952 064 781<\/a><\/p>\n<\/div><\/div><div class=\"w-html\"><iframe src=\"https:\/\/www.google.com\/maps\/embed?pb=!1m14!1m8!1m3!1d3198.270260788318!2d-4.462436!3d36.71607!3m2!1i1024!2i768!4f13.1!3m3!1m2!1s0xd72f76a82105c87:0x32a55a5af25cc4e7!2sDavo Law Offices | Abogado M\u00e1laga | Despacho de Abogados Internacional!5e0!3m2!1ses-419!2scl!4v1719994643647!5m2!1ses-419!2scl\" width=\"100%\" height=\"250\" style=\"border:0;\" allowfullscreen=\"\" loading=\"lazy\" referrerpolicy=\"no-referrer-when-downgrade\"><\/iframe><\/div><\/div><\/div><\/div><\/div><\/div><\/div><\/div><\/section>\n","protected":false},"excerpt":{"rendered":"[vc_custom_heading text=\"Contacta con nosotros\" font_container=\"tag:h1|text_align:left|color:%23ffffff\" use_theme_fonts=\"yes\" css=\"%7B%22default%22%3A%7B%22margin-left%22%3A%221.2rem%22%2C%22margin-top%22%3A%22-10px%22%7D%7D\"]\u00bfNecesita ayuda con su caso? Contacte con nosotros, le ayudaremos a solucionarlo. CONTACTO Nombre* Tel\u00e9fono* Correo electr\u00f3nico* Tu caso* He le\u00eddo y acepto la pol\u00edtica de privacidad. [vc_custom_heading text=\"\u00bfNecesita ayuda?\" use_theme_fonts=\"yes\"]Puede ponerse en contacto con nosotros por tel\u00e9fono o envi\u00e1ndonos un correo electr\u00f3nico inform\u00e1ndonos de su caso. [vc_custom_heading text=\"Bucarest\"...","protected":false},"author":1,"featured_media":0,"parent":0,"menu_order":0,"comment_status":"closed","ping_status":"closed","template":"","meta":{"_acf_changed":false,"inline_featured_image":false,"footnotes":""},"class_list":["post-555","page","type-page","status-publish","hentry"],"acf":[],"yoast_head":"<!-- This site is optimized with the Yoast SEO plugin v25.6 - https:\/\/yoast.com\/wordpress\/plugins\/seo\/ -->\n<title>Contacto - Dav\u00f3 Law Offices<\/title>\n<meta name=\"description\" content=\"Contacta con Dav\u00f3 Law Offices, abogados expertos en M\u00e1laga y Bucarest. Asesor\u00eda legal personalizada para tu caso. \u00a1Cont\u00e1ctanos hoy!\" \/>\n<meta name=\"robots\" content=\"index, follow, max-snippet:-1, max-image-preview:large, max-video-preview:-1\" \/>\n<link rel=\"canonical\" href=\"https:\/\/davolawoffices.com\/es\/contacto\/\" \/>\n<meta property=\"og:locale\" content=\"es_ES\" \/>\n<meta property=\"og:type\" content=\"article\" \/>\n<meta property=\"og:title\" content=\"Contacto - Dav\u00f3 Law Offices\" \/>\n<meta property=\"og:description\" content=\"Contacta con Dav\u00f3 Law Offices, abogados expertos en M\u00e1laga y Bucarest. Asesor\u00eda legal personalizada para tu caso. \u00a1Cont\u00e1ctanos hoy!\" \/>\n<meta property=\"og:url\" content=\"https:\/\/davolawoffices.com\/es\/contacto\/\" \/>\n<meta property=\"og:site_name\" content=\"Dav\u00f3 Law Offices\" \/>\n<meta property=\"article:modified_time\" content=\"2025-04-24T07:29:25+00:00\" \/>\n<meta name=\"twitter:card\" content=\"summary_large_image\" \/>\n<meta name=\"twitter:label1\" content=\"Tiempo de lectura\" \/>\n\t<meta name=\"twitter:data1\" content=\"1 minuto\" \/>\n<script type=\"application\/ld+json\" class=\"yoast-schema-graph\">{\"@context\":\"https:\/\/schema.org\",\"@graph\":[{\"@type\":\"WebPage\",\"@id\":\"https:\/\/davolawoffices.com\/es\/contacto\/\",\"url\":\"https:\/\/davolawoffices.com\/es\/contacto\/\",\"name\":\"Contacto - Dav\u00f3 Law Offices\",\"isPartOf\":{\"@id\":\"https:\/\/davolawoffices.com\/es\/#website\"},\"datePublished\":\"2022-09-30T11:26:09+00:00\",\"dateModified\":\"2025-04-24T07:29:25+00:00\",\"description\":\"Contacta con Dav\u00f3 Law Offices, abogados expertos en M\u00e1laga y Bucarest. Asesor\u00eda legal personalizada para tu caso. \u00a1Cont\u00e1ctanos hoy!\",\"breadcrumb\":{\"@id\":\"https:\/\/davolawoffices.com\/es\/contacto\/#breadcrumb\"},\"inLanguage\":\"es\",\"potentialAction\":[{\"@type\":\"ReadAction\",\"target\":[\"https:\/\/davolawoffices.com\/es\/contacto\/\"]}]},{\"@type\":\"BreadcrumbList\",\"@id\":\"https:\/\/davolawoffices.com\/es\/contacto\/#breadcrumb\",\"itemListElement\":[{\"@type\":\"ListItem\",\"position\":1,\"name\":\"Portada\",\"item\":\"https:\/\/davolawoffices.com\/es\/\"},{\"@type\":\"ListItem\",\"position\":2,\"name\":\"Contacto\"}]},{\"@type\":\"WebSite\",\"@id\":\"https:\/\/davolawoffices.com\/es\/#website\",\"url\":\"https:\/\/davolawoffices.com\/es\/\",\"name\":\"Dav\u00f3 Law Offices\",\"description\":\"\",\"publisher\":{\"@id\":\"https:\/\/davolawoffices.com\/es\/#organization\"},\"potentialAction\":[{\"@type\":\"SearchAction\",\"target\":{\"@type\":\"EntryPoint\",\"urlTemplate\":\"https:\/\/davolawoffices.com\/es\/?s={search_term_string}\"},\"query-input\":{\"@type\":\"PropertyValueSpecification\",\"valueRequired\":true,\"valueName\":\"search_term_string\"}}],\"inLanguage\":\"es\"},{\"@type\":\"Organization\",\"@id\":\"https:\/\/davolawoffices.com\/es\/#organization\",\"name\":\"Dav\u00f3 Law Offices\",\"url\":\"https:\/\/davolawoffices.com\/es\/\",\"logo\":{\"@type\":\"ImageObject\",\"inLanguage\":\"es\",\"@id\":\"https:\/\/davolawoffices.com\/es\/#\/schema\/logo\/image\/\",\"url\":\"https:\/\/davolawoffices.com\/wp-content\/uploads\/2026\/02\/Davo-Law-Office.webp\",\"contentUrl\":\"https:\/\/davolawoffices.com\/wp-content\/uploads\/2026\/02\/Davo-Law-Office.webp\",\"width\":238,\"height\":102,\"caption\":\"Dav\u00f3 Law Offices\"},\"image\":{\"@id\":\"https:\/\/davolawoffices.com\/es\/#\/schema\/logo\/image\/\"}}]}<\/script>\n<!-- \/ Yoast SEO plugin. -->","yoast_head_json":{"title":"Contacto - Dav\u00f3 Law Offices","description":"Contacta con Dav\u00f3 Law Offices, abogados expertos en M\u00e1laga y Bucarest. Asesor\u00eda legal personalizada para tu caso. \u00a1Cont\u00e1ctanos hoy!","robots":{"index":"index","follow":"follow","max-snippet":"max-snippet:-1","max-image-preview":"max-image-preview:large","max-video-preview":"max-video-preview:-1"},"canonical":"https:\/\/davolawoffices.com\/es\/contacto\/","og_locale":"es_ES","og_type":"article","og_title":"Contacto - Dav\u00f3 Law Offices","og_description":"Contacta con Dav\u00f3 Law Offices, abogados expertos en M\u00e1laga y Bucarest. Asesor\u00eda legal personalizada para tu caso. \u00a1Cont\u00e1ctanos hoy!","og_url":"https:\/\/davolawoffices.com\/es\/contacto\/","og_site_name":"Dav\u00f3 Law Offices","article_modified_time":"2025-04-24T07:29:25+00:00","twitter_card":"summary_large_image","twitter_misc":{"Tiempo de lectura":"1 minuto"},"schema":{"@context":"https:\/\/schema.org","@graph":[{"@type":"WebPage","@id":"https:\/\/davolawoffices.com\/es\/contacto\/","url":"https:\/\/davolawoffices.com\/es\/contacto\/","name":"Contacto - Dav\u00f3 Law Offices","isPartOf":{"@id":"https:\/\/davolawoffices.com\/es\/#website"},"datePublished":"2022-09-30T11:26:09+00:00","dateModified":"2025-04-24T07:29:25+00:00","description":"Contacta con Dav\u00f3 Law Offices, abogados expertos en M\u00e1laga y Bucarest. Asesor\u00eda legal personalizada para tu caso. \u00a1Cont\u00e1ctanos hoy!","breadcrumb":{"@id":"https:\/\/davolawoffices.com\/es\/contacto\/#breadcrumb"},"inLanguage":"es","potentialAction":[{"@type":"ReadAction","target":["https:\/\/davolawoffices.com\/es\/contacto\/"]}]},{"@type":"BreadcrumbList","@id":"https:\/\/davolawoffices.com\/es\/contacto\/#breadcrumb","itemListElement":[{"@type":"ListItem","position":1,"name":"Portada","item":"https:\/\/davolawoffices.com\/es\/"},{"@type":"ListItem","position":2,"name":"Contacto"}]},{"@type":"WebSite","@id":"https:\/\/davolawoffices.com\/es\/#website","url":"https:\/\/davolawoffices.com\/es\/","name":"Dav\u00f3 Law Offices","description":"","publisher":{"@id":"https:\/\/davolawoffices.com\/es\/#organization"},"potentialAction":[{"@type":"SearchAction","target":{"@type":"EntryPoint","urlTemplate":"https:\/\/davolawoffices.com\/es\/?s={search_term_string}"},"query-input":{"@type":"PropertyValueSpecification","valueRequired":true,"valueName":"search_term_string"}}],"inLanguage":"es"},{"@type":"Organization","@id":"https:\/\/davolawoffices.com\/es\/#organization","name":"Dav\u00f3 Law Offices","url":"https:\/\/davolawoffices.com\/es\/","logo":{"@type":"ImageObject","inLanguage":"es","@id":"https:\/\/davolawoffices.com\/es\/#\/schema\/logo\/image\/","url":"https:\/\/davolawoffices.com\/wp-content\/uploads\/2026\/02\/Davo-Law-Office.webp","contentUrl":"https:\/\/davolawoffices.com\/wp-content\/uploads\/2026\/02\/Davo-Law-Office.webp","width":238,"height":102,"caption":"Dav\u00f3 Law Offices"},"image":{"@id":"https:\/\/davolawoffices.com\/es\/#\/schema\/logo\/image\/"}}]}},"_links":{"self":[{"href":"https:\/\/davolawoffices.com\/es\/wp-json\/wp\/v2\/pages\/555","targetHints":{"allow":["GET"]}}],"collection":[{"href":"https:\/\/davolawoffices.com\/es\/wp-json\/wp\/v2\/pages"}],"about":[{"href":"https:\/\/davolawoffices.com\/es\/wp-json\/wp\/v2\/types\/page"}],"author":[{"embeddable":true,"href":"https:\/\/davolawoffices.com\/es\/wp-json\/wp\/v2\/users\/1"}],"replies":[{"embeddable":true,"href":"https:\/\/davolawoffices.com\/es\/wp-json\/wp\/v2\/comments?post=555"}],"version-history":[{"count":13,"href":"https:\/\/davolawoffices.com\/es\/wp-json\/wp\/v2\/pages\/555\/revisions"}],"predecessor-version":[{"id":6619,"href":"https:\/\/davolawoffices.com\/es\/wp-json\/wp\/v2\/pages\/555\/revisions\/6619"}],"wp:attachment":[{"href":"https:\/\/davolawoffices.com\/es\/wp-json\/wp\/v2\/media?parent=555"}],"curies":[{"name":"wp","href":"https:\/\/api.w.org\/{rel}","templated":true}]}}