{"id":1071,"date":"2022-09-30T10:24:42","date_gmt":"2022-09-30T08:24:42","guid":{"rendered":"https:\/\/davolawoffices.com\/politica-de-privacidad\/"},"modified":"2024-08-14T12:42:31","modified_gmt":"2024-08-14T10:42:31","slug":"politica-de-privacidad","status":"publish","type":"page","link":"https:\/\/davolawoffices.com\/es\/politica-de-privacidad\/","title":{"rendered":"Pol\u00edtica de privacidad"},"content":{"rendered":"<section class=\"l-section wpb_row height_medium\"><div class=\"l-section-h i-cf\"><div class=\"g-cols vc_row via_flex valign_top type_default stacking_default\"><div class=\"vc_col-sm-12 wpb_column vc_column_container\"><div class=\"vc_column-inner\"><div class=\"wpb_wrapper\">[vc_custom_heading text=\u00bbPol\u00edtica de privacidad\u00bb font_container=\u00bbtag:h1|text_align:left\u00bb use_theme_fonts=\u00bbyes\u00bb]<div class=\"wpb_text_column\"><div class=\"wpb_wrapper\"><p>En cumplimiento de la normativa vigente en materia de protecci\u00f3n de datos personales, en particular el Reglamento (UE) 2016\/679 del Parlamento Europeo y del Consejo, de 27 de abril de 2016, relativo a la protecci\u00f3n de las personas f\u00edsicas en lo que respecta al tratamiento de datos personales y a la libre circulaci\u00f3n de estos datos (GDPR) y la Ley Org\u00e1nica 3\/2018, de 5 de diciembre, de Protecci\u00f3n de Datos Personales y Garant\u00eda de los Derechos Digitales (LOPD), el Prestador informa a los Usuarios que los datos personales obtenidos a trav\u00e9s del Sitio Web son tratados por DAVO &amp; ASOCIADOS ABOGADOS, S.L.P. como Responsable del Tratamiento.<br \/>\nLe rogamos que lea atentamente estas condiciones antes de acceder y utilizar el Sitio Web, as\u00ed como antes de facilitar sus datos personales a trav\u00e9s del mismo.<br \/>\n1.- \u00bfQui\u00e9n es el responsable del tratamiento de los datos personales?<br \/>\nEs la entidad que decide sobre la finalidad, contenido y uso de los datos: DAVO &amp; ASOCIADOS ABOGADOS, S.L.P., con CIF B 93594810, con domicilio en C\/ Pirandello n\u00ba 16, 6\u00aa planta, Oficina 1, CP 29010, Teatinos, M\u00e1laga, inscrita en el Registro Mercantil de M\u00e1laga el 22 de febrero de 2018, en el tomo 5704, folio 1, hoja MA-143830.<br \/>\nTel\u00e9fono: (34) 952 064 781 Correo electr\u00f3nico: <a rel=\"noreferrer\">office@davolawoffices.com<\/a> 2.- \u00bfQu\u00e9 tipo de datos se tratan?      <\/p>\n<ul>\n<li>Informaci\u00f3n obtenida autom\u00e1ticamente.<\/li>\n<\/ul>\n<p>  Cuando el Usuario accede al Sitio Web, el responsable del tratamiento obtiene informaci\u00f3n sobre su direcci\u00f3n IP y otros datos de navegaci\u00f3n.<br \/>\nAdem\u00e1s, cuando el Usuario utiliza la aplicaci\u00f3n de Chat, se obtienen datos t\u00e9cnicos sobre sus dispositivos, red y conexi\u00f3n a Internet.   <\/p>\n<ul>\n<li>Informaci\u00f3n proporcionada por el Usuario.<\/li>\n<\/ul>\n<p>  Cuando el Usuario rellena el formulario de contacto o escribe a trav\u00e9s del chat para realizar solicitudes, consultas o peticiones de informaci\u00f3n, se solicitan datos identificativos (nombre) y datos de contacto (correo electr\u00f3nico y tel\u00e9fono).<br \/>\nLos datos solicitados son los necesarios y los m\u00ednimos imprescindibles para atender la solicitud del Usuario.<br \/>\nAdem\u00e1s, en estos casos, el Usuario puede proporcionar otros datos personales incluidos en el texto del formulario, en el texto de la aplicaci\u00f3n de chat, o durante una conferencia o videoconferencia en la aplicaci\u00f3n de chat.<br \/>\nEn este \u00faltimo caso, se informa al Usuario de que se tratar\u00e1 su voz y, en su caso, su imagen.<br \/>\nLos datos anteriores y cualesquiera otros adicionales que el Usuario facilite a trav\u00e9s de estos medios han sido proporcionados voluntariamente y ser\u00e1n tratados exclusivamente para la finalidad requerida por el Usuario.<br \/>\nEl Usuario se compromete a proporcionar informaci\u00f3n veraz sobre los datos solicitados a trav\u00e9s del Sitio Web y a mantenerlos actualizados en todo momento.<br \/>\nEl Usuario no facilitar\u00e1 datos personales de terceros.<br \/>\nEn el caso de que el Usuario deba facilitar datos personales de terceros, garantiza que est\u00e1 legalmente autorizado para ello, ha informado al tercero de la cesi\u00f3n de sus datos y se compromete a facilitarle la presente Pol\u00edtica de Privacidad.<br \/>\nEn este caso, el Usuario ser\u00e1 el \u00fanico responsable del cumplimiento de estas obligaciones.<br \/>\n3.- \u00bfCu\u00e1l es la finalidad del tratamiento y su base leg\u00edtima?<br \/>\nBas\u00e1ndonos en el inter\u00e9s leg\u00edtimo del responsable del tratamiento, utilizaremos los datos para<br \/>\n(i) atender tus solicitudes, consultas o peticiones de informaci\u00f3n,<br \/>\n(ii) gestionar el uso y la interacci\u00f3n del Usuario con el sitio web y sus aplicaciones, y<br \/>\n(iii) analizar y comprender el uso del sitio web para mejorar el servicio y desarrollar nuevos productos, servicios y funcionalidades para satisfacer mejor al Usuario.<br \/>\nEl inter\u00e9s leg\u00edtimo del responsable del tratamiento consiste en satisfacer adecuadamente las necesidades del Usuario en todo momento.<br \/>\nAdicionalmente, los datos personales facilitados por el Usuario podr\u00e1n ser tratados en base al cumplimiento de medidas precontractuales y\/o contractuales.<br \/>\nc) S\u00f3lo con el consentimiento expreso del Usuario se grabar\u00e1n las conversaciones de chat.<br \/>\n4.- Destinatarios de los datos.<br \/>\nAl facilitar sus datos, el Usuario autoriza a que sus datos personales sean tratados por los colaboradores del responsable y por terceros que presten servicios como encargados del tratamiento.<br \/>\nEn particular, los datos del Usuario podr\u00e1n ser tratados por otras empresas del mismo grupo, como SCA Davo &amp; Asocia\u021bii, encargada de prestar los servicios de DAVO LAW OFFICES en Ruman\u00eda.<br \/>\nDel mismo modo, los datos ser\u00e1n tratados por Consolto Sites Ltd, entidad responsable de la aplicaci\u00f3n Chat instalada en el Sitio, con el \u00fanico fin de prestar los servicios necesarios para la funcionalidad de la aplicaci\u00f3n.<br \/>\nPara m\u00e1s informaci\u00f3n, puedes consultar su pol\u00edtica de privacidad en el siguiente enlace: <a href=\"https:\/\/www.consolto.com\/legal\/privacy\" target=\"_new\" rel=\"noreferrer noopener\">https:\/\/www.consolto.com\/legal\/privacy.<\/a><br \/>\nTambi\u00e9n trabajamos con otros terceros colaboradores, encargados de prestar diversos servicios relacionados con el Sitio (hosting, desarrollo y mantenimiento web, anal\u00edtica web, y otros), que, como consecuencia de la relaci\u00f3n contractual con el responsable del tratamiento, pueden tener acceso a los datos personales del Usuario.<br \/>\n5.- \u00bfSe realizar\u00e1n transferencias internacionales de datos?                        El responsable del tratamiento informa de que no tiene previsto transferir los datos personales del Usuario a terceros situados fuera de la Uni\u00f3n Europea ni a ninguna organizaci\u00f3n internacional.<br \/>\nNo obstante, se informa de que el proveedor de servicios de chat, Consolto Sites Ltd, puede tratar tus datos desde pa\u00edses situados fuera de la Uni\u00f3n Europea.<br \/>\nConsolto Sites Ltd garantiza el cumplimiento de las medidas establecidas por la normativa de la Uni\u00f3n Europea para la debida protecci\u00f3n de los datos personales de los Usuarios europeos.<br \/>\nPara m\u00e1s informaci\u00f3n, puedes consultar su pol\u00edtica de privacidad en el siguiente enlace: <a href=\"https:\/\/www.consolto.com\/legal\/privacy\" target=\"_new\" rel=\"noreferrer noopener\">https:\/\/www.consolto.com\/legal\/privacy.<\/a><br \/>\nAdicionalmente, en caso de intervenci\u00f3n de terceros colaboradores, independientes del responsable del tratamiento, como Google y Consolto Sites Ltd, te informamos de la posibilidad de que realicen transferencias internacionales de datos.<br \/>\n6.- \u00bfSe tomar\u00e1n decisiones automatizadas con los datos personales proporcionados?<br \/>\nEl responsable del tratamiento no tomar\u00e1 decisiones automatizadas con los datos del Usuario, incluida la elaboraci\u00f3n de perfiles, que produzcan efectos jur\u00eddicos en el Usuario o le afecten significativamente.<br \/>\n7.- \u00bfDurante cu\u00e1nto tiempo se conservar\u00e1n los datos personales?<br \/>\nLos datos se conservar\u00e1n el tiempo que sea necesario para las distintas finalidades mencionadas.<br \/>\nDichos datos ser\u00e1n suprimidos cuando dejen de ser necesarios, sin perjuicio de su conservaci\u00f3n durante el plazo necesario para atender posibles responsabilidades del responsable del tratamiento, quedando entretanto debidamente bloqueados.<br \/>\n8.- \u00bfQu\u00e9 derechos tiene el Usuario?<br \/>\nEl Usuario tiene los derechos de acceso, rectificaci\u00f3n, supresi\u00f3n, limitaci\u00f3n del tratamiento, oposici\u00f3n y portabilidad, lo que significa que puede solicitar en cualquier momento al responsable del tratamiento lo siguiente<br \/>\na) A acceder a los datos personales tratados por el responsable del tratamiento, as\u00ed como a la informaci\u00f3n relativa a los mismos (finalidades, categor\u00eda de datos, destinatarios, plazo de conservaci\u00f3n, etc.),<br \/>\nb) A rectificar los datos personales inexactos o incompletos,<br \/>\nc) A la supresi\u00f3n de los datos personales que les conciernan, cuando se cumplan determinadas causas, entre ellas: que los datos ya no sean necesarios para la finalidad, que hayan retirado su consentimiento, que se hayan opuesto al tratamiento, o que consideren que el responsable est\u00e1 tratando sus datos de forma il\u00edcita,<br \/>\nd) A limitar permanente o temporalmente el tratamiento de los datos, en determinados casos, entre ellos: porque consideren que el responsable est\u00e1 tratando sus datos ilegalmente, en casos de impugnaci\u00f3n de exactitud mientras se verifica la exactitud, de oposici\u00f3n al tratamiento mientras se verifican los motivos leg\u00edtimos del responsable, as\u00ed como en casos en que el responsable ya no necesite tratar los datos para la finalidad prevista, pero el interesado los necesite para la formulaci\u00f3n, el ejercicio o la defensa de reclamaciones,<br \/>\ne) A no realizar actividades de tratamiento de datos personales, en determinados supuestos, entre ellos: por motivos relacionados con la situaci\u00f3n particular del interesado en los casos en que la base jur\u00eddica del tratamiento sea el inter\u00e9s p\u00fablico o la satisfacci\u00f3n de intereses del responsable o de terceros, cuando la finalidad del tratamiento sea la mercadotecnia directa, la investigaci\u00f3n cient\u00edfica o hist\u00f3rica, o fines estad\u00edsticos,<br \/>\nf) En los casos en que el tratamiento se base en el consentimiento o en un contrato y se lleve a cabo por medios automatizados, tienen derecho a que los datos personales que les conciernan y que haya facilitado el interesado, se presenten en un formato estructurado, de uso com\u00fan, lectura mec\u00e1nica e interoperable.                  Asimismo, te informamos de que tienes derecho a retirar tu consentimiento para el tratamiento de tus datos personales, sin que ello afecte a la licitud del tratamiento basado en el consentimiento previo a su retirada.<br \/>\n9.- \u00bfC\u00f3mo puedes ejercitar los derechos anteriores?<br \/>\nEnv\u00eda un correo electr\u00f3nico o una carta al responsable del tratamiento a las direcciones indicadas en la secci\u00f3n 1, indicando el derecho que deseas ejercer y adjuntando una copia de tu documento de identificaci\u00f3n.<br \/>\nPuedes solicitar al responsable del tratamiento que te facilite un formulario para cumplimentarlo.<br \/>\nTodo ello sin perjuicio del derecho que te asiste a presentar una reclamaci\u00f3n ante la Agencia Espa\u00f1ola de Protecci\u00f3n de Datos, bien a trav\u00e9s de su sede electr\u00f3nica o en su domicilio, en la calle Jorge Juan, 6, 28001, Madrid.<br \/>\nPuedes obtener m\u00e1s informaci\u00f3n sobre tus derechos en <a href=\"http:\/\/www.aepd.es\" target=\"_new\" rel=\"noreferrer noopener\">www.aepd.es,<\/a> en la secci\u00f3n \u00abConoce tus derechos\u00bb.<br \/>\n10.- Cookies y tecnolog\u00edas similares.<br \/>\nPara la recogida automatizada de datos, y as\u00ed poder ofrecerte una mejor experiencia y servicio acorde a tu navegaci\u00f3n, utilizamos diversas t\u00e9cnicas como las cookies, tanto propias como de terceros.<br \/>\nSi quieres informaci\u00f3n detallada sobre c\u00f3mo utilizamos las cookies o c\u00f3mo desactivarlas, consulta la Pol\u00edtica de Cookies.<br \/>\n11.- Acceso a servicios de terceros.<br \/>\nEsta pol\u00edtica de privacidad no es aplicable a los sitios web, servicios o aplicaciones de terceros.<br \/>\nEl acceso y uso de los contenidos y servicios prestados por terceros a los que se pueda acceder a trav\u00e9s de este sitio web estar\u00e1n sujetos a sus respectivas pol\u00edticas de privacidad y de cookies, que deber\u00e1s leer y aceptar, en su caso.<br \/>\nPuedes consultar las pol\u00edticas de privacidad de terceros aqu\u00ed: <a href=\"https:\/\/www.consolto.com\/privacy\" target=\"_new\" rel=\"noreferrer noopener\">https:\/\/www.consolto.com\/privacy<\/a> <a href=\"https:\/\/policies.google.com\/privacy?hl=es\" target=\"_new\" rel=\"noreferrer noopener\">https:\/\/policies.google.com\/privacy?hl=es<\/a> <a href=\"https:\/\/es-es.facebook.com\/privacy\/explanation\/\" target=\"_new\" rel=\"noreferrer noopener\">https:\/\/es-es.facebook.com\/privacy\/explanation\/<\/a> 12.- Medidas t\u00e9cnicas y organizativas.<br \/>\nTe informamos que el responsable del tratamiento se compromete a adoptar las medidas t\u00e9cnicas y organizativas adecuadas que garanticen el cumplimiento de la normativa aplicable, y por tanto la seguridad del tratamiento y la aplicaci\u00f3n efectiva de los principios de protecci\u00f3n de datos, garantizando los derechos y libertades del Usuario.<br \/>\n13.- Modificaciones.<br \/>\nEl responsable del tratamiento se reserva el derecho a modificar la presente Pol\u00edtica de Privacidad para adaptarla a las novedades legislativas, jurisprudenciales y a las pr\u00e1cticas de la industria.               <\/p>\n<\/div><\/div><\/div><\/div><\/div><\/div><\/div><\/section>\n","protected":false},"excerpt":{"rendered":"[vc_custom_heading text=\"Pol\u00edtica de privacidad\" font_container=\"tag:h1|text_align:left\" use_theme_fonts=\"yes\"]En cumplimiento de la normativa vigente en materia de protecci\u00f3n de datos personales, en particular el Reglamento (UE) 2016\/679 del Parlamento Europeo y del Consejo, de 27 de abril de 2016, relativo a la protecci\u00f3n de las personas f\u00edsicas en lo que respecta al tratamiento de datos personales y a...","protected":false},"author":1,"featured_media":0,"parent":0,"menu_order":0,"comment_status":"closed","ping_status":"open","template":"","meta":{"_acf_changed":false,"inline_featured_image":false,"footnotes":""},"class_list":["post-1071","page","type-page","status-publish","hentry"],"acf":[],"yoast_head":"<!-- This site is optimized with the Yoast SEO plugin v25.6 - https:\/\/yoast.com\/wordpress\/plugins\/seo\/ -->\n<title>Pol\u00edtica de privacidad - Dav\u00f3 Law Offices<\/title>\n<meta name=\"robots\" content=\"noindex, follow\" \/>\n<meta property=\"og:locale\" content=\"es_ES\" \/>\n<meta property=\"og:type\" content=\"article\" \/>\n<meta property=\"og:title\" content=\"Pol\u00edtica de privacidad - Dav\u00f3 Law Offices\" \/>\n<meta property=\"og:url\" content=\"https:\/\/davolawoffices.com\/es\/politica-de-privacidad\/\" \/>\n<meta property=\"og:site_name\" content=\"Dav\u00f3 Law Offices\" \/>\n<meta property=\"article:modified_time\" content=\"2024-08-14T10:42:31+00:00\" \/>\n<meta name=\"twitter:card\" content=\"summary_large_image\" \/>\n<meta name=\"twitter:label1\" content=\"Tiempo de lectura\" \/>\n\t<meta name=\"twitter:data1\" content=\"9 minutos\" \/>\n<script type=\"application\/ld+json\" class=\"yoast-schema-graph\">{\"@context\":\"https:\/\/schema.org\",\"@graph\":[{\"@type\":\"WebPage\",\"@id\":\"https:\/\/davolawoffices.com\/es\/politica-de-privacidad\/\",\"url\":\"https:\/\/davolawoffices.com\/es\/politica-de-privacidad\/\",\"name\":\"Pol\u00edtica de privacidad - Dav\u00f3 Law Offices\",\"isPartOf\":{\"@id\":\"https:\/\/davolawoffices.com\/es\/#website\"},\"datePublished\":\"2022-09-30T08:24:42+00:00\",\"dateModified\":\"2024-08-14T10:42:31+00:00\",\"breadcrumb\":{\"@id\":\"https:\/\/davolawoffices.com\/es\/politica-de-privacidad\/#breadcrumb\"},\"inLanguage\":\"es\",\"potentialAction\":[{\"@type\":\"ReadAction\",\"target\":[\"https:\/\/davolawoffices.com\/es\/politica-de-privacidad\/\"]}]},{\"@type\":\"BreadcrumbList\",\"@id\":\"https:\/\/davolawoffices.com\/es\/politica-de-privacidad\/#breadcrumb\",\"itemListElement\":[{\"@type\":\"ListItem\",\"position\":1,\"name\":\"Portada\",\"item\":\"https:\/\/davolawoffices.com\/es\/\"},{\"@type\":\"ListItem\",\"position\":2,\"name\":\"Pol\u00edtica de privacidad\"}]},{\"@type\":\"WebSite\",\"@id\":\"https:\/\/davolawoffices.com\/es\/#website\",\"url\":\"https:\/\/davolawoffices.com\/es\/\",\"name\":\"Dav\u00f3 Law Offices\",\"description\":\"\",\"publisher\":{\"@id\":\"https:\/\/davolawoffices.com\/es\/#organization\"},\"potentialAction\":[{\"@type\":\"SearchAction\",\"target\":{\"@type\":\"EntryPoint\",\"urlTemplate\":\"https:\/\/davolawoffices.com\/es\/?s={search_term_string}\"},\"query-input\":{\"@type\":\"PropertyValueSpecification\",\"valueRequired\":true,\"valueName\":\"search_term_string\"}}],\"inLanguage\":\"es\"},{\"@type\":\"Organization\",\"@id\":\"https:\/\/davolawoffices.com\/es\/#organization\",\"name\":\"Dav\u00f3 Law Offices\",\"url\":\"https:\/\/davolawoffices.com\/es\/\",\"logo\":{\"@type\":\"ImageObject\",\"inLanguage\":\"es\",\"@id\":\"https:\/\/davolawoffices.com\/es\/#\/schema\/logo\/image\/\",\"url\":\"https:\/\/davolawoffices.com\/wp-content\/uploads\/2026\/02\/Davo-Law-Office.webp\",\"contentUrl\":\"https:\/\/davolawoffices.com\/wp-content\/uploads\/2026\/02\/Davo-Law-Office.webp\",\"width\":238,\"height\":102,\"caption\":\"Dav\u00f3 Law Offices\"},\"image\":{\"@id\":\"https:\/\/davolawoffices.com\/es\/#\/schema\/logo\/image\/\"}}]}<\/script>\n<!-- \/ Yoast SEO plugin. -->","yoast_head_json":{"title":"Pol\u00edtica de privacidad - Dav\u00f3 Law Offices","robots":{"index":"noindex","follow":"follow"},"og_locale":"es_ES","og_type":"article","og_title":"Pol\u00edtica de privacidad - Dav\u00f3 Law Offices","og_url":"https:\/\/davolawoffices.com\/es\/politica-de-privacidad\/","og_site_name":"Dav\u00f3 Law Offices","article_modified_time":"2024-08-14T10:42:31+00:00","twitter_card":"summary_large_image","twitter_misc":{"Tiempo de lectura":"9 minutos"},"schema":{"@context":"https:\/\/schema.org","@graph":[{"@type":"WebPage","@id":"https:\/\/davolawoffices.com\/es\/politica-de-privacidad\/","url":"https:\/\/davolawoffices.com\/es\/politica-de-privacidad\/","name":"Pol\u00edtica de privacidad - Dav\u00f3 Law Offices","isPartOf":{"@id":"https:\/\/davolawoffices.com\/es\/#website"},"datePublished":"2022-09-30T08:24:42+00:00","dateModified":"2024-08-14T10:42:31+00:00","breadcrumb":{"@id":"https:\/\/davolawoffices.com\/es\/politica-de-privacidad\/#breadcrumb"},"inLanguage":"es","potentialAction":[{"@type":"ReadAction","target":["https:\/\/davolawoffices.com\/es\/politica-de-privacidad\/"]}]},{"@type":"BreadcrumbList","@id":"https:\/\/davolawoffices.com\/es\/politica-de-privacidad\/#breadcrumb","itemListElement":[{"@type":"ListItem","position":1,"name":"Portada","item":"https:\/\/davolawoffices.com\/es\/"},{"@type":"ListItem","position":2,"name":"Pol\u00edtica de privacidad"}]},{"@type":"WebSite","@id":"https:\/\/davolawoffices.com\/es\/#website","url":"https:\/\/davolawoffices.com\/es\/","name":"Dav\u00f3 Law Offices","description":"","publisher":{"@id":"https:\/\/davolawoffices.com\/es\/#organization"},"potentialAction":[{"@type":"SearchAction","target":{"@type":"EntryPoint","urlTemplate":"https:\/\/davolawoffices.com\/es\/?s={search_term_string}"},"query-input":{"@type":"PropertyValueSpecification","valueRequired":true,"valueName":"search_term_string"}}],"inLanguage":"es"},{"@type":"Organization","@id":"https:\/\/davolawoffices.com\/es\/#organization","name":"Dav\u00f3 Law Offices","url":"https:\/\/davolawoffices.com\/es\/","logo":{"@type":"ImageObject","inLanguage":"es","@id":"https:\/\/davolawoffices.com\/es\/#\/schema\/logo\/image\/","url":"https:\/\/davolawoffices.com\/wp-content\/uploads\/2026\/02\/Davo-Law-Office.webp","contentUrl":"https:\/\/davolawoffices.com\/wp-content\/uploads\/2026\/02\/Davo-Law-Office.webp","width":238,"height":102,"caption":"Dav\u00f3 Law Offices"},"image":{"@id":"https:\/\/davolawoffices.com\/es\/#\/schema\/logo\/image\/"}}]}},"_links":{"self":[{"href":"https:\/\/davolawoffices.com\/es\/wp-json\/wp\/v2\/pages\/1071","targetHints":{"allow":["GET"]}}],"collection":[{"href":"https:\/\/davolawoffices.com\/es\/wp-json\/wp\/v2\/pages"}],"about":[{"href":"https:\/\/davolawoffices.com\/es\/wp-json\/wp\/v2\/types\/page"}],"author":[{"embeddable":true,"href":"https:\/\/davolawoffices.com\/es\/wp-json\/wp\/v2\/users\/1"}],"replies":[{"embeddable":true,"href":"https:\/\/davolawoffices.com\/es\/wp-json\/wp\/v2\/comments?post=1071"}],"version-history":[{"count":6,"href":"https:\/\/davolawoffices.com\/es\/wp-json\/wp\/v2\/pages\/1071\/revisions"}],"predecessor-version":[{"id":1460,"href":"https:\/\/davolawoffices.com\/es\/wp-json\/wp\/v2\/pages\/1071\/revisions\/1460"}],"wp:attachment":[{"href":"https:\/\/davolawoffices.com\/es\/wp-json\/wp\/v2\/media?parent=1071"}],"curies":[{"name":"wp","href":"https:\/\/api.w.org\/{rel}","templated":true}]}}