{"id":1063,"date":"2022-09-30T13:44:00","date_gmt":"2022-09-30T11:44:00","guid":{"rendered":"https:\/\/davolawoffices.com\/aviso-legal\/"},"modified":"2024-08-14T12:42:25","modified_gmt":"2024-08-14T10:42:25","slug":"aviso-legal","status":"publish","type":"page","link":"https:\/\/davolawoffices.com\/es\/aviso-legal\/","title":{"rendered":"Aviso legal"},"content":{"rendered":"<section class=\"l-section wpb_row height_medium\"><div class=\"l-section-h i-cf\"><div class=\"g-cols vc_row via_flex valign_top type_default stacking_default\"><div class=\"vc_col-sm-12 wpb_column vc_column_container\"><div class=\"vc_column-inner\"><div class=\"wpb_wrapper\">[vc_custom_heading text=\u00bbAviso legal\u00bb font_container=\u00bbtag:h1|text_align:left\u00bb use_theme_fonts=\u00bbyes\u00bb]<div class=\"wpb_text_column\"><div class=\"wpb_wrapper\"><p>Informaci\u00f3n General En cumplimiento de lo dispuesto en la Ley 34\/2002 de Servicios de la Sociedad de la Informaci\u00f3n y de Comercio Electr\u00f3nico de 11 de julio de 2002 (en adelante, \u00abLSSICE\u00bb), se hace constar que el sitio web identificado con la direcci\u00f3n www.davolawoffices.com (en adelante, el \u00abSitio Web\u00bb), est\u00e1 gestionado por DAVO &amp; ASOCIADOS ABOGADOS, S.L.P., con CIF B 93594810, domicilio social en C\/ Pirandello n\u00ba 16, 6\u00aa planta, Oficina 1, CP 29010, Teatinos, M\u00e1laga, inscrita en el Registro Mercantil de M\u00e1laga el 22 de febrero de 2018, al tomo 5704, folio 1, hoja MA-143830 (en adelante, \u00abel Prestador\u00bb).<br \/>\nLos datos de contacto del Proveedor son los siguientes: Tel: (34) 952 064 781 Email: office@davolawoffices.com El uso de esta publicaci\u00f3n digital y de su contenido est\u00e1 sujeto a las condiciones del presente Aviso Legal que se especifican a continuaci\u00f3n.<br \/>\n1. 1. OBJETO Y \u00c1MBITO DE APLICACI\u00d3N DE LAS CONDICIONES DE USO DEL SITIO WEB Este Sitio Web ha sido dise\u00f1ado para informar a quienes naveguen por el mismo (en adelante, los \u00abUsuarios\u00bb) sobre los servicios ofrecidos por DAV\u00d3 ABOGADOS.<br \/>\nAsimismo, a trav\u00e9s del formulario de contacto y del chat, el Usuario podr\u00e1 ponerse en contacto con el Prestador para solicitar informaci\u00f3n adicional no publicada en el Sitio Web, realizar consultas, o realizar cualquier otra petici\u00f3n.<br \/>\nLas presentes Condiciones tienen por objeto regular el acceso del Usuario a trav\u00e9s del Sitio Web a los contenidos propiedad del Prestador.<br \/>\n2. ACEPTACI\u00d3N El uso de este Sitio Web implica la aceptaci\u00f3n plena de todas las condiciones establecidas en el presente Aviso Legal, incluidas las Condiciones de Uso del Sitio Web.<br \/>\nPor tanto, t\u00fa como Usuario debes leer y conocer el contenido del presente Aviso Legal, en la versi\u00f3n publicada por el Prestador en el momento en que accedas al Sitio.<br \/>\nAlgunos servicios de este Sitio, por sus caracter\u00edsticas particulares, pueden estar sujetos a sus condiciones espec\u00edficas, que tambi\u00e9n deben ser aceptadas.<br \/>\nEl Proveedor puede modificar estas Condiciones siempre que exista causa o motivo suficiente, por lo que deben ser le\u00eddas con frecuencia.<br \/>\nEn caso contrario, abstente de utilizar el Sitio Web.<br \/>\n3. CONDICIONES DE USO DEL SITIO WEB El acceso y uso del Sitio Web del Prestador, as\u00ed como de los elementos contenidos en el mismo, es libre y gratuito.<br \/>\nToda la informaci\u00f3n que el Usuario facilite a trav\u00e9s del Sitio Web lo hace bajo su libre decisi\u00f3n.<br \/>\nEl mero acceso al Sitio Web no supone entablar ning\u00fan tipo de relaci\u00f3n de car\u00e1cter comercial entre el Prestador y el Usuario, salvo que se hayan establecido los medios adecuados para ello y el Usuario haya cumplido los requisitos que se establezcan.<br \/>\nEl Usuario se compromete a utilizar los servicios y contenidos del Sitio de forma adecuada y de conformidad con la Ley y las presentes Condiciones.<br \/>\nEl Usuario responder\u00e1 de los da\u00f1os y perjuicios que pudieran causarse como consecuencia del incumplimiento de sus obligaciones.<br \/>\nCon car\u00e1cter general y a modo de ejemplo, el Usuario se compromete a: No utilizar ninguno de los servicios y contenidos facilitados por el Prestador con fines il\u00edcitos o distintos de aquellos para los que han sido facilitados.<br \/>\nAbstenerse de introducir o difundir contenidos o realizar actos que atenten contra los derechos humanos, los derechos fundamentales y las libertades p\u00fablicas reconocidos constitucionalmente.<br \/>\nNo reproducir, copiar, distribuir, poner a disposici\u00f3n, comunicar p\u00fablicamente, transformar o modificar los Contenidos del Sitio, salvo en los casos autorizados en la ley o expresamente consentidos por el Prestador.                  Abstenerse de difundir, transmitir o poner a disposici\u00f3n de terceros cualquier tipo de informaci\u00f3n, contenido que suponga una violaci\u00f3n de los derechos de propiedad intelectual e industrial pertenecientes al Prestador o a terceros.<br \/>\nNo realizar ninguna actividad que pueda da\u00f1ar, sobrecargar, deteriorar o impedir el normal funcionamiento del Sitio Web.<br \/>\nAbstenerse de realizar cualquier actividad que pueda causar da\u00f1os al Prestador o a terceros.<br \/>\nSi el Usuario causara da\u00f1os a terceros por el uso del Sitio Web, o de cualquier contenido facilitado a trav\u00e9s del mismo, exime expresamente al Prestador de cualquier responsabilidad que se le pudiera atribuir.<br \/>\nEl Usuario asumir\u00e1 la responsabilidad exclusiva que pudiera derivarse.<br \/>\nPara el efectivo cumplimiento de las presentes Condiciones, el Prestador podr\u00e1:<br \/>\na. Supervisar el Sitio Web, respetando el secreto de las comunicaciones y la intimidad del Usuario.<br \/>\nb. Interrumpir temporalmente el servicio sin previo aviso por razones tecnol\u00f3gicas o legales que ser\u00e1n debidamente justificadas.<br \/>\nc. Modificar las Condiciones de Uso cuando exista causa o motivo suficiente, y as\u00ed lo aconsejen razones tecnol\u00f3gicas o legales.<br \/>\nd. Modificar la informaci\u00f3n y contenidos del Sitio sin previo aviso, cuando lo considere conveniente por razones de negocio.<br \/>\ne. Prohibir el acceso a los contenidos y\/o al Sitio, sin previo aviso, a instancia propia o de un tercero, a cualquier Usuario que contravenga lo dispuesto en las presentes Condiciones de Uso y\/o en las condiciones particulares que resulten de aplicaci\u00f3n.<br \/>\n4. DERECHOS DE PROPIEDAD INTELECTUAL E INDUSTRIAL El Prestador es titular o dispone de las licencias correspondientes sobre los derechos de Propiedad Intelectual e Industrial de este sitio web y de todos los elementos que lo integran: dise\u00f1o, p\u00e1ginas, pantallas, informaci\u00f3n y gr\u00e1ficos, marca, nombre comercial, signos distintivos, logos, combinaciones de colores, selecci\u00f3n y forma de presentaci\u00f3n, c\u00f3digo fuente, men\u00fas, botones de navegaci\u00f3n, c\u00f3digo HTML, textos, im\u00e1genes, etc.<br \/>\nEl Proveedor no concede ninguna licencia ni realiza ninguna cesi\u00f3n de sus derechos de propiedad intelectual e industrial, ni de ning\u00fan otro derecho relacionado con el Sitio Web.<br \/>\nCualquier acto de explotaci\u00f3n, distribuci\u00f3n, reproducci\u00f3n, transformaci\u00f3n, adaptaci\u00f3n, traducci\u00f3n, cesi\u00f3n, modificaci\u00f3n, comunicaci\u00f3n p\u00fablica o cualquier otra forma de explotaci\u00f3n o difusi\u00f3n, de todo o parte del contenido del Sitio Web, realizado por cualquier medio o en cualquier forma, queda expresamente prohibido salvo autorizaci\u00f3n previa y por escrito del Prestador, y cualquier infracci\u00f3n de estos derechos podr\u00e1 dar lugar a los procedimientos extrajudiciales o judiciales que correspondan.<br \/>\nSi cualquier Usuario o un tercero considera que alg\u00fan contenido del Sitio Web vulnera sus derechos de propiedad intelectual o industrial, deber\u00e1 enviar una comunicaci\u00f3n a office@davolawoffices.com.<br \/>\n5. EXCLUSI\u00d3N DE RESPONSABILIDAD El Prestador no garantiza ni se hace responsable, en ning\u00fan caso ni circunstancia, de los siguientes hechos, ni de cualesquiera da\u00f1os y perjuicios que pudieran derivarse de los mismos: 1.- El Prestador no ser\u00e1 responsable de los da\u00f1os que pudieran sufrir los Usuarios o terceros por el uso indebido, il\u00edcito, ileg\u00edtimo, il\u00edcito, negligente, fraudulento, suplantaci\u00f3n de la personalidad de un tercero, o contrario al contenido del presente Aviso Legal, a la buena fe, a los usos generalmente aceptados o al orden p\u00fablico, del presente Sitio Web, de la informaci\u00f3n y\/o contenidos ofrecidos en el mismo.<br \/>\n2.- El Prestador no garantiza la fiabilidad, utilidad, veracidad, exactitud, adecuaci\u00f3n, idoneidad, exhaustividad, pertinencia y actualidad de los contenidos e informaci\u00f3n publicada en el Sitio Web.                 3.- El Prestador no se responsabiliza de las decisiones tomadas a partir de la informaci\u00f3n suministrada en el Sitio Web ni de los da\u00f1os y perjuicios producidos en el Usuario o terceros con motivo de actuaciones que tengan como \u00fanico fundamento la informaci\u00f3n obtenida en el Sitio Web.<br \/>\n4.- En ning\u00fan caso el Proveedor ser\u00e1 responsable por las p\u00e9rdidas, da\u00f1os o perjuicios de cualquier tipo que surjan por acceder y usar el Sitio Web, incluy\u00e9ndose pero no limit\u00e1ndose, a los ocasionados a los sistemas inform\u00e1ticos o documentos.<br \/>\n5.- El Prestador no est\u00e1 obligado a realizar un an\u00e1lisis para asegurar la ausencia de virus en el Sitio Web y no se responsabiliza de la posible transmisi\u00f3n y\/o existencia de virus u otros elementos o programas que puedan causar da\u00f1os en los equipos de los Usuarios o de terceros, documentos electr\u00f3nicos o ficheros.<br \/>\n6.- El Prestador no garantiza la disponibilidad y continuidad del funcionamiento del Sitio y no se hace responsable de las ca\u00eddas, interrupciones, ausencia o defecto en las telecomunicaciones.<br \/>\n7.- El Prestador queda eximido de cualquier responsabilidad por infracciones o violaciones por parte de los Usuarios de las leyes, usos o costumbres en cualquier materia, incluyendo propiedad intelectual, propiedad industrial, secretos empresariales, derechos a la intimidad, honor, imagen, propiedad, publicidad o competencia, entre otros, de terceros.<br \/>\n8.- El Prestador queda exonerado de toda responsabilidad por los da\u00f1os y perjuicios que puedan causarse como consecuencia del uso de la informaci\u00f3n, contenidos o servicios de terceros a los que se acceda a trav\u00e9s del Sitio Web.<br \/>\n9.- El Prestador no garantiza la respuesta inmediata a las consultas y solicitudes realizadas por el Usuario a trav\u00e9s del formulario de contacto o del chat.<br \/>\nSer\u00e1n gestionadas en horario comercial de 9 a 18:30 horas, y en funci\u00f3n de la disponibilidad del Equipo del Prestador.<br \/>\nCualquier retraso en la respuesta o indisponibilidad del Equipo en un momento determinado no generar\u00e1 responsabilidad alguna para el Proveedor.<br \/>\n10.- El Proveedor no es responsable de la exactitud de la informaci\u00f3n proporcionada por el Equipo tras una solicitud de informaci\u00f3n a trav\u00e9s del formulario de contacto o del chat.<br \/>\nEsta informaci\u00f3n es preliminar, sesgada por la informaci\u00f3n previa facilitada por el Usuario, y podr\u00e1 ser modificada una vez analizada en profundidad toda la documentaci\u00f3n e informaci\u00f3n del caso concreto.<br \/>\n11.- El Prestador no se hace responsable de los enlaces que terceras personas hayan establecido al Sitio Web sin el consentimiento previo del Prestador.<br \/>\n12.- La enumeraci\u00f3n anterior es meramente orientativa y no es exclusiva ni excluyente en ninguno de sus puntos.<br \/>\n6. PROTECCI\u00d3N DE DATOS El Proveedor desea garantizar tu privacidad cuando utilizas nuestros servicios.<br \/>\nPuedes encontrar toda la informaci\u00f3n sobre c\u00f3mo procesamos los datos del Usuario accediendo a nuestra Pol\u00edtica de Privacidad.<br \/>\n7. USO DE COOKIES En algunas ocasiones, el Sitio Web puede utilizar ficheros de datos denominados \u00abCookies\u00bb que se generan en el dispositivo del Usuario y que permiten registrar determinada informaci\u00f3n sobre la actividad del Usuario durante su navegaci\u00f3n por el Sitio Web.<br \/>\nPulsa en el siguiente enlace para consultar la Pol\u00edtica de Cookies y c\u00f3mo desactivarlas.<br \/>\n8. LEY APLICABLE Y JURISDICCI\u00d3N Las presentes condiciones se rigen por la normativa espa\u00f1ola aplicable.<br \/>\nPara la resoluci\u00f3n de las controversias que pudieran derivarse de lo dispuesto en las presentes condiciones, y con renuncia expresa a cualquier otro fuero que pudiera corresponderle, el Usuario acuerda someterse a la Jurisdicci\u00f3n de los Juzgados y Tribunales de M\u00e1laga.                   9. NULIDAD E INEFICACIA DE LAS CL\u00c1USULAS Si cualquier cl\u00e1usula incluida en estas Condiciones fuese declarada total o parcialmente nula o ineficaz, tal nulidad afectar\u00e1 tan s\u00f3lo a dicha disposici\u00f3n o a la parte de la misma que resulte nula o ineficaz, subsistiendo las Condiciones en todo lo dem\u00e1s.<br \/>\n10. CONTACTO Para cualquier sugerencia o duda sobre este aviso legal, ponte en contacto con DAVO ABOGADOS enviando un correo electr\u00f3nico a la siguiente direcci\u00f3n: office@davolawoffices.com. <\/p>\n<\/div><\/div><\/div><\/div><\/div><\/div><\/div><\/section>\n","protected":false},"excerpt":{"rendered":"[vc_custom_heading text=\"Aviso legal\" font_container=\"tag:h1|text_align:left\" use_theme_fonts=\"yes\"]Informaci\u00f3n General En cumplimiento de lo dispuesto en la Ley 34\/2002 de Servicios de la Sociedad de la Informaci\u00f3n y de Comercio Electr\u00f3nico de 11 de julio de 2002 (en adelante, \u00abLSSICE\u00bb), se hace constar que el sitio web identificado con la direcci\u00f3n www.davolawoffices.com (en adelante, el \u00abSitio Web\u00bb), est\u00e1 gestionado...","protected":false},"author":1,"featured_media":0,"parent":0,"menu_order":0,"comment_status":"closed","ping_status":"open","template":"","meta":{"_acf_changed":false,"inline_featured_image":false,"footnotes":""},"class_list":["post-1063","page","type-page","status-publish","hentry"],"acf":[],"yoast_head":"<!-- This site is optimized with the Yoast SEO plugin v25.6 - https:\/\/yoast.com\/wordpress\/plugins\/seo\/ -->\n<title>Aviso legal - Dav\u00f3 Law Offices<\/title>\n<meta name=\"robots\" content=\"noindex, follow\" \/>\n<meta property=\"og:locale\" content=\"es_ES\" \/>\n<meta property=\"og:type\" content=\"article\" \/>\n<meta property=\"og:title\" content=\"Aviso legal - Dav\u00f3 Law Offices\" \/>\n<meta property=\"og:url\" content=\"https:\/\/davolawoffices.com\/es\/aviso-legal\/\" \/>\n<meta property=\"og:site_name\" content=\"Dav\u00f3 Law Offices\" \/>\n<meta property=\"article:modified_time\" content=\"2024-08-14T10:42:25+00:00\" \/>\n<meta name=\"twitter:card\" content=\"summary_large_image\" \/>\n<meta name=\"twitter:label1\" content=\"Tiempo de lectura\" \/>\n\t<meta name=\"twitter:data1\" content=\"10 minutos\" \/>\n<script type=\"application\/ld+json\" class=\"yoast-schema-graph\">{\"@context\":\"https:\/\/schema.org\",\"@graph\":[{\"@type\":\"WebPage\",\"@id\":\"https:\/\/davolawoffices.com\/es\/aviso-legal\/\",\"url\":\"https:\/\/davolawoffices.com\/es\/aviso-legal\/\",\"name\":\"Aviso legal - Dav\u00f3 Law Offices\",\"isPartOf\":{\"@id\":\"https:\/\/davolawoffices.com\/es\/#website\"},\"datePublished\":\"2022-09-30T11:44:00+00:00\",\"dateModified\":\"2024-08-14T10:42:25+00:00\",\"breadcrumb\":{\"@id\":\"https:\/\/davolawoffices.com\/es\/aviso-legal\/#breadcrumb\"},\"inLanguage\":\"es\",\"potentialAction\":[{\"@type\":\"ReadAction\",\"target\":[\"https:\/\/davolawoffices.com\/es\/aviso-legal\/\"]}]},{\"@type\":\"BreadcrumbList\",\"@id\":\"https:\/\/davolawoffices.com\/es\/aviso-legal\/#breadcrumb\",\"itemListElement\":[{\"@type\":\"ListItem\",\"position\":1,\"name\":\"Portada\",\"item\":\"https:\/\/davolawoffices.com\/es\/\"},{\"@type\":\"ListItem\",\"position\":2,\"name\":\"Aviso legal\"}]},{\"@type\":\"WebSite\",\"@id\":\"https:\/\/davolawoffices.com\/es\/#website\",\"url\":\"https:\/\/davolawoffices.com\/es\/\",\"name\":\"Dav\u00f3 Law Offices\",\"description\":\"\",\"publisher\":{\"@id\":\"https:\/\/davolawoffices.com\/es\/#organization\"},\"potentialAction\":[{\"@type\":\"SearchAction\",\"target\":{\"@type\":\"EntryPoint\",\"urlTemplate\":\"https:\/\/davolawoffices.com\/es\/?s={search_term_string}\"},\"query-input\":{\"@type\":\"PropertyValueSpecification\",\"valueRequired\":true,\"valueName\":\"search_term_string\"}}],\"inLanguage\":\"es\"},{\"@type\":\"Organization\",\"@id\":\"https:\/\/davolawoffices.com\/es\/#organization\",\"name\":\"Dav\u00f3 Law Offices\",\"url\":\"https:\/\/davolawoffices.com\/es\/\",\"logo\":{\"@type\":\"ImageObject\",\"inLanguage\":\"es\",\"@id\":\"https:\/\/davolawoffices.com\/es\/#\/schema\/logo\/image\/\",\"url\":\"https:\/\/davolawoffices.com\/wp-content\/uploads\/2026\/02\/Davo-Law-Office.webp\",\"contentUrl\":\"https:\/\/davolawoffices.com\/wp-content\/uploads\/2026\/02\/Davo-Law-Office.webp\",\"width\":238,\"height\":102,\"caption\":\"Dav\u00f3 Law Offices\"},\"image\":{\"@id\":\"https:\/\/davolawoffices.com\/es\/#\/schema\/logo\/image\/\"}}]}<\/script>\n<!-- \/ Yoast SEO plugin. -->","yoast_head_json":{"title":"Aviso legal - Dav\u00f3 Law Offices","robots":{"index":"noindex","follow":"follow"},"og_locale":"es_ES","og_type":"article","og_title":"Aviso legal - Dav\u00f3 Law Offices","og_url":"https:\/\/davolawoffices.com\/es\/aviso-legal\/","og_site_name":"Dav\u00f3 Law Offices","article_modified_time":"2024-08-14T10:42:25+00:00","twitter_card":"summary_large_image","twitter_misc":{"Tiempo de lectura":"10 minutos"},"schema":{"@context":"https:\/\/schema.org","@graph":[{"@type":"WebPage","@id":"https:\/\/davolawoffices.com\/es\/aviso-legal\/","url":"https:\/\/davolawoffices.com\/es\/aviso-legal\/","name":"Aviso legal - Dav\u00f3 Law Offices","isPartOf":{"@id":"https:\/\/davolawoffices.com\/es\/#website"},"datePublished":"2022-09-30T11:44:00+00:00","dateModified":"2024-08-14T10:42:25+00:00","breadcrumb":{"@id":"https:\/\/davolawoffices.com\/es\/aviso-legal\/#breadcrumb"},"inLanguage":"es","potentialAction":[{"@type":"ReadAction","target":["https:\/\/davolawoffices.com\/es\/aviso-legal\/"]}]},{"@type":"BreadcrumbList","@id":"https:\/\/davolawoffices.com\/es\/aviso-legal\/#breadcrumb","itemListElement":[{"@type":"ListItem","position":1,"name":"Portada","item":"https:\/\/davolawoffices.com\/es\/"},{"@type":"ListItem","position":2,"name":"Aviso legal"}]},{"@type":"WebSite","@id":"https:\/\/davolawoffices.com\/es\/#website","url":"https:\/\/davolawoffices.com\/es\/","name":"Dav\u00f3 Law Offices","description":"","publisher":{"@id":"https:\/\/davolawoffices.com\/es\/#organization"},"potentialAction":[{"@type":"SearchAction","target":{"@type":"EntryPoint","urlTemplate":"https:\/\/davolawoffices.com\/es\/?s={search_term_string}"},"query-input":{"@type":"PropertyValueSpecification","valueRequired":true,"valueName":"search_term_string"}}],"inLanguage":"es"},{"@type":"Organization","@id":"https:\/\/davolawoffices.com\/es\/#organization","name":"Dav\u00f3 Law Offices","url":"https:\/\/davolawoffices.com\/es\/","logo":{"@type":"ImageObject","inLanguage":"es","@id":"https:\/\/davolawoffices.com\/es\/#\/schema\/logo\/image\/","url":"https:\/\/davolawoffices.com\/wp-content\/uploads\/2026\/02\/Davo-Law-Office.webp","contentUrl":"https:\/\/davolawoffices.com\/wp-content\/uploads\/2026\/02\/Davo-Law-Office.webp","width":238,"height":102,"caption":"Dav\u00f3 Law Offices"},"image":{"@id":"https:\/\/davolawoffices.com\/es\/#\/schema\/logo\/image\/"}}]}},"_links":{"self":[{"href":"https:\/\/davolawoffices.com\/es\/wp-json\/wp\/v2\/pages\/1063","targetHints":{"allow":["GET"]}}],"collection":[{"href":"https:\/\/davolawoffices.com\/es\/wp-json\/wp\/v2\/pages"}],"about":[{"href":"https:\/\/davolawoffices.com\/es\/wp-json\/wp\/v2\/types\/page"}],"author":[{"embeddable":true,"href":"https:\/\/davolawoffices.com\/es\/wp-json\/wp\/v2\/users\/1"}],"replies":[{"embeddable":true,"href":"https:\/\/davolawoffices.com\/es\/wp-json\/wp\/v2\/comments?post=1063"}],"version-history":[{"count":6,"href":"https:\/\/davolawoffices.com\/es\/wp-json\/wp\/v2\/pages\/1063\/revisions"}],"predecessor-version":[{"id":1456,"href":"https:\/\/davolawoffices.com\/es\/wp-json\/wp\/v2\/pages\/1063\/revisions\/1456"}],"wp:attachment":[{"href":"https:\/\/davolawoffices.com\/es\/wp-json\/wp\/v2\/media?parent=1063"}],"curies":[{"name":"wp","href":"https:\/\/api.w.org\/{rel}","templated":true}]}}